{"id":68484,"date":"2025-03-20T12:57:15","date_gmt":"2025-03-20T12:57:15","guid":{"rendered":"https:\/\/mimsafe.com\/fi\/?post_type=product&#038;p=68484"},"modified":"2026-02-16T13:28:30","modified_gmt":"2026-02-16T13:28:30","slug":"variocage-divider-xl-xxl","status":"publish","type":"product","link":"https:\/\/mimsafe.com\/fi\/product\/variocage-divider-xl-xxl\/","title":{"rendered":"VarioCage DIVIDER XL,XXL"},"content":{"rendered":"<p><strong>Sis\u00e4lt\u00e4\u00e4:<\/strong><\/p>\n<p>Etutilan jakaja<br data-start=\"15\" data-end=\"18\" \/>Takakopin jakaja<br \/>\n1x Allen key 4<br \/>\n9x M-460641D<br \/>\n4x M-B251,56,5SLD<br \/>\n9x M-SM6x14IA<br \/>\n4x M-BR6x19x1S<\/p>\n","protected":false},"excerpt":{"rendered":"<h4>VarioCage DIVIDER XL,XXL<br \/>\nVarioCage-varuosat.<br \/>\nTuotenumero 59027<\/h4>\n<p><strong>Passar till:<\/strong><br \/>\nVarioCage double XL (Tuotenumero 00364) ja XXL (Tuotenumero 00365)<\/p>\n","protected":false},"featured_media":68478,"template":"","meta":{"_acf_changed":false},"reservdelskompatibilitet":[85,53,54,79],"product_brand":[],"product_cat":[19],"product_tag":[],"class_list":{"0":"post-68484","1":"product","2":"type-product","3":"status-publish","4":"has-post-thumbnail","6":"reservdelskompatibilitet-variocage","7":"reservdelskompatibilitet-00364-xl","8":"reservdelskompatibilitet-00365-xxl","9":"reservdelskompatibilitet-vc-double","10":"product_cat-reservdelar","11":"product_shipping_class-avdelare_vc_double_reservdel","13":"first","14":"instock","15":"taxable","16":"shipping-taxable","17":"purchasable","18":"product-type-simple"},"acf":[],"_links":{"self":[{"href":"https:\/\/mimsafe.com\/fi\/wp-json\/wp\/v2\/product\/68484","targetHints":{"allow":["GET"]}}],"collection":[{"href":"https:\/\/mimsafe.com\/fi\/wp-json\/wp\/v2\/product"}],"about":[{"href":"https:\/\/mimsafe.com\/fi\/wp-json\/wp\/v2\/types\/product"}],"wp:featuredmedia":[{"embeddable":true,"href":"https:\/\/mimsafe.com\/fi\/wp-json\/wp\/v2\/media\/68478"}],"wp:attachment":[{"href":"https:\/\/mimsafe.com\/fi\/wp-json\/wp\/v2\/media?parent=68484"}],"wp:term":[{"taxonomy":"reservdelskompatibilitet","embeddable":true,"href":"https:\/\/mimsafe.com\/fi\/wp-json\/wp\/v2\/reservdelskompatibilitet?post=68484"},{"taxonomy":"product_brand","embeddable":true,"href":"https:\/\/mimsafe.com\/fi\/wp-json\/wp\/v2\/product_brand?post=68484"},{"taxonomy":"product_cat","embeddable":true,"href":"https:\/\/mimsafe.com\/fi\/wp-json\/wp\/v2\/product_cat?post=68484"},{"taxonomy":"product_tag","embeddable":true,"href":"https:\/\/mimsafe.com\/fi\/wp-json\/wp\/v2\/product_tag?post=68484"}],"curies":[{"name":"wp","href":"https:\/\/api.w.org\/{rel}","templated":true}]}}