{"id":68483,"date":"2025-03-20T12:54:21","date_gmt":"2025-03-20T12:54:21","guid":{"rendered":"https:\/\/mimsafe.com\/fi\/?post_type=product&#038;p=68483"},"modified":"2026-02-16T13:28:45","modified_gmt":"2026-02-16T13:28:45","slug":"variocage-divider-l-plus","status":"publish","type":"product","link":"https:\/\/mimsafe.com\/fi\/product\/variocage-divider-l-plus\/","title":{"rendered":"VarioCage DIVIDER L+"},"content":{"rendered":"<p><strong>Sis\u00e4lt\u00e4\u00e4:<\/strong><\/p>\n<p>Etutilan jakaja<br data-start=\"15\" data-end=\"18\" \/>Takakopin jakaja<br \/>\n1x Allen key 4<br \/>\n9x M-460641D<br \/>\n4x M-B251,56,5SLD<br \/>\n9x M-SM6x14IA<br \/>\n4x M-BR6x19x1S<\/p>\n","protected":false},"excerpt":{"rendered":"<h4>VarioCage DIVIDER L+<br \/>\nVarioCage-varuosat.<br \/>\nTuotenumero 59026<\/h4>\n<p><strong>Sopii seuraaviin:<\/strong><br \/>\nVarioCage double large+ (Tuotenumero 00362)<\/p>\n","protected":false},"featured_media":68478,"template":"","meta":{"_acf_changed":false},"reservdelskompatibilitet":[85,51,79],"product_brand":[],"product_cat":[19],"product_tag":[],"class_list":{"0":"post-68483","1":"product","2":"type-product","3":"status-publish","4":"has-post-thumbnail","6":"reservdelskompatibilitet-variocage","7":"reservdelskompatibilitet-00362-l","8":"reservdelskompatibilitet-vc-double","9":"product_cat-reservdelar","10":"product_shipping_class-avdelare_vc_double_reservdel","12":"first","13":"instock","14":"taxable","15":"shipping-taxable","16":"purchasable","17":"product-type-simple"},"acf":[],"_links":{"self":[{"href":"https:\/\/mimsafe.com\/fi\/wp-json\/wp\/v2\/product\/68483","targetHints":{"allow":["GET"]}}],"collection":[{"href":"https:\/\/mimsafe.com\/fi\/wp-json\/wp\/v2\/product"}],"about":[{"href":"https:\/\/mimsafe.com\/fi\/wp-json\/wp\/v2\/types\/product"}],"wp:featuredmedia":[{"embeddable":true,"href":"https:\/\/mimsafe.com\/fi\/wp-json\/wp\/v2\/media\/68478"}],"wp:attachment":[{"href":"https:\/\/mimsafe.com\/fi\/wp-json\/wp\/v2\/media?parent=68483"}],"wp:term":[{"taxonomy":"reservdelskompatibilitet","embeddable":true,"href":"https:\/\/mimsafe.com\/fi\/wp-json\/wp\/v2\/reservdelskompatibilitet?post=68483"},{"taxonomy":"product_brand","embeddable":true,"href":"https:\/\/mimsafe.com\/fi\/wp-json\/wp\/v2\/product_brand?post=68483"},{"taxonomy":"product_cat","embeddable":true,"href":"https:\/\/mimsafe.com\/fi\/wp-json\/wp\/v2\/product_cat?post=68483"},{"taxonomy":"product_tag","embeddable":true,"href":"https:\/\/mimsafe.com\/fi\/wp-json\/wp\/v2\/product_tag?post=68483"}],"curies":[{"name":"wp","href":"https:\/\/api.w.org\/{rel}","templated":true}]}}