{"id":68482,"date":"2025-03-20T12:45:13","date_gmt":"2025-03-20T12:45:13","guid":{"rendered":"https:\/\/mimsafe.com\/fi\/?post_type=product&#038;p=68482"},"modified":"2026-02-16T13:28:55","modified_gmt":"2026-02-16T13:28:55","slug":"variocage-divider-m-l","status":"publish","type":"product","link":"https:\/\/mimsafe.com\/fi\/product\/variocage-divider-m-l\/","title":{"rendered":"VarioCage DIVIDER M,L"},"content":{"rendered":"<p><strong>Sis\u00e4lt\u00e4\u00e4:<\/strong><\/p>\n<p>Etutilan jakaja<br \/>\nTakakopin jakaja<br \/>\n1x Allen key 4<br \/>\n9x M-460641D<br \/>\n4x M-B251,56,5SLD<br \/>\n9x M-SM6x14IA<br \/>\n4x M-BR6x19x1S<\/p>\n","protected":false},"excerpt":{"rendered":"<h4>VarioCage DIVIDER M,L<br \/>\nVarioCage-varuosat.<br \/>\nTuotenumero 59025<\/h4>\n<p><strong>Sopii seuraaviin:<\/strong><br \/>\nVarioCage double medium (Tuotenumero 00383) ja large (Tuotenumero 00361)<\/p>\n","protected":false},"featured_media":68478,"template":"","meta":{"_acf_changed":false},"reservdelskompatibilitet":[85,50,66,79],"product_brand":[],"product_cat":[19],"product_tag":[],"class_list":{"0":"post-68482","1":"product","2":"type-product","3":"status-publish","4":"has-post-thumbnail","6":"reservdelskompatibilitet-variocage","7":"reservdelskompatibilitet-00361-l","8":"reservdelskompatibilitet-00383-m","9":"reservdelskompatibilitet-vc-double","10":"product_cat-reservdelar","11":"product_shipping_class-avdelare_vc_double_reservdel","13":"first","14":"instock","15":"taxable","16":"shipping-taxable","17":"purchasable","18":"product-type-simple"},"acf":[],"_links":{"self":[{"href":"https:\/\/mimsafe.com\/fi\/wp-json\/wp\/v2\/product\/68482","targetHints":{"allow":["GET"]}}],"collection":[{"href":"https:\/\/mimsafe.com\/fi\/wp-json\/wp\/v2\/product"}],"about":[{"href":"https:\/\/mimsafe.com\/fi\/wp-json\/wp\/v2\/types\/product"}],"wp:featuredmedia":[{"embeddable":true,"href":"https:\/\/mimsafe.com\/fi\/wp-json\/wp\/v2\/media\/68478"}],"wp:attachment":[{"href":"https:\/\/mimsafe.com\/fi\/wp-json\/wp\/v2\/media?parent=68482"}],"wp:term":[{"taxonomy":"reservdelskompatibilitet","embeddable":true,"href":"https:\/\/mimsafe.com\/fi\/wp-json\/wp\/v2\/reservdelskompatibilitet?post=68482"},{"taxonomy":"product_brand","embeddable":true,"href":"https:\/\/mimsafe.com\/fi\/wp-json\/wp\/v2\/product_brand?post=68482"},{"taxonomy":"product_cat","embeddable":true,"href":"https:\/\/mimsafe.com\/fi\/wp-json\/wp\/v2\/product_cat?post=68482"},{"taxonomy":"product_tag","embeddable":true,"href":"https:\/\/mimsafe.com\/fi\/wp-json\/wp\/v2\/product_tag?post=68482"}],"curies":[{"name":"wp","href":"https:\/\/api.w.org\/{rel}","templated":true}]}}