{"id":66169,"date":"2024-07-15T11:40:57","date_gmt":"2024-07-15T09:40:57","guid":{"rendered":"https:\/\/staging.mimsafe.com\/?post_type=product&#038;p=66169"},"modified":"2026-03-05T08:00:51","modified_gmt":"2026-03-05T08:00:51","slug":"cover","status":"publish","type":"product","link":"https:\/\/mimsafe.com\/fi\/product\/cover\/","title":{"rendered":"Cover"},"content":{"rendered":"","protected":false},"excerpt":{"rendered":"<h4>Puskurisuoja<br \/>\nTuotenumero 58001<\/h4>\n<p>Leveys: 80 cm<br \/>\nPituus: 85 cm<\/p>\n<p>Suojaa puskurisi lialta, vedelt\u00e4 ja ter\u00e4vilt\u00e4 esineilt\u00e4.<br \/>\nValmistettu kest\u00e4v\u00e4st\u00e4 nailonista.<br \/>\nSopii useimpiin autoihin.<br \/>\nHelppo asentaa.<br \/>\n[visa_produkter_med_flera_sku skus=\"58001,58002\"]<\/p>\n","protected":false},"featured_media":66181,"template":"","meta":{"_acf_changed":false},"reservdelskompatibilitet":[],"product_brand":[],"product_cat":[45,42,123],"product_tag":[],"class_list":{"0":"post-66169","1":"product","2":"type-product","3":"status-publish","4":"has-post-thumbnail","6":"product_cat-praktiska-tillbehor","7":"product_cat-tillbehor","8":"product_cat-universal","9":"product_shipping_class-accessories","11":"first","12":"outofstock","13":"featured","14":"taxable","15":"shipping-taxable","16":"purchasable","17":"product-type-simple"},"acf":[],"_links":{"self":[{"href":"https:\/\/mimsafe.com\/fi\/wp-json\/wp\/v2\/product\/66169","targetHints":{"allow":["GET"]}}],"collection":[{"href":"https:\/\/mimsafe.com\/fi\/wp-json\/wp\/v2\/product"}],"about":[{"href":"https:\/\/mimsafe.com\/fi\/wp-json\/wp\/v2\/types\/product"}],"wp:featuredmedia":[{"embeddable":true,"href":"https:\/\/mimsafe.com\/fi\/wp-json\/wp\/v2\/media\/66181"}],"wp:attachment":[{"href":"https:\/\/mimsafe.com\/fi\/wp-json\/wp\/v2\/media?parent=66169"}],"wp:term":[{"taxonomy":"reservdelskompatibilitet","embeddable":true,"href":"https:\/\/mimsafe.com\/fi\/wp-json\/wp\/v2\/reservdelskompatibilitet?post=66169"},{"taxonomy":"product_brand","embeddable":true,"href":"https:\/\/mimsafe.com\/fi\/wp-json\/wp\/v2\/product_brand?post=66169"},{"taxonomy":"product_cat","embeddable":true,"href":"https:\/\/mimsafe.com\/fi\/wp-json\/wp\/v2\/product_cat?post=66169"},{"taxonomy":"product_tag","embeddable":true,"href":"https:\/\/mimsafe.com\/fi\/wp-json\/wp\/v2\/product_tag?post=66169"}],"curies":[{"name":"wp","href":"https:\/\/api.w.org\/{rel}","templated":true}]}}