{"id":66168,"date":"2024-07-15T11:35:44","date_gmt":"2024-07-15T09:35:44","guid":{"rendered":"https:\/\/staging.mimsafe.com\/?post_type=product&#038;p=66168"},"modified":"2026-01-20T14:04:08","modified_gmt":"2026-01-20T14:04:08","slug":"allsafe-harness-tether","status":"publish","type":"product","link":"https:\/\/mimsafe.com\/fi\/product\/allsafe-harness-tether\/","title":{"rendered":"AllSafe Harness Tether"},"content":{"rendered":"<p>Koiran valjaamme on T\u00dcV-hyv\u00e4ksytty ja tarjoaa koirallesi monia etuja. Se on markkinoiden turvallisimpia valjaita ja asennetaan helposti auton turvavy\u00f6n avulla.<\/p>\n<p>T\u00f6rm\u00e4ystestattu ISO 27955:2010 -standardin mukaisesti.<br \/>\nToimii kaikissa autoissa.<br \/>\nSallii koiran istua ja maata mukavasti.<br \/>\nS\u00e4\u00e4dett\u00e4v\u00e4t hihnat.<br \/>\nValmistettu pehme\u00e4st\u00e4 pehmusteesta ja kest\u00e4v\u00e4st\u00e4 nailonista.<br \/>\nErinomainen istuvuus ja minimaalinen hankaumisriski.<br \/>\nRuostumattomat metallisoljet.<br \/>\nOmpeleet heijastinnauhoilla.<br \/>\nVoidaan pest\u00e4.<\/p>\n","protected":false},"excerpt":{"rendered":"<p><strong>AllSafe Harness Tether<br \/>\nTuotenumero 00198<\/strong><\/p>\n<p>Lis\u00e4talja, turvavy\u00f6n kiinnityskappale, joka sopii kaikkiin AllSafe Harness -valjaisiin.<br data-start=\"87\" data-end=\"90\" \/>T\u00e4m\u00e4 on lis\u00e4varuste, jos esimerkiksi halutaan helposti siirt\u00e4\u00e4 koira kahden auton v\u00e4lill\u00e4.<br \/>\n[visa_produkter_med_flera_sku skus=\"00098,00099,00100,00101,00198\"]<\/p>\n","protected":false},"featured_media":66183,"template":"","meta":{"_acf_changed":false},"reservdelskompatibilitet":[],"product_brand":[],"product_cat":[44,42,123],"product_tag":[],"class_list":{"0":"post-66168","1":"product","2":"type-product","3":"status-publish","4":"has-post-thumbnail","6":"product_cat-fardsakerhet-tillbehor","7":"product_cat-tillbehor","8":"product_cat-universal","9":"product_shipping_class-accessories","11":"first","12":"instock","13":"taxable","14":"shipping-taxable","15":"purchasable","16":"product-type-simple"},"acf":[],"_links":{"self":[{"href":"https:\/\/mimsafe.com\/fi\/wp-json\/wp\/v2\/product\/66168","targetHints":{"allow":["GET"]}}],"collection":[{"href":"https:\/\/mimsafe.com\/fi\/wp-json\/wp\/v2\/product"}],"about":[{"href":"https:\/\/mimsafe.com\/fi\/wp-json\/wp\/v2\/types\/product"}],"wp:featuredmedia":[{"embeddable":true,"href":"https:\/\/mimsafe.com\/fi\/wp-json\/wp\/v2\/media\/66183"}],"wp:attachment":[{"href":"https:\/\/mimsafe.com\/fi\/wp-json\/wp\/v2\/media?parent=66168"}],"wp:term":[{"taxonomy":"reservdelskompatibilitet","embeddable":true,"href":"https:\/\/mimsafe.com\/fi\/wp-json\/wp\/v2\/reservdelskompatibilitet?post=66168"},{"taxonomy":"product_brand","embeddable":true,"href":"https:\/\/mimsafe.com\/fi\/wp-json\/wp\/v2\/product_brand?post=66168"},{"taxonomy":"product_cat","embeddable":true,"href":"https:\/\/mimsafe.com\/fi\/wp-json\/wp\/v2\/product_cat?post=66168"},{"taxonomy":"product_tag","embeddable":true,"href":"https:\/\/mimsafe.com\/fi\/wp-json\/wp\/v2\/product_tag?post=66168"}],"curies":[{"name":"wp","href":"https:\/\/api.w.org\/{rel}","templated":true}]}}