{"id":66164,"date":"2024-07-15T11:28:17","date_gmt":"2024-07-15T09:28:17","guid":{"rendered":"https:\/\/staging.mimsafe.com\/?post_type=product&#038;p=66164"},"modified":"2026-01-20T14:04:41","modified_gmt":"2026-01-20T14:04:41","slug":"allsafe-harness-m","status":"publish","type":"product","link":"https:\/\/mimsafe.com\/fi\/product\/allsafe-harness-m\/","title":{"rendered":"AllSafe Harness M"},"content":{"rendered":"<p>Turvavaljaat \/\/ K\u00e4velyvaljaat \/\/ Vetovaljaat \/\/ J\u00e4lkivaljaat<br data-start=\"85\" data-end=\"88\" \/>Kolaritestattu ISO 27955:2010 -standardin mukaisesti<br data-start=\"140\" data-end=\"143\" \/>Kolaritestattu T\u00dcV S\u00fcdiss\u00e4<br data-start=\"169\" data-end=\"172\" \/>Sopii kaikkiin autoihin<br data-start=\"195\" data-end=\"198\" \/>Mahdollistaa koiran istua ja maata mukavasti<br data-start=\"242\" data-end=\"245\" \/>S\u00e4\u00e4dett\u00e4v\u00e4t remmit<br data-start=\"263\" data-end=\"266\" \/>Pehme\u00e4n pehmusteen ja vahvan nylonnauhan yhdistelm\u00e4 v\u00e4hent\u00e4\u00e4 painetta ja hankaumia koiralla<br data-start=\"357\" data-end=\"360\" \/>Ruostumattomat metallisoljet<br data-start=\"388\" data-end=\"391\" \/>Heijastimet<br data-start=\"402\" data-end=\"405\" \/>Pest\u00e4v\u00e4<\/p>\n","protected":false},"excerpt":{"rendered":"<p><strong>AllSafe Harness M<br \/>\nTuotenumero 00099<br \/>\n<\/strong><strong>Sopii koirille, kuten: Bordercollie, Australian Shepherd. Tarkista alla oleva kokotaulukko.<br \/>\n<\/strong><\/p>\n<p>Koiravaljaamme on T\u00dcV-hyv\u00e4ksytty ja tarjoaa koirallesi monia etuja. Se on yksi markkinoiden turvallisimmista valjaista ja asennetaan helposti auton turvavy\u00f6n avulla.<\/p>\n<div>\n<p class=\"Frval\">T\u00e4m\u00e4 on hyv\u00e4 ratkaisu useimmille koiranomistajille, joilla on sedan-mallinen auto. AllSafe-valjaat on suunniteltu kiinnitett\u00e4v\u00e4ksi takapenkkiin auton turvavy\u00f6h\u00f6n. Suositellaan, ett\u00e4 koira pidet\u00e4\u00e4n takapenkill\u00e4, jotta se ei h\u00e4iritse kuljettajaa.<\/p>\n<\/div>\n[visa_produkter_med_flera_sku skus=\"00098,00099,00100,00101,00198\"]\n","protected":false},"featured_media":66185,"template":"","meta":{"_acf_changed":false},"reservdelskompatibilitet":[],"product_brand":[],"product_cat":[44,42,123],"product_tag":[],"class_list":{"0":"post-66164","1":"product","2":"type-product","3":"status-publish","4":"has-post-thumbnail","6":"product_cat-fardsakerhet-tillbehor","7":"product_cat-tillbehor","8":"product_cat-universal","9":"product_shipping_class-accessories","11":"first","12":"instock","13":"taxable","14":"shipping-taxable","15":"purchasable","16":"product-type-simple"},"acf":[],"_links":{"self":[{"href":"https:\/\/mimsafe.com\/fi\/wp-json\/wp\/v2\/product\/66164","targetHints":{"allow":["GET"]}}],"collection":[{"href":"https:\/\/mimsafe.com\/fi\/wp-json\/wp\/v2\/product"}],"about":[{"href":"https:\/\/mimsafe.com\/fi\/wp-json\/wp\/v2\/types\/product"}],"wp:featuredmedia":[{"embeddable":true,"href":"https:\/\/mimsafe.com\/fi\/wp-json\/wp\/v2\/media\/66185"}],"wp:attachment":[{"href":"https:\/\/mimsafe.com\/fi\/wp-json\/wp\/v2\/media?parent=66164"}],"wp:term":[{"taxonomy":"reservdelskompatibilitet","embeddable":true,"href":"https:\/\/mimsafe.com\/fi\/wp-json\/wp\/v2\/reservdelskompatibilitet?post=66164"},{"taxonomy":"product_brand","embeddable":true,"href":"https:\/\/mimsafe.com\/fi\/wp-json\/wp\/v2\/product_brand?post=66164"},{"taxonomy":"product_cat","embeddable":true,"href":"https:\/\/mimsafe.com\/fi\/wp-json\/wp\/v2\/product_cat?post=66164"},{"taxonomy":"product_tag","embeddable":true,"href":"https:\/\/mimsafe.com\/fi\/wp-json\/wp\/v2\/product_tag?post=66164"}],"curies":[{"name":"wp","href":"https:\/\/api.w.org\/{rel}","templated":true}]}}