{"id":66162,"date":"2024-07-15T10:51:24","date_gmt":"2024-07-15T08:51:24","guid":{"rendered":"https:\/\/staging.mimsafe.com\/?post_type=product&#038;p=66162"},"modified":"2026-01-20T14:05:04","modified_gmt":"2026-01-20T14:05:04","slug":"variopad-back-on-track","status":"publish","type":"product","link":"https:\/\/mimsafe.com\/fi\/product\/variopad-back-on-track\/","title":{"rendered":"VarioPad Back on Track"},"content":{"rendered":"<p>Ohut koiranpeti, erityisesti autojen koirankoppiin sopiva.<br data-start=\"83\" data-end=\"86\" \/>Sopii kaikkiin MIMsafe VarioCage -malleihin.<br data-start=\"130\" data-end=\"133\" \/>Ompeleilla jaettu alueet, taitettava saumoja pitkin.<br data-start=\"185\" data-end=\"188\" \/>Korkean tiheyden patja parantaa painon jakautumista levon aikana.<br data-start=\"253\" data-end=\"256\" \/>Vahvat saumat kest\u00e4v\u00e4t kovaa k\u00e4ytt\u00f6\u00e4.<br data-start=\"293\" data-end=\"296\" \/>Kest\u00e4v\u00e4 materiaali pitk\u00e4aikaiseen k\u00e4ytt\u00f6\u00f6n.<br data-start=\"339\" data-end=\"342\" \/>Pehme\u00e4 ja mukava alusta ihmisen parhaalle yst\u00e4v\u00e4lle.<br data-start=\"394\" data-end=\"397\" \/>Pest\u00e4v\u00e4 koneessa 30\u00b0C.<\/p>\n","protected":false},"excerpt":{"rendered":"<h4>VarioPad &#8211; Back on Track edition<br \/>\nPurulettipeitto<br \/>\nTuotenumero 58008<\/h4>\n<p>Leveys: 68cm<br \/>\nPituus: 100cm<\/p>\n<p>Omien pehmeiden petien mukana kantaminen kaikkialle on jotain, mist\u00e4 kaikki koirat pit\u00e4v\u00e4t. VarioPad toimii yht\u00e4 hyvin kotona kuin automatkalla.<br data-start=\"169\" data-end=\"172\" \/>Kest\u00e4v\u00e4ss\u00e4 Welltex\u00ae-materiaalissa sek\u00e4 alapuolella ett\u00e4 p\u00e4\u00e4ll\u00e4. Kehitetty yhteisty\u00f6ss\u00e4 Back on Track Swedenin kanssa.<br \/>\n[visa_produkter_med_flera_sku skus=\"58003,58008\"]<\/p>\n<p>&nbsp;<\/p>\n","protected":false},"featured_media":68550,"template":"","meta":{"_acf_changed":false},"reservdelskompatibilitet":[],"product_brand":[],"product_cat":[43,42,123],"product_tag":[],"class_list":{"0":"post-66162","1":"product","2":"type-product","3":"status-publish","4":"has-post-thumbnail","6":"product_cat-fardkomfort","7":"product_cat-tillbehor","8":"product_cat-universal","9":"product_shipping_class-accessories","11":"first","12":"outofstock","13":"taxable","14":"shipping-taxable","15":"purchasable","16":"product-type-simple"},"acf":[],"_links":{"self":[{"href":"https:\/\/mimsafe.com\/fi\/wp-json\/wp\/v2\/product\/66162","targetHints":{"allow":["GET"]}}],"collection":[{"href":"https:\/\/mimsafe.com\/fi\/wp-json\/wp\/v2\/product"}],"about":[{"href":"https:\/\/mimsafe.com\/fi\/wp-json\/wp\/v2\/types\/product"}],"wp:featuredmedia":[{"embeddable":true,"href":"https:\/\/mimsafe.com\/fi\/wp-json\/wp\/v2\/media\/68550"}],"wp:attachment":[{"href":"https:\/\/mimsafe.com\/fi\/wp-json\/wp\/v2\/media?parent=66162"}],"wp:term":[{"taxonomy":"reservdelskompatibilitet","embeddable":true,"href":"https:\/\/mimsafe.com\/fi\/wp-json\/wp\/v2\/reservdelskompatibilitet?post=66162"},{"taxonomy":"product_brand","embeddable":true,"href":"https:\/\/mimsafe.com\/fi\/wp-json\/wp\/v2\/product_brand?post=66162"},{"taxonomy":"product_cat","embeddable":true,"href":"https:\/\/mimsafe.com\/fi\/wp-json\/wp\/v2\/product_cat?post=66162"},{"taxonomy":"product_tag","embeddable":true,"href":"https:\/\/mimsafe.com\/fi\/wp-json\/wp\/v2\/product_tag?post=66162"}],"curies":[{"name":"wp","href":"https:\/\/api.w.org\/{rel}","templated":true}]}}