{"id":66161,"date":"2024-07-15T10:49:16","date_gmt":"2024-07-15T08:49:16","guid":{"rendered":"https:\/\/staging.mimsafe.com\/?post_type=product&#038;p=66161"},"modified":"2026-01-20T14:05:12","modified_gmt":"2026-01-20T14:05:12","slug":"variopad-classic","status":"publish","type":"product","link":"https:\/\/mimsafe.com\/fi\/product\/variopad-classic\/","title":{"rendered":"VarioPad Classic"},"content":{"rendered":"<p>Ohut koiranpeti, erityisesti autojen koirankoppiin sopiva.<br data-start=\"83\" data-end=\"86\" \/>Sopii kaikkiin MIMsafe VarioCage -malleihin.<br data-start=\"130\" data-end=\"133\" \/>Ompeleilla jaetut vy\u00f6hykkeet, taitettava saumojen mukaisesti.<br data-start=\"194\" data-end=\"197\" \/>Korkean tiheyden patja parantaa painon jakautumista levon aikana.<br data-start=\"262\" data-end=\"265\" \/>Vahvat saumat kest\u00e4v\u00e4t kovaa k\u00e4ytt\u00f6\u00e4.<br data-start=\"302\" data-end=\"305\" \/>Kest\u00e4v\u00e4 materiaali pitk\u00e4aikaiseen k\u00e4ytt\u00f6\u00f6n.<br data-start=\"348\" data-end=\"351\" \/>Pehme\u00e4 ja mukava alusta ihmisen parhaalle yst\u00e4v\u00e4lle.<br data-start=\"403\" data-end=\"406\" \/>Pest\u00e4v\u00e4 koneessa 30\u00b0C.<\/p>\n","protected":false},"excerpt":{"rendered":"<h4>VarioPad Classic<br \/>\nPurulettipeitto<br \/>\nTuotenumero 58003<\/h4>\n<p>Leveys: 64cm<br \/>\nPituus: 100cm<\/p>\n<p>Omien pehmeiden petien mukana kantaminen kaikkialle on jotain, mist\u00e4 kaikki koirat pit\u00e4v\u00e4t. VarioPad toimii yht\u00e4 hyvin kotona kuin automatkalla.<br \/>\n[visa_produkter_med_flera_sku skus=\"58003,58008\"]<\/p>\n","protected":false},"featured_media":66189,"template":"","meta":{"_acf_changed":false},"reservdelskompatibilitet":[],"product_brand":[],"product_cat":[43,42,123],"product_tag":[],"class_list":{"0":"post-66161","1":"product","2":"type-product","3":"status-publish","4":"has-post-thumbnail","6":"product_cat-fardkomfort","7":"product_cat-tillbehor","8":"product_cat-universal","9":"product_shipping_class-accessories","11":"first","12":"instock","13":"featured","14":"taxable","15":"shipping-taxable","16":"purchasable","17":"product-type-simple"},"acf":[],"_links":{"self":[{"href":"https:\/\/mimsafe.com\/fi\/wp-json\/wp\/v2\/product\/66161","targetHints":{"allow":["GET"]}}],"collection":[{"href":"https:\/\/mimsafe.com\/fi\/wp-json\/wp\/v2\/product"}],"about":[{"href":"https:\/\/mimsafe.com\/fi\/wp-json\/wp\/v2\/types\/product"}],"wp:featuredmedia":[{"embeddable":true,"href":"https:\/\/mimsafe.com\/fi\/wp-json\/wp\/v2\/media\/66189"}],"wp:attachment":[{"href":"https:\/\/mimsafe.com\/fi\/wp-json\/wp\/v2\/media?parent=66161"}],"wp:term":[{"taxonomy":"reservdelskompatibilitet","embeddable":true,"href":"https:\/\/mimsafe.com\/fi\/wp-json\/wp\/v2\/reservdelskompatibilitet?post=66161"},{"taxonomy":"product_brand","embeddable":true,"href":"https:\/\/mimsafe.com\/fi\/wp-json\/wp\/v2\/product_brand?post=66161"},{"taxonomy":"product_cat","embeddable":true,"href":"https:\/\/mimsafe.com\/fi\/wp-json\/wp\/v2\/product_cat?post=66161"},{"taxonomy":"product_tag","embeddable":true,"href":"https:\/\/mimsafe.com\/fi\/wp-json\/wp\/v2\/product_tag?post=66161"}],"curies":[{"name":"wp","href":"https:\/\/api.w.org\/{rel}","templated":true}]}}