{"id":66160,"date":"2024-07-15T09:38:48","date_gmt":"2024-07-15T07:38:48","guid":{"rendered":"https:\/\/staging.mimsafe.com\/?post_type=product&#038;p=66160"},"modified":"2026-01-20T14:05:20","modified_gmt":"2026-01-20T14:05:20","slug":"waterbowl-stainless","status":"publish","type":"product","link":"https:\/\/mimsafe.com\/fi\/product\/waterbowl-stainless\/","title":{"rendered":"WaterBowl Stainless"},"content":{"rendered":"<p>Sopii VarioCage-h\u00e4kin sivuputkiin, helppo ripustaa ja irrottaa.<\/p>\n","protected":false},"excerpt":{"rendered":"<p><strong>WaterBowl Stainless<br \/>\nRoiskeenkest\u00e4v\u00e4 vesikulho<\/strong><br \/>\n<strong>Tuotenumero 58009<\/strong><\/p>\n<p>Tilavuus 1,2 litraa.<\/p>\n<p>Helppo asentaa ja irrottaa ennen kuljetusta.<br \/>\n<strong>T\u00c4RKE\u00c4\u00c4: Turvallisuussyist\u00e4: \u00c4l\u00e4 s\u00e4ilyt\u00e4 vesikuppia h\u00e4kin sis\u00e4ll\u00e4 matkan aikana.<\/strong><br \/>\n[visa_produkter_med_flera_sku skus=\"58005,58009\"]<\/p>\n","protected":false},"featured_media":66191,"template":"","meta":{"_acf_changed":false},"reservdelskompatibilitet":[],"product_brand":[],"product_cat":[41,42,123],"product_tag":[],"class_list":{"0":"post-66160","1":"product","2":"type-product","3":"status-publish","4":"has-post-thumbnail","6":"product_cat-mattillbehor","7":"product_cat-tillbehor","8":"product_cat-universal","9":"product_shipping_class-accessories","11":"first","12":"outofstock","13":"taxable","14":"shipping-taxable","15":"purchasable","16":"product-type-simple"},"acf":[],"_links":{"self":[{"href":"https:\/\/mimsafe.com\/fi\/wp-json\/wp\/v2\/product\/66160","targetHints":{"allow":["GET"]}}],"collection":[{"href":"https:\/\/mimsafe.com\/fi\/wp-json\/wp\/v2\/product"}],"about":[{"href":"https:\/\/mimsafe.com\/fi\/wp-json\/wp\/v2\/types\/product"}],"wp:featuredmedia":[{"embeddable":true,"href":"https:\/\/mimsafe.com\/fi\/wp-json\/wp\/v2\/media\/66191"}],"wp:attachment":[{"href":"https:\/\/mimsafe.com\/fi\/wp-json\/wp\/v2\/media?parent=66160"}],"wp:term":[{"taxonomy":"reservdelskompatibilitet","embeddable":true,"href":"https:\/\/mimsafe.com\/fi\/wp-json\/wp\/v2\/reservdelskompatibilitet?post=66160"},{"taxonomy":"product_brand","embeddable":true,"href":"https:\/\/mimsafe.com\/fi\/wp-json\/wp\/v2\/product_brand?post=66160"},{"taxonomy":"product_cat","embeddable":true,"href":"https:\/\/mimsafe.com\/fi\/wp-json\/wp\/v2\/product_cat?post=66160"},{"taxonomy":"product_tag","embeddable":true,"href":"https:\/\/mimsafe.com\/fi\/wp-json\/wp\/v2\/product_tag?post=66160"}],"curies":[{"name":"wp","href":"https:\/\/api.w.org\/{rel}","templated":true}]}}