{"id":66159,"date":"2024-07-15T09:36:43","date_gmt":"2024-07-15T07:36:43","guid":{"rendered":"https:\/\/staging.mimsafe.com\/?post_type=product&#038;p=66159"},"modified":"2026-01-20T14:05:38","modified_gmt":"2026-01-20T14:05:38","slug":"waterbowl-corner","status":"publish","type":"product","link":"https:\/\/mimsafe.com\/fi\/product\/waterbowl-corner\/","title":{"rendered":"WaterBowl Corner"},"content":{"rendered":"<p>Suunniteltu sopimaan nurkkaan.<br data-start=\"70\" data-end=\"73\" \/>Valettu tasomerkint\u00e4.<br data-start=\"94\" data-end=\"97\" data-is-only-node=\"\" \/>Elintarvikekelpoinen materiaali.<br data-start=\"129\" data-end=\"132\" \/>Kest\u00e4\u00e4 konepesun.<\/p>\n","protected":false},"excerpt":{"rendered":"<h4>WaterBowl Corner<br \/>\n<strong>Roiskeenkest\u00e4v\u00e4 vesikulho<br \/>\nTuotenumero 58005<\/strong><\/h4>\n<p>Tilavuus 0,7 litraa.<\/p>\n<p>Helppo asentaa ja irrottaa ennen kuljetusta.<br \/>\n<strong>T\u00c4RKE\u00c4\u00c4: Turvallisuussyist\u00e4: \u00c4l\u00e4 s\u00e4ilyt\u00e4 vesikuppia h\u00e4kin sis\u00e4ll\u00e4 matkan aikana.<\/strong><br \/>\n[visa_produkter_med_flera_sku skus=\"58005,58009\"]<\/p>\n","protected":false},"featured_media":66193,"template":"","meta":{"_acf_changed":false},"reservdelskompatibilitet":[],"product_brand":[],"product_cat":[41,42,123],"product_tag":[],"class_list":{"0":"post-66159","1":"product","2":"type-product","3":"status-publish","4":"has-post-thumbnail","6":"product_cat-mattillbehor","7":"product_cat-tillbehor","8":"product_cat-universal","9":"product_shipping_class-accessories","11":"first","12":"instock","13":"taxable","14":"shipping-taxable","15":"purchasable","16":"product-type-simple"},"acf":[],"_links":{"self":[{"href":"https:\/\/mimsafe.com\/fi\/wp-json\/wp\/v2\/product\/66159","targetHints":{"allow":["GET"]}}],"collection":[{"href":"https:\/\/mimsafe.com\/fi\/wp-json\/wp\/v2\/product"}],"about":[{"href":"https:\/\/mimsafe.com\/fi\/wp-json\/wp\/v2\/types\/product"}],"wp:featuredmedia":[{"embeddable":true,"href":"https:\/\/mimsafe.com\/fi\/wp-json\/wp\/v2\/media\/66193"}],"wp:attachment":[{"href":"https:\/\/mimsafe.com\/fi\/wp-json\/wp\/v2\/media?parent=66159"}],"wp:term":[{"taxonomy":"reservdelskompatibilitet","embeddable":true,"href":"https:\/\/mimsafe.com\/fi\/wp-json\/wp\/v2\/reservdelskompatibilitet?post=66159"},{"taxonomy":"product_brand","embeddable":true,"href":"https:\/\/mimsafe.com\/fi\/wp-json\/wp\/v2\/product_brand?post=66159"},{"taxonomy":"product_cat","embeddable":true,"href":"https:\/\/mimsafe.com\/fi\/wp-json\/wp\/v2\/product_cat?post=66159"},{"taxonomy":"product_tag","embeddable":true,"href":"https:\/\/mimsafe.com\/fi\/wp-json\/wp\/v2\/product_tag?post=66159"}],"curies":[{"name":"wp","href":"https:\/\/api.w.org\/{rel}","templated":true}]}}