{"id":66158,"date":"2024-07-15T09:34:03","date_gmt":"2024-07-15T07:34:03","guid":{"rendered":"https:\/\/staging.mimsafe.com\/?post_type=product&#038;p=66158"},"modified":"2026-01-20T14:05:49","modified_gmt":"2026-01-20T14:05:49","slug":"variodivider-xl","status":"publish","type":"product","link":"https:\/\/mimsafe.com\/fi\/product\/variodivider-xl\/","title":{"rendered":"VarioDivider XL"},"content":{"rendered":"<p>T\u00e4m\u00e4 tukeva ja s\u00e4\u00e4dett\u00e4v\u00e4 jakaja varmistaa, ett\u00e4 kuorma ei liiku sivusuunnassa tavaratilassa. Se on suunniteltu kest\u00e4m\u00e4\u00e4n sivuttaisia kuormituksia ja painetta. Kolaritilanteessa VarioGate-jakajat puristuvat pitkin pituusakselia, mik\u00e4 tehokkaasti neutraloi syntyv\u00e4t voimat. Jakaja on saatavana kahdessa koossa, jotka eroavat syvyydelt\u00e4\u00e4n, jotta se sopii mahdollisimman moniin automalleihin.<\/p>\n","protected":false},"excerpt":{"rendered":"<h4>VarioDivider XL<br \/>\nJakaja, joka erottaa kuorman tavaratilassasi.<br \/>\nTuotenumero 53285<\/h4>\n<p>Leveys: 71 cm<br \/>\nKorkeus: 40-96 cm<br \/>\nSyvyys: 105-150 cm<\/p>\n<p><strong>VarioGate Divider on VarioGate-lis\u00e4varuste, eik\u00e4 sit\u00e4 voi k\u00e4ytt\u00e4\u00e4 itsen\u00e4isesti!<br data-start=\"119\" data-end=\"122\" \/>Huomioi, ett\u00e4 t\u00e4t\u00e4 uutta jakajaa EI voi k\u00e4ytt\u00e4\u00e4 vanhemman sukupolven porttien kanssa!<\/strong><\/p>\n","protected":false},"featured_media":66195,"template":"","meta":{"_acf_changed":false},"reservdelskompatibilitet":[],"product_brand":[],"product_cat":[37,40],"product_tag":[],"class_list":{"0":"post-66158","1":"product","2":"type-product","3":"status-publish","4":"has-post-thumbnail","6":"product_cat-bagagegrind","7":"product_cat-variodivider","8":"product_shipping_class-dogcages","10":"first","11":"instock","12":"taxable","13":"shipping-taxable","14":"purchasable","15":"product-type-simple"},"acf":[],"_links":{"self":[{"href":"https:\/\/mimsafe.com\/fi\/wp-json\/wp\/v2\/product\/66158","targetHints":{"allow":["GET"]}}],"collection":[{"href":"https:\/\/mimsafe.com\/fi\/wp-json\/wp\/v2\/product"}],"about":[{"href":"https:\/\/mimsafe.com\/fi\/wp-json\/wp\/v2\/types\/product"}],"wp:featuredmedia":[{"embeddable":true,"href":"https:\/\/mimsafe.com\/fi\/wp-json\/wp\/v2\/media\/66195"}],"wp:attachment":[{"href":"https:\/\/mimsafe.com\/fi\/wp-json\/wp\/v2\/media?parent=66158"}],"wp:term":[{"taxonomy":"reservdelskompatibilitet","embeddable":true,"href":"https:\/\/mimsafe.com\/fi\/wp-json\/wp\/v2\/reservdelskompatibilitet?post=66158"},{"taxonomy":"product_brand","embeddable":true,"href":"https:\/\/mimsafe.com\/fi\/wp-json\/wp\/v2\/product_brand?post=66158"},{"taxonomy":"product_cat","embeddable":true,"href":"https:\/\/mimsafe.com\/fi\/wp-json\/wp\/v2\/product_cat?post=66158"},{"taxonomy":"product_tag","embeddable":true,"href":"https:\/\/mimsafe.com\/fi\/wp-json\/wp\/v2\/product_tag?post=66158"}],"curies":[{"name":"wp","href":"https:\/\/api.w.org\/{rel}","templated":true}]}}