{"id":66156,"date":"2024-07-15T09:13:55","date_gmt":"2024-07-15T07:13:55","guid":{"rendered":"https:\/\/staging.mimsafe.com\/?post_type=product&#038;p=66156"},"modified":"2026-01-20T14:06:06","modified_gmt":"2026-01-20T14:06:06","slug":"variogate-extension-wing-r","status":"publish","type":"product","link":"https:\/\/mimsafe.com\/fi\/product\/variogate-extension-wing-r\/","title":{"rendered":"VarioGate Extension Wing R"},"content":{"rendered":"<p data-start=\"38\" data-end=\"288\">MIMsafe VarioGate Extension Wings on suunniteltu lis\u00e4\u00e4m\u00e4\u00e4n VarioGate-j\u00e4rjestelm\u00e4n monipuolisuutta ja kattavuutta. Ne auttavat maksimoimaan auton tavaratilan rajatun alueen, mik\u00e4 varmistaa turvallisen ja s\u00e4\u00e4dett\u00e4v\u00e4n istuvuuden eri automalleihin.<\/p>\n<p data-start=\"290\" data-end=\"462\">Laajennettu kattavuus \u2013 Laajentaa aitauksen kattamaan koko tavaratilan leveyden.<br data-start=\"374\" data-end=\"377\" \/>S\u00e4\u00e4dett\u00e4v\u00e4 istuvuus \u2013 Voidaan mukauttaa eri autokokoihin ja -konfiguraatioihin.<\/p>\n","protected":false},"excerpt":{"rendered":"<h4>VarioGate Extension Wing R Oikea<br \/>\nLis\u00e4\u00e4 VarioGate-j\u00e4rjestelm\u00e4n monipuolisuutta ja kattavuutta.<br \/>\nTuotenumero\u00a058306<\/h4>\n","protected":false},"featured_media":66197,"template":"","meta":{"_acf_changed":false},"reservdelskompatibilitet":[],"product_brand":[],"product_cat":[37,39],"product_tag":[],"class_list":{"0":"post-66156","1":"product","2":"type-product","3":"status-publish","4":"has-post-thumbnail","6":"product_cat-bagagegrind","7":"product_cat-extension-wing","8":"product_shipping_class-dogcages","10":"first","11":"instock","12":"taxable","13":"shipping-taxable","14":"purchasable","15":"product-type-simple"},"acf":[],"_links":{"self":[{"href":"https:\/\/mimsafe.com\/fi\/wp-json\/wp\/v2\/product\/66156","targetHints":{"allow":["GET"]}}],"collection":[{"href":"https:\/\/mimsafe.com\/fi\/wp-json\/wp\/v2\/product"}],"about":[{"href":"https:\/\/mimsafe.com\/fi\/wp-json\/wp\/v2\/types\/product"}],"wp:featuredmedia":[{"embeddable":true,"href":"https:\/\/mimsafe.com\/fi\/wp-json\/wp\/v2\/media\/66197"}],"wp:attachment":[{"href":"https:\/\/mimsafe.com\/fi\/wp-json\/wp\/v2\/media?parent=66156"}],"wp:term":[{"taxonomy":"reservdelskompatibilitet","embeddable":true,"href":"https:\/\/mimsafe.com\/fi\/wp-json\/wp\/v2\/reservdelskompatibilitet?post=66156"},{"taxonomy":"product_brand","embeddable":true,"href":"https:\/\/mimsafe.com\/fi\/wp-json\/wp\/v2\/product_brand?post=66156"},{"taxonomy":"product_cat","embeddable":true,"href":"https:\/\/mimsafe.com\/fi\/wp-json\/wp\/v2\/product_cat?post=66156"},{"taxonomy":"product_tag","embeddable":true,"href":"https:\/\/mimsafe.com\/fi\/wp-json\/wp\/v2\/product_tag?post=66156"}],"curies":[{"name":"wp","href":"https:\/\/api.w.org\/{rel}","templated":true}]}}