{"id":66154,"date":"2024-07-15T09:05:59","date_gmt":"2024-07-15T07:05:59","guid":{"rendered":"https:\/\/staging.mimsafe.com\/?post_type=product&#038;p=66154"},"modified":"2026-01-20T14:07:09","modified_gmt":"2026-01-20T14:07:09","slug":"variogate-double","status":"publish","type":"product","link":"https:\/\/mimsafe.com\/fi\/product\/variogate-double\/","title":{"rendered":"VarioGate Double"},"content":{"rendered":"<p>MIMsafe VarioGate-portin avulla on mahdollista luoda aidattu alue koko tavaratilaan, jota voidaan k\u00e4ytt\u00e4\u00e4 koirien kuljetukseen tai tavaran suojaamiseen. MIMsafe VarioGate on s\u00e4\u00e4dett\u00e4v\u00e4 korkeuden, leveyden ja syvyyden osalta, mik\u00e4 tekee siit\u00e4 sopivan useimpiin autoihin ilman takapuskurin kynnyksi\u00e4.<\/p>\n","protected":false},"excerpt":{"rendered":"<h4>VarioGate Double<br \/>\nS\u00e4\u00e4dett\u00e4v\u00e4 tavaratilan portti.<br \/>\nTuotenumero 53253<\/h4>\n<p>Leveys: 106 \u2013 128 cm<br \/>\nKorkeus: 55 \u2013 92 cm<br \/>\nSyvyys: 55 \u2013 150 cm<\/p>\n<p>MIMsafe VarioGate -portin avulla on mahdollista luoda aidattu alue koko tavaratilaan, jota voidaan k\u00e4ytt\u00e4\u00e4 koirien kuljetukseen tai mihin tahansa, mit\u00e4 haluat suojata.<\/p>\n","protected":false},"featured_media":66201,"template":"","meta":{"_acf_changed":false},"reservdelskompatibilitet":[],"product_brand":[],"product_cat":[37,38],"product_tag":[],"class_list":{"0":"post-66154","1":"product","2":"type-product","3":"status-publish","4":"has-post-thumbnail","6":"product_cat-bagagegrind","7":"product_cat-variogate","8":"product_shipping_class-dogcages","10":"first","11":"instock","12":"taxable","13":"shipping-taxable","14":"purchasable","15":"product-type-simple"},"acf":[],"_links":{"self":[{"href":"https:\/\/mimsafe.com\/fi\/wp-json\/wp\/v2\/product\/66154","targetHints":{"allow":["GET"]}}],"collection":[{"href":"https:\/\/mimsafe.com\/fi\/wp-json\/wp\/v2\/product"}],"about":[{"href":"https:\/\/mimsafe.com\/fi\/wp-json\/wp\/v2\/types\/product"}],"wp:featuredmedia":[{"embeddable":true,"href":"https:\/\/mimsafe.com\/fi\/wp-json\/wp\/v2\/media\/66201"}],"wp:attachment":[{"href":"https:\/\/mimsafe.com\/fi\/wp-json\/wp\/v2\/media?parent=66154"}],"wp:term":[{"taxonomy":"reservdelskompatibilitet","embeddable":true,"href":"https:\/\/mimsafe.com\/fi\/wp-json\/wp\/v2\/reservdelskompatibilitet?post=66154"},{"taxonomy":"product_brand","embeddable":true,"href":"https:\/\/mimsafe.com\/fi\/wp-json\/wp\/v2\/product_brand?post=66154"},{"taxonomy":"product_cat","embeddable":true,"href":"https:\/\/mimsafe.com\/fi\/wp-json\/wp\/v2\/product_cat?post=66154"},{"taxonomy":"product_tag","embeddable":true,"href":"https:\/\/mimsafe.com\/fi\/wp-json\/wp\/v2\/product_tag?post=66154"}],"curies":[{"name":"wp","href":"https:\/\/api.w.org\/{rel}","templated":true}]}}