{"id":66153,"date":"2024-07-15T09:03:44","date_gmt":"2024-07-15T07:03:44","guid":{"rendered":"https:\/\/staging.mimsafe.com\/?post_type=product&#038;p=66153"},"modified":"2026-01-20T14:07:25","modified_gmt":"2026-01-20T14:07:25","slug":"variogate-single","status":"publish","type":"product","link":"https:\/\/mimsafe.com\/fi\/product\/variogate-single\/","title":{"rendered":"VarioGate Single"},"content":{"rendered":"<p>MIMsafe VarioGate Tailgate Fence -portin avulla on mahdollista luoda aidattu alue koko tavaratilaan, jota voidaan k\u00e4ytt\u00e4\u00e4 koirien kuljetukseen tai tavaran suojaamiseen. MIMsafe VarioGate on s\u00e4\u00e4dett\u00e4v\u00e4 korkeuden, leveyden ja syvyyden osalta, mik\u00e4 tekee siit\u00e4 sopivan useimpiin autoihin ilman takapuskurin kynnyst\u00e4.<\/p>\n","protected":false},"excerpt":{"rendered":"<h4>VarioGate Single<br \/>\nS\u00e4\u00e4dett\u00e4v\u00e4 tavaratilan portti.<br \/>\nTuotenumero 53153<\/h4>\n<p>Leveys: 53 &#8211; 64 cm<br \/>\nKorkeus: 55 &#8211; 92 cm<br \/>\nSyvyys: (Riippuu valitusta VarioDividerist\u00e4)<\/p>\n<p><span style=\"color: #ff0000;\"><strong>Huomio! VarioGate Single\u00e4 k\u00e4ytett\u00e4ess\u00e4 se on k\u00e4ytett\u00e4v\u00e4 yhdess\u00e4 jonkin VarioDividerimme kanssa, 53275 tai 53285<\/strong><\/span><\/p>\n","protected":false},"featured_media":66203,"template":"","meta":{"_acf_changed":false},"reservdelskompatibilitet":[],"product_brand":[],"product_cat":[37,38],"product_tag":[],"class_list":{"0":"post-66153","1":"product","2":"type-product","3":"status-publish","4":"has-post-thumbnail","6":"product_cat-bagagegrind","7":"product_cat-variogate","8":"product_shipping_class-dogcages","10":"first","11":"instock","12":"taxable","13":"shipping-taxable","14":"purchasable","15":"product-type-simple"},"acf":[],"_links":{"self":[{"href":"https:\/\/mimsafe.com\/fi\/wp-json\/wp\/v2\/product\/66153","targetHints":{"allow":["GET"]}}],"collection":[{"href":"https:\/\/mimsafe.com\/fi\/wp-json\/wp\/v2\/product"}],"about":[{"href":"https:\/\/mimsafe.com\/fi\/wp-json\/wp\/v2\/types\/product"}],"wp:featuredmedia":[{"embeddable":true,"href":"https:\/\/mimsafe.com\/fi\/wp-json\/wp\/v2\/media\/66203"}],"wp:attachment":[{"href":"https:\/\/mimsafe.com\/fi\/wp-json\/wp\/v2\/media?parent=66153"}],"wp:term":[{"taxonomy":"reservdelskompatibilitet","embeddable":true,"href":"https:\/\/mimsafe.com\/fi\/wp-json\/wp\/v2\/reservdelskompatibilitet?post=66153"},{"taxonomy":"product_brand","embeddable":true,"href":"https:\/\/mimsafe.com\/fi\/wp-json\/wp\/v2\/product_brand?post=66153"},{"taxonomy":"product_cat","embeddable":true,"href":"https:\/\/mimsafe.com\/fi\/wp-json\/wp\/v2\/product_cat?post=66153"},{"taxonomy":"product_tag","embeddable":true,"href":"https:\/\/mimsafe.com\/fi\/wp-json\/wp\/v2\/product_tag?post=66153"}],"curies":[{"name":"wp","href":"https:\/\/api.w.org\/{rel}","templated":true}]}}