{"id":66152,"date":"2024-07-15T08:57:57","date_gmt":"2024-07-15T06:57:57","guid":{"rendered":"https:\/\/staging.mimsafe.com\/?post_type=product&#038;p=66152"},"modified":"2026-01-20T14:07:40","modified_gmt":"2026-01-20T14:07:40","slug":"variobarrier-headrest-m","status":"publish","type":"product","link":"https:\/\/mimsafe.com\/fi\/product\/variobarrier-headrest-m\/","title":{"rendered":"VarioBarrier Headrest M"},"content":{"rendered":"<p data-start=\"0\" data-end=\"130\">Universaali tavaratilan ritil\u00e4, helposti s\u00e4\u00e4dett\u00e4viss\u00e4 sopimaan autosi muotoon turvallista ja turvallista matkaa varten lemmikkien tai tavaran kanssa.<br \/>\nPerforoitu yl\u00e4levy paremman n\u00e4kyvyyden takaamiseksi.<br \/>\nS\u00e4\u00e4dett\u00e4v\u00e4 leveys maksimaalisen kattavuuden saavuttamiseksi tavaratilassa.<br \/>\nKallistettava ja s\u00e4\u00e4dett\u00e4v\u00e4 kiinnikkeell\u00e4 t\u00e4ydellist\u00e4 istuvuutta varten autosi muotoon.<br \/>\nJoustava niskatukikiinnike helpottaa istuvuutta auton niskatukeen.<\/p>\n","protected":false},"excerpt":{"rendered":"<h4>VarioBarrier HeadRest M<br \/>\nUniversaali tavaratilan ritil\u00e4<br \/>\nTuotenumero 52116<\/h4>\n<p>Leveys: 87 \u2013 156.5 cm<br \/>\nKorkeus: 36.5 \u2013 44 cm<\/p>\n","protected":false},"featured_media":66207,"template":"","meta":{"_acf_changed":false},"reservdelskompatibilitet":[],"product_brand":[],"product_cat":[36,34,35],"product_tag":[],"class_list":{"0":"post-66152","1":"product","2":"type-product","3":"status-publish","4":"has-post-thumbnail","6":"product_cat-headrest","7":"product_cat-lastgaller","8":"product_cat-variobarrier","9":"product_shipping_class-dogcages","11":"first","12":"instock","13":"featured","14":"taxable","15":"shipping-taxable","16":"purchasable","17":"product-type-simple"},"acf":[],"_links":{"self":[{"href":"https:\/\/mimsafe.com\/fi\/wp-json\/wp\/v2\/product\/66152","targetHints":{"allow":["GET"]}}],"collection":[{"href":"https:\/\/mimsafe.com\/fi\/wp-json\/wp\/v2\/product"}],"about":[{"href":"https:\/\/mimsafe.com\/fi\/wp-json\/wp\/v2\/types\/product"}],"wp:featuredmedia":[{"embeddable":true,"href":"https:\/\/mimsafe.com\/fi\/wp-json\/wp\/v2\/media\/66207"}],"wp:attachment":[{"href":"https:\/\/mimsafe.com\/fi\/wp-json\/wp\/v2\/media?parent=66152"}],"wp:term":[{"taxonomy":"reservdelskompatibilitet","embeddable":true,"href":"https:\/\/mimsafe.com\/fi\/wp-json\/wp\/v2\/reservdelskompatibilitet?post=66152"},{"taxonomy":"product_brand","embeddable":true,"href":"https:\/\/mimsafe.com\/fi\/wp-json\/wp\/v2\/product_brand?post=66152"},{"taxonomy":"product_cat","embeddable":true,"href":"https:\/\/mimsafe.com\/fi\/wp-json\/wp\/v2\/product_cat?post=66152"},{"taxonomy":"product_tag","embeddable":true,"href":"https:\/\/mimsafe.com\/fi\/wp-json\/wp\/v2\/product_tag?post=66152"}],"curies":[{"name":"wp","href":"https:\/\/api.w.org\/{rel}","templated":true}]}}