{"id":66149,"date":"2024-07-15T08:51:26","date_gmt":"2024-07-15T06:51:26","guid":{"rendered":"https:\/\/staging.mimsafe.com\/?post_type=product&#038;p=66149"},"modified":"2026-01-20T14:56:51","modified_gmt":"2026-01-20T14:56:51","slug":"variobarrier-classic-m","status":"publish","type":"product","link":"https:\/\/mimsafe.com\/fi\/product\/variobarrier-classic-m\/","title":{"rendered":"VarioBarrier Classic M"},"content":{"rendered":"<p>Universaali tavaratilan este, helposti s\u00e4\u00e4dett\u00e4viss\u00e4 sopimaan autosi muotoon turvallista matkaa varten lemmikkien tai tavaran kanssa.<br \/>\nLis\u00e4peitelevy t\u00e4ydelliseen kattavuuteen.<br \/>\nS\u00e4\u00e4dett\u00e4v\u00e4 leveys maksimaalisen kattavuuden saavuttamiseksi.<br \/>\nKorkeuss\u00e4\u00e4dett\u00e4v\u00e4 kiinnitys t\u00e4ydellist\u00e4 istuvuutta varten.<br \/>\nIntegroituja koukkuja turvalliseen tavaran kiinnitykseen.<\/p>\n","protected":false},"excerpt":{"rendered":"<h4>VarioBarrier Classic M<br \/>\nUniversaali tavaratilan ritil\u00e4<br \/>\nTuotenumero 52016<\/h4>\n<p>Ritil\u00e4<br \/>\nLeveys: 80 \u2013 146.5 cm<br \/>\nKorkeus: 36.5 \u2013 41.5 cm<\/p>\n<p>Luu<br \/>\nKorkeus: 43.5 \u2013 72 cm<\/p>\n<p>Kokonaiskorkeus: 80 \u2013 113.5 cm<\/p>\n","protected":false},"featured_media":66213,"template":"","meta":{"_acf_changed":false},"reservdelskompatibilitet":[],"product_brand":[],"product_cat":[33,34,35],"product_tag":[],"class_list":{"0":"post-66149","1":"product","2":"type-product","3":"status-publish","4":"has-post-thumbnail","6":"product_cat-classic","7":"product_cat-lastgaller","8":"product_cat-variobarrier","9":"product_shipping_class-dogcages","11":"first","12":"instock","13":"taxable","14":"shipping-taxable","15":"purchasable","16":"product-type-simple"},"acf":[],"_links":{"self":[{"href":"https:\/\/mimsafe.com\/fi\/wp-json\/wp\/v2\/product\/66149","targetHints":{"allow":["GET"]}}],"collection":[{"href":"https:\/\/mimsafe.com\/fi\/wp-json\/wp\/v2\/product"}],"about":[{"href":"https:\/\/mimsafe.com\/fi\/wp-json\/wp\/v2\/types\/product"}],"wp:featuredmedia":[{"embeddable":true,"href":"https:\/\/mimsafe.com\/fi\/wp-json\/wp\/v2\/media\/66213"}],"wp:attachment":[{"href":"https:\/\/mimsafe.com\/fi\/wp-json\/wp\/v2\/media?parent=66149"}],"wp:term":[{"taxonomy":"reservdelskompatibilitet","embeddable":true,"href":"https:\/\/mimsafe.com\/fi\/wp-json\/wp\/v2\/reservdelskompatibilitet?post=66149"},{"taxonomy":"product_brand","embeddable":true,"href":"https:\/\/mimsafe.com\/fi\/wp-json\/wp\/v2\/product_brand?post=66149"},{"taxonomy":"product_cat","embeddable":true,"href":"https:\/\/mimsafe.com\/fi\/wp-json\/wp\/v2\/product_cat?post=66149"},{"taxonomy":"product_tag","embeddable":true,"href":"https:\/\/mimsafe.com\/fi\/wp-json\/wp\/v2\/product_tag?post=66149"}],"curies":[{"name":"wp","href":"https:\/\/api.w.org\/{rel}","templated":true}]}}