{"id":66144,"date":"2024-07-12T15:02:58","date_gmt":"2024-07-12T13:02:58","guid":{"rendered":"https:\/\/staging.mimsafe.com\/?post_type=product&#038;p=66144"},"modified":"2026-01-20T14:08:40","modified_gmt":"2026-01-20T14:08:40","slug":"multicage-side-by-side-m","status":"publish","type":"product","link":"https:\/\/mimsafe.com\/fi\/product\/multicage-side-by-side-m\/","title":{"rendered":"MultiCage Side by side M"},"content":{"rendered":"<p>HUOM: Jos nelj\u00e4 MultiCage-h\u00e4kki\u00e4 asennetaan yhteen (2\u00d72), riitt\u00e4\u00e4 yksi OnTop-sarja ja kaksi SideBySide-kiinnitysty\u00f6kalusarjaa.<\/p>\n","protected":false},"excerpt":{"rendered":"<h4>Kiinnitysty\u00f6kalu MultiCage Medium -h\u00e4keille<br \/>\nTuotenumero 58102<\/h4>\n<p>Toimitetaan kahden kiinnitysty\u00f6kalun sarjana, ja sit\u00e4 voidaan k\u00e4ytt\u00e4\u00e4 kahden saman mallisen ja kokoisen MultiCage-h\u00e4kin kiinnitt\u00e4miseen vierekk\u00e4in. Valitse oikea koko: medium tai large\/extra large.<\/p>\n","protected":false},"featured_media":66219,"template":"","meta":{"_acf_changed":false},"reservdelskompatibilitet":[],"product_brand":[],"product_cat":[21,29,32],"product_tag":[],"class_list":{"0":"post-66144","1":"product","2":"type-product","3":"status-publish","4":"has-post-thumbnail","6":"product_cat-hundbur","7":"product_cat-hundbur-for-yrkestransport","8":"product_cat-tillbehor-for-multicage","9":"product_shipping_class-accessories","11":"first","12":"instock","13":"taxable","14":"shipping-taxable","15":"purchasable","16":"product-type-simple"},"acf":[],"_links":{"self":[{"href":"https:\/\/mimsafe.com\/fi\/wp-json\/wp\/v2\/product\/66144","targetHints":{"allow":["GET"]}}],"collection":[{"href":"https:\/\/mimsafe.com\/fi\/wp-json\/wp\/v2\/product"}],"about":[{"href":"https:\/\/mimsafe.com\/fi\/wp-json\/wp\/v2\/types\/product"}],"wp:featuredmedia":[{"embeddable":true,"href":"https:\/\/mimsafe.com\/fi\/wp-json\/wp\/v2\/media\/66219"}],"wp:attachment":[{"href":"https:\/\/mimsafe.com\/fi\/wp-json\/wp\/v2\/media?parent=66144"}],"wp:term":[{"taxonomy":"reservdelskompatibilitet","embeddable":true,"href":"https:\/\/mimsafe.com\/fi\/wp-json\/wp\/v2\/reservdelskompatibilitet?post=66144"},{"taxonomy":"product_brand","embeddable":true,"href":"https:\/\/mimsafe.com\/fi\/wp-json\/wp\/v2\/product_brand?post=66144"},{"taxonomy":"product_cat","embeddable":true,"href":"https:\/\/mimsafe.com\/fi\/wp-json\/wp\/v2\/product_cat?post=66144"},{"taxonomy":"product_tag","embeddable":true,"href":"https:\/\/mimsafe.com\/fi\/wp-json\/wp\/v2\/product_tag?post=66144"}],"curies":[{"name":"wp","href":"https:\/\/api.w.org\/{rel}","templated":true}]}}