{"id":66139,"date":"2024-07-12T14:46:41","date_gmt":"2024-07-12T12:46:41","guid":{"rendered":"https:\/\/staging.mimsafe.com\/?post_type=product&#038;p=66139"},"modified":"2026-01-20T14:09:18","modified_gmt":"2026-01-20T14:09:18","slug":"multicage-double-m","status":"publish","type":"product","link":"https:\/\/mimsafe.com\/fi\/product\/multicage-double-m\/","title":{"rendered":"MultiCage Double M"},"content":{"rendered":"<p>Huomio! T\u00e4m\u00e4 malli on kiinnitett\u00e4v\u00e4 joka kulmasta mukana toimitetuilla kiristysnaruilla. On t\u00e4rke\u00e4\u00e4, ett\u00e4 autossa on tavaratilan kiinnityssilmukat.<\/p>\n","protected":false},"excerpt":{"rendered":"<h4>Ammattilaiskuljetush\u00e4kki<br \/>\nTuotenumero 56254<\/h4>\n<p>Leveys: 68 cm<br \/>\nKorkeus: 54 cm<br \/>\nPituus: 120 cm<br \/>\nPaino: 38 kg<\/p>\n<p>MultiCage Double toimitetaan kahdella ovella ja yhdell\u00e4 v\u00e4lisein\u00e4ll\u00e4. V\u00e4lisein\u00e4 voidaan siirt\u00e4\u00e4 eri kokoisten tilojen luomiseksi, ja se voidaan my\u00f6s poistaa, jotta saadaan suurin mahdollinen tila.<\/p>\n","protected":false},"featured_media":66140,"template":"","meta":{"_acf_changed":false},"reservdelskompatibilitet":[],"product_brand":[],"product_cat":[21,29,31],"product_tag":[],"class_list":{"0":"post-66139","1":"product","2":"type-product","3":"status-publish","4":"has-post-thumbnail","6":"product_cat-hundbur","7":"product_cat-hundbur-for-yrkestransport","8":"product_cat-multicage-double","9":"product_shipping_class-heavycagescarrier","11":"first","12":"instock","13":"taxable","14":"shipping-taxable","15":"purchasable","16":"product-type-simple"},"acf":[],"_links":{"self":[{"href":"https:\/\/mimsafe.com\/fi\/wp-json\/wp\/v2\/product\/66139","targetHints":{"allow":["GET"]}}],"collection":[{"href":"https:\/\/mimsafe.com\/fi\/wp-json\/wp\/v2\/product"}],"about":[{"href":"https:\/\/mimsafe.com\/fi\/wp-json\/wp\/v2\/types\/product"}],"wp:featuredmedia":[{"embeddable":true,"href":"https:\/\/mimsafe.com\/fi\/wp-json\/wp\/v2\/media\/66140"}],"wp:attachment":[{"href":"https:\/\/mimsafe.com\/fi\/wp-json\/wp\/v2\/media?parent=66139"}],"wp:term":[{"taxonomy":"reservdelskompatibilitet","embeddable":true,"href":"https:\/\/mimsafe.com\/fi\/wp-json\/wp\/v2\/reservdelskompatibilitet?post=66139"},{"taxonomy":"product_brand","embeddable":true,"href":"https:\/\/mimsafe.com\/fi\/wp-json\/wp\/v2\/product_brand?post=66139"},{"taxonomy":"product_cat","embeddable":true,"href":"https:\/\/mimsafe.com\/fi\/wp-json\/wp\/v2\/product_cat?post=66139"},{"taxonomy":"product_tag","embeddable":true,"href":"https:\/\/mimsafe.com\/fi\/wp-json\/wp\/v2\/product_tag?post=66139"}],"curies":[{"name":"wp","href":"https:\/\/api.w.org\/{rel}","templated":true}]}}