{"id":66137,"date":"2024-07-12T14:42:48","date_gmt":"2024-07-12T12:42:48","guid":{"rendered":"https:\/\/staging.mimsafe.com\/?post_type=product&#038;p=66137"},"modified":"2026-01-20T14:09:51","modified_gmt":"2026-01-20T14:09:51","slug":"multicage-single-l","status":"publish","type":"product","link":"https:\/\/mimsafe.com\/fi\/product\/multicage-single-l\/","title":{"rendered":"MultiCage Single L"},"content":{"rendered":"<p data-start=\"23\" data-end=\"210\">Jos haluat pysty\u00e4 tavoittamaan yst\u00e4v\u00e4si molemmilta puolilta, on kaksoish\u00e4kki hyv\u00e4 valinta, jossa voit my\u00f6s jakaa tilan kahteen osaan v\u00e4lisein\u00e4ll\u00e4. Enemp\u00e4\u00e4 joustavuutta ei voi saada!<\/p>\n<p data-start=\"212\" data-end=\"363\" data-is-last-node=\"\" data-is-only-node=\"\">Huomio! T\u00e4m\u00e4 malli on kiinnitett\u00e4v\u00e4 joka kulmasta mukana toimitetuilla kiristysnaruilla. On t\u00e4rke\u00e4\u00e4, ett\u00e4 autossa on tavaratilan kiinnityssilmukat.<\/p>\n","protected":false},"excerpt":{"rendered":"<h4>Ammattilaiskuljetush\u00e4kki<br \/>\nTuotenumero 56160<\/h4>\n<p>Leveys:75 cm<br \/>\nKorkeus: 61 cm<br \/>\nPituus: 79 cm<br \/>\nPaino: 30.5 kg<\/p>\n<p>MultiCage Single toimitetaan yhdell\u00e4 ovella ja kiinte\u00e4ll\u00e4 takalevyll\u00e4.<\/p>\n","protected":false},"featured_media":66135,"template":"","meta":{"_acf_changed":false},"reservdelskompatibilitet":[],"product_brand":[],"product_cat":[21,29,30],"product_tag":[],"class_list":{"0":"post-66137","1":"product","2":"type-product","3":"status-publish","4":"has-post-thumbnail","6":"product_cat-hundbur","7":"product_cat-hundbur-for-yrkestransport","8":"product_cat-multicage-single","9":"product_shipping_class-dogcages","11":"first","12":"instock","13":"taxable","14":"shipping-taxable","15":"purchasable","16":"product-type-simple"},"acf":[],"_links":{"self":[{"href":"https:\/\/mimsafe.com\/fi\/wp-json\/wp\/v2\/product\/66137","targetHints":{"allow":["GET"]}}],"collection":[{"href":"https:\/\/mimsafe.com\/fi\/wp-json\/wp\/v2\/product"}],"about":[{"href":"https:\/\/mimsafe.com\/fi\/wp-json\/wp\/v2\/types\/product"}],"wp:featuredmedia":[{"embeddable":true,"href":"https:\/\/mimsafe.com\/fi\/wp-json\/wp\/v2\/media\/66135"}],"wp:attachment":[{"href":"https:\/\/mimsafe.com\/fi\/wp-json\/wp\/v2\/media?parent=66137"}],"wp:term":[{"taxonomy":"reservdelskompatibilitet","embeddable":true,"href":"https:\/\/mimsafe.com\/fi\/wp-json\/wp\/v2\/reservdelskompatibilitet?post=66137"},{"taxonomy":"product_brand","embeddable":true,"href":"https:\/\/mimsafe.com\/fi\/wp-json\/wp\/v2\/product_brand?post=66137"},{"taxonomy":"product_cat","embeddable":true,"href":"https:\/\/mimsafe.com\/fi\/wp-json\/wp\/v2\/product_cat?post=66137"},{"taxonomy":"product_tag","embeddable":true,"href":"https:\/\/mimsafe.com\/fi\/wp-json\/wp\/v2\/product_tag?post=66137"}],"curies":[{"name":"wp","href":"https:\/\/api.w.org\/{rel}","templated":true}]}}