{"id":66129,"date":"2024-07-12T14:28:48","date_gmt":"2024-07-12T12:28:48","guid":{"rendered":"https:\/\/staging.mimsafe.com\/?post_type=product&#038;p=66129"},"modified":"2026-01-20T14:10:47","modified_gmt":"2026-01-20T14:10:47","slug":"care2-grey-m","status":"publish","type":"product","link":"https:\/\/mimsafe.com\/fi\/product\/care2-grey-m\/","title":{"rendered":"Care2 Grey M"},"content":{"rendered":"<p>Turvallinen ja eritt\u00e4in k\u00e4yt\u00e4nn\u00f6llinen kannettava koirah\u00e4kki, joka tarjoaa turvallisen paikan niille, jotka ovat sinulle l\u00e4heisi\u00e4. Sen ainutlaatuisen muodon ja suunnittelun ansiosta saat huolellisesti suunnitellun t\u00f6rm\u00e4yssuojan kaikkiin suuntiin, jos onnettomuus sattuu. Kiinteiden turvavy\u00f6pisteiden ansiosta h\u00e4kki on helppo kiinnitt\u00e4\u00e4 turvavy\u00f6ll\u00e4. Care\u00b2 sopii yht\u00e4 hyvin etu- kuin takapenkille.<\/p>\n","protected":false},"excerpt":{"rendered":"<h4>Care2 Grey M on t\u00e4ydellinen pienille koirille, joiden s\u00e4k\u00e4korkeus on enint\u00e4\u00e4n 30 cm ja paino enint\u00e4\u00e4n 5 kg.<br \/>\nTuotenumero 55122<\/h4>\n<p>Leveys: 37 cm<br \/>\nKorkeus: 40 cm<br \/>\nPituus: 48 cm<br \/>\nPaino: 4.6 kg<\/p>\n","protected":false},"featured_media":66266,"template":"","meta":{"_acf_changed":false},"reservdelskompatibilitet":[],"product_brand":[],"product_cat":[28,21,123],"product_tag":[],"class_list":{"0":"post-66129","1":"product","2":"type-product","3":"status-publish","4":"has-post-thumbnail","6":"product_cat-handhallen-transportor","7":"product_cat-hundbur","8":"product_cat-universal","9":"product_shipping_class-dogcages","11":"first","12":"outofstock","13":"featured","14":"taxable","15":"shipping-taxable","16":"purchasable","17":"product-type-simple"},"acf":[],"_links":{"self":[{"href":"https:\/\/mimsafe.com\/fi\/wp-json\/wp\/v2\/product\/66129","targetHints":{"allow":["GET"]}}],"collection":[{"href":"https:\/\/mimsafe.com\/fi\/wp-json\/wp\/v2\/product"}],"about":[{"href":"https:\/\/mimsafe.com\/fi\/wp-json\/wp\/v2\/types\/product"}],"wp:featuredmedia":[{"embeddable":true,"href":"https:\/\/mimsafe.com\/fi\/wp-json\/wp\/v2\/media\/66266"}],"wp:attachment":[{"href":"https:\/\/mimsafe.com\/fi\/wp-json\/wp\/v2\/media?parent=66129"}],"wp:term":[{"taxonomy":"reservdelskompatibilitet","embeddable":true,"href":"https:\/\/mimsafe.com\/fi\/wp-json\/wp\/v2\/reservdelskompatibilitet?post=66129"},{"taxonomy":"product_brand","embeddable":true,"href":"https:\/\/mimsafe.com\/fi\/wp-json\/wp\/v2\/product_brand?post=66129"},{"taxonomy":"product_cat","embeddable":true,"href":"https:\/\/mimsafe.com\/fi\/wp-json\/wp\/v2\/product_cat?post=66129"},{"taxonomy":"product_tag","embeddable":true,"href":"https:\/\/mimsafe.com\/fi\/wp-json\/wp\/v2\/product_tag?post=66129"}],"curies":[{"name":"wp","href":"https:\/\/api.w.org\/{rel}","templated":true}]}}