{"id":66126,"date":"2024-07-12T12:33:26","date_gmt":"2024-07-12T10:33:26","guid":{"rendered":"https:\/\/staging.mimsafe.com\/?post_type=product&#038;p=66126"},"modified":"2026-01-20T14:11:27","modified_gmt":"2026-01-20T14:11:27","slug":"variocage-minimax-l","status":"publish","type":"product","link":"https:\/\/mimsafe.com\/fi\/product\/variocage-minimax-l\/","title":{"rendered":"VarioCage minimax L"},"content":{"rendered":"<p>Yksinkertainen koirah\u00e4kki, johon mahtuu yksi pieni koira. T\u00e4m\u00e4 h\u00e4kki on helppo s\u00e4\u00e4t\u00e4\u00e4 syvyydelt\u00e4\u00e4n sopimaan autosi tavaratilaan, jolloin tilaa j\u00e4\u00e4 edelleen matkatavaroille. Teleskooppirakenne on sama kuin kaikissa VarioCage-malleissa, mik\u00e4 tarkoittaa, ett\u00e4 se tarjoaa saman suojan kuin muu valikoima.<\/p>\n","protected":false},"excerpt":{"rendered":"<h4>VarioCage Minimax L<br data-start=\"20\" data-end=\"23\" \/>Sopii koiraroduille, joiden s\u00e4k\u00e4korkeus on enint\u00e4\u00e4n 38 cm.<br \/>\nTuotenumero 00390<\/h4>\n<p>Leveys: 45 cm<br \/>\nKorkeus: 45.5 cm<br \/>\nPituus: 57-77 cm<br \/>\nPaino: 9 kg<\/p>\n<p>VarioCage Minimax XL on suunniteltu kuljettamaan yht\u00e4 pient\u00e4 koiraa.<\/p>\n","protected":false},"featured_media":66223,"template":"","meta":{"_acf_changed":false},"reservdelskompatibilitet":[],"product_brand":[],"product_cat":[21,22,27],"product_tag":[],"class_list":{"0":"post-66126","1":"product","2":"type-product","3":"status-publish","4":"has-post-thumbnail","6":"product_cat-hundbur","7":"product_cat-hundbur-for-personbil","8":"product_cat-variocage-minimax","9":"product_shipping_class-dogcages","11":"first","12":"instock","13":"featured","14":"taxable","15":"shipping-taxable","16":"purchasable","17":"product-type-simple"},"acf":[],"_links":{"self":[{"href":"https:\/\/mimsafe.com\/fi\/wp-json\/wp\/v2\/product\/66126","targetHints":{"allow":["GET"]}}],"collection":[{"href":"https:\/\/mimsafe.com\/fi\/wp-json\/wp\/v2\/product"}],"about":[{"href":"https:\/\/mimsafe.com\/fi\/wp-json\/wp\/v2\/types\/product"}],"wp:featuredmedia":[{"embeddable":true,"href":"https:\/\/mimsafe.com\/fi\/wp-json\/wp\/v2\/media\/66223"}],"wp:attachment":[{"href":"https:\/\/mimsafe.com\/fi\/wp-json\/wp\/v2\/media?parent=66126"}],"wp:term":[{"taxonomy":"reservdelskompatibilitet","embeddable":true,"href":"https:\/\/mimsafe.com\/fi\/wp-json\/wp\/v2\/reservdelskompatibilitet?post=66126"},{"taxonomy":"product_brand","embeddable":true,"href":"https:\/\/mimsafe.com\/fi\/wp-json\/wp\/v2\/product_brand?post=66126"},{"taxonomy":"product_cat","embeddable":true,"href":"https:\/\/mimsafe.com\/fi\/wp-json\/wp\/v2\/product_cat?post=66126"},{"taxonomy":"product_tag","embeddable":true,"href":"https:\/\/mimsafe.com\/fi\/wp-json\/wp\/v2\/product_tag?post=66126"}],"curies":[{"name":"wp","href":"https:\/\/api.w.org\/{rel}","templated":true}]}}