{"id":66125,"date":"2024-07-12T12:31:27","date_gmt":"2024-07-12T10:31:27","guid":{"rendered":"https:\/\/staging.mimsafe.com\/?post_type=product&#038;p=66125"},"modified":"2026-01-20T14:11:33","modified_gmt":"2026-01-20T14:11:33","slug":"variocage-compact-xl","status":"publish","type":"product","link":"https:\/\/mimsafe.com\/fi\/product\/variocage-compact-xl\/","title":{"rendered":"VarioCage compact XL"},"content":{"rendered":"<p>Muutamalla yksinkertaisella askeleella syvyys s\u00e4\u00e4det\u00e4\u00e4n sopimaan juuri sinun autoosi. Koska ovi on kohotettu, se avautuu tavaratilan kynnyksen yl\u00e4puolelle.<\/p>\n","protected":false},"excerpt":{"rendered":"<h4>VarioCage Compact XL<br data-start=\"20\" data-end=\"23\" \/>Turvallisin valinta hatchback-autoihin.<br data-start=\"64\" data-end=\"67\" \/>Sopii koiraroduille, joiden s\u00e4k\u00e4korkeus on enint\u00e4\u00e4n 58 cm.<br \/>\nTuotenumero 00368<\/h4>\n<p>Leveys: 70 cm<br \/>\nKorkeus: 65 cm<br \/>\nPituus: 60-82 cm<br \/>\nPaino: 14 kg<\/p>\n<p>VarioCage Compact XL on suunniteltu kuljettamaan yht\u00e4 tai kahta keskikokoista koiraa.<\/p>\n","protected":false},"featured_media":66225,"template":"","meta":{"_acf_changed":false},"reservdelskompatibilitet":[],"product_brand":[],"product_cat":[21,22,26],"product_tag":[],"class_list":{"0":"post-66125","1":"product","2":"type-product","3":"status-publish","4":"has-post-thumbnail","6":"product_cat-hundbur","7":"product_cat-hundbur-for-personbil","8":"product_cat-variocage-compact","9":"product_shipping_class-dogcages","11":"first","12":"instock","13":"featured","14":"taxable","15":"shipping-taxable","16":"purchasable","17":"product-type-simple"},"acf":[],"_links":{"self":[{"href":"https:\/\/mimsafe.com\/fi\/wp-json\/wp\/v2\/product\/66125","targetHints":{"allow":["GET"]}}],"collection":[{"href":"https:\/\/mimsafe.com\/fi\/wp-json\/wp\/v2\/product"}],"about":[{"href":"https:\/\/mimsafe.com\/fi\/wp-json\/wp\/v2\/types\/product"}],"wp:featuredmedia":[{"embeddable":true,"href":"https:\/\/mimsafe.com\/fi\/wp-json\/wp\/v2\/media\/66225"}],"wp:attachment":[{"href":"https:\/\/mimsafe.com\/fi\/wp-json\/wp\/v2\/media?parent=66125"}],"wp:term":[{"taxonomy":"reservdelskompatibilitet","embeddable":true,"href":"https:\/\/mimsafe.com\/fi\/wp-json\/wp\/v2\/reservdelskompatibilitet?post=66125"},{"taxonomy":"product_brand","embeddable":true,"href":"https:\/\/mimsafe.com\/fi\/wp-json\/wp\/v2\/product_brand?post=66125"},{"taxonomy":"product_cat","embeddable":true,"href":"https:\/\/mimsafe.com\/fi\/wp-json\/wp\/v2\/product_cat?post=66125"},{"taxonomy":"product_tag","embeddable":true,"href":"https:\/\/mimsafe.com\/fi\/wp-json\/wp\/v2\/product_tag?post=66125"}],"curies":[{"name":"wp","href":"https:\/\/api.w.org\/{rel}","templated":true}]}}