{"id":66123,"date":"2024-07-12T12:27:06","date_gmt":"2024-07-12T10:27:06","guid":{"rendered":"https:\/\/staging.mimsafe.com\/?post_type=product&#038;p=66123"},"modified":"2026-01-20T14:12:03","modified_gmt":"2026-01-20T14:12:03","slug":"variocage-double-maximum","status":"publish","type":"product","link":"https:\/\/mimsafe.com\/fi\/product\/variocage-double-maximum\/","title":{"rendered":"VarioCage double MAXIMUM"},"content":{"rendered":"<p>Kaksi koiraa voivat istua erill\u00e4\u00e4n ilman, ett\u00e4 ne ylt\u00e4v\u00e4t toisiinsa. Jos toinen koirista tarvitsee enemm\u00e4n tilaa kuin toinen, v\u00e4lisein\u00e4\u00e4 voidaan s\u00e4\u00e4t\u00e4\u00e4 sivusuunnassa. V\u00e4lisein\u00e4 voidaan my\u00f6s poistaa, jolloin iso koira saa koko tilan k\u00e4ytt\u00f6\u00f6ns\u00e4.<\/p>\n","protected":false},"excerpt":{"rendered":"<h4>VarioCage Double MAXIMUM<br data-start=\"24\" data-end=\"27\" \/>Eritt\u00e4in k\u00e4yt\u00e4nn\u00f6llinen kaksoish\u00e4kki koirille.<br data-start=\"71\" data-end=\"74\" \/>Sopii koiraroduille, joiden s\u00e4k\u00e4korkeus on enint\u00e4\u00e4n 77 cm.<br \/>\nTuotenumero 00369<\/h4>\n<p>Leveys: 106 cm<br \/>\nKorkeus: 84.5 cm<br \/>\nPituus: 92-116 cm<br \/>\nPaino: 51 kg<\/p>\n<p>VarioCage Double MAXIMUM on suunniteltu kuljettamaan kahta suurta koiraa.<\/p>\n","protected":false},"featured_media":66230,"template":"","meta":{"_acf_changed":false},"reservdelskompatibilitet":[],"product_brand":[],"product_cat":[21,22,25],"product_tag":[],"class_list":{"0":"post-66123","1":"product","2":"type-product","3":"status-publish","4":"has-post-thumbnail","6":"product_cat-hundbur","7":"product_cat-hundbur-for-personbil","8":"product_cat-variocage-double","9":"product_shipping_class-heavycagescarrier","11":"first","12":"instock","13":"taxable","14":"shipping-taxable","15":"purchasable","16":"product-type-simple"},"acf":[],"_links":{"self":[{"href":"https:\/\/mimsafe.com\/fi\/wp-json\/wp\/v2\/product\/66123","targetHints":{"allow":["GET"]}}],"collection":[{"href":"https:\/\/mimsafe.com\/fi\/wp-json\/wp\/v2\/product"}],"about":[{"href":"https:\/\/mimsafe.com\/fi\/wp-json\/wp\/v2\/types\/product"}],"wp:featuredmedia":[{"embeddable":true,"href":"https:\/\/mimsafe.com\/fi\/wp-json\/wp\/v2\/media\/66230"}],"wp:attachment":[{"href":"https:\/\/mimsafe.com\/fi\/wp-json\/wp\/v2\/media?parent=66123"}],"wp:term":[{"taxonomy":"reservdelskompatibilitet","embeddable":true,"href":"https:\/\/mimsafe.com\/fi\/wp-json\/wp\/v2\/reservdelskompatibilitet?post=66123"},{"taxonomy":"product_brand","embeddable":true,"href":"https:\/\/mimsafe.com\/fi\/wp-json\/wp\/v2\/product_brand?post=66123"},{"taxonomy":"product_cat","embeddable":true,"href":"https:\/\/mimsafe.com\/fi\/wp-json\/wp\/v2\/product_cat?post=66123"},{"taxonomy":"product_tag","embeddable":true,"href":"https:\/\/mimsafe.com\/fi\/wp-json\/wp\/v2\/product_tag?post=66123"}],"curies":[{"name":"wp","href":"https:\/\/api.w.org\/{rel}","templated":true}]}}