{"id":66117,"date":"2024-07-12T12:15:36","date_gmt":"2024-07-12T10:15:36","guid":{"rendered":"https:\/\/staging.mimsafe.com\/?post_type=product&#038;p=66117"},"modified":"2026-01-20T14:13:04","modified_gmt":"2026-01-20T14:13:04","slug":"variocage-double-l","status":"publish","type":"product","link":"https:\/\/mimsafe.com\/fi\/product\/variocage-double-l\/","title":{"rendered":"VarioCage double L"},"content":{"rendered":"<p>Tv\u00e5 hundar kan sitta \u00e5tskilda utan att n\u00e5 varandra. Om en av hundarna beh\u00f6ver mer utrymme \u00e4n den andra kan avdelaren justeras i sidled. Avdelaren kan ocks\u00e5 tas bort f\u00f6r att ge en stor hund hela utrymmet.<\/p>\n","protected":false},"excerpt":{"rendered":"<h4>VarioCage Double L<br data-start=\"24\" data-end=\"27\" \/>Eritt\u00e4in k\u00e4yt\u00e4nn\u00f6llinen kaksoish\u00e4kki koirille.<br data-start=\"71\" data-end=\"74\" \/>Sopii koiraroduille, joiden s\u00e4k\u00e4korkeus on enint\u00e4\u00e4n 58 cm.<br \/>\nTuotenumero 00361<\/h4>\n<p>Leveys: 99 cm<br \/>\nKorkeus: 65 cm<br \/>\nPituus: 76-103 cm<br \/>\nPaino: 32 kg<\/p>\n<p>VarioCage Double L on suunniteltu kuljettamaan kahta suurta koiraa.<\/p>\n","protected":false},"featured_media":66236,"template":"","meta":{"_acf_changed":false},"reservdelskompatibilitet":[],"product_brand":[],"product_cat":[21,22,25],"product_tag":[],"class_list":{"0":"post-66117","1":"product","2":"type-product","3":"status-publish","4":"has-post-thumbnail","6":"product_cat-hundbur","7":"product_cat-hundbur-for-personbil","8":"product_cat-variocage-double","9":"product_shipping_class-dogcages","11":"first","12":"instock","13":"taxable","14":"shipping-taxable","15":"purchasable","16":"product-type-simple"},"acf":[],"_links":{"self":[{"href":"https:\/\/mimsafe.com\/fi\/wp-json\/wp\/v2\/product\/66117","targetHints":{"allow":["GET"]}}],"collection":[{"href":"https:\/\/mimsafe.com\/fi\/wp-json\/wp\/v2\/product"}],"about":[{"href":"https:\/\/mimsafe.com\/fi\/wp-json\/wp\/v2\/types\/product"}],"wp:featuredmedia":[{"embeddable":true,"href":"https:\/\/mimsafe.com\/fi\/wp-json\/wp\/v2\/media\/66236"}],"wp:attachment":[{"href":"https:\/\/mimsafe.com\/fi\/wp-json\/wp\/v2\/media?parent=66117"}],"wp:term":[{"taxonomy":"reservdelskompatibilitet","embeddable":true,"href":"https:\/\/mimsafe.com\/fi\/wp-json\/wp\/v2\/reservdelskompatibilitet?post=66117"},{"taxonomy":"product_brand","embeddable":true,"href":"https:\/\/mimsafe.com\/fi\/wp-json\/wp\/v2\/product_brand?post=66117"},{"taxonomy":"product_cat","embeddable":true,"href":"https:\/\/mimsafe.com\/fi\/wp-json\/wp\/v2\/product_cat?post=66117"},{"taxonomy":"product_tag","embeddable":true,"href":"https:\/\/mimsafe.com\/fi\/wp-json\/wp\/v2\/product_tag?post=66117"}],"curies":[{"name":"wp","href":"https:\/\/api.w.org\/{rel}","templated":true}]}}