{"id":66113,"date":"2024-07-12T11:53:19","date_gmt":"2024-07-12T09:53:19","guid":{"rendered":"https:\/\/staging.mimsafe.com\/?post_type=product&#038;p=66113"},"modified":"2026-01-20T14:13:53","modified_gmt":"2026-01-20T14:13:53","slug":"variocage-single-xxlplus","status":"publish","type":"product","link":"https:\/\/mimsafe.com\/fi\/product\/variocage-single-xxlplus\/","title":{"rendered":"VarioCage single XXL+"},"content":{"rendered":"<p>MIMsafe VarioCage Single on suunniteltu yhdelle koiralle. T\u00e4m\u00e4 h\u00e4kki on helposti s\u00e4\u00e4dett\u00e4viss\u00e4 syvyydelt\u00e4\u00e4n sopimaan autosi tavaratilaan, samalla kun tilaa j\u00e4\u00e4 edelleen matkatavaroille.<\/p>\n","protected":false},"excerpt":{"rendered":"<h4>VarioCage Single XXL+<br \/>\nEritt\u00e4in k\u00e4yt\u00e4nn\u00f6llinen koirah\u00e4kki.<br data-start=\"60\" data-end=\"63\" \/>Sopii koiraroduille, joiden s\u00e4k\u00e4korkeus on enint\u00e4\u00e4n 71 cm.<br \/>\nTuotenumero 00378<\/h4>\n<p>Leveys: 70 cm<br \/>\nKorkeus: 78 cm<br \/>\nPituus: 82-106 cm<br \/>\nPaino: 25.5 kg<\/p>\n<p>VarioCage Single XXL+ on suunniteltu kuljettamaan yht\u00e4 suurta koiraa.<\/p>\n","protected":false},"featured_media":66244,"template":"","meta":{"_acf_changed":false},"reservdelskompatibilitet":[],"product_brand":[],"product_cat":[21,22,24],"product_tag":[],"class_list":{"0":"post-66113","1":"product","2":"type-product","3":"status-publish","4":"has-post-thumbnail","6":"product_cat-hundbur","7":"product_cat-hundbur-for-personbil","8":"product_cat-variocage-single","9":"product_shipping_class-dogcages","11":"first","12":"instock","13":"taxable","14":"shipping-taxable","15":"purchasable","16":"product-type-simple"},"acf":[],"_links":{"self":[{"href":"https:\/\/mimsafe.com\/fi\/wp-json\/wp\/v2\/product\/66113","targetHints":{"allow":["GET"]}}],"collection":[{"href":"https:\/\/mimsafe.com\/fi\/wp-json\/wp\/v2\/product"}],"about":[{"href":"https:\/\/mimsafe.com\/fi\/wp-json\/wp\/v2\/types\/product"}],"wp:featuredmedia":[{"embeddable":true,"href":"https:\/\/mimsafe.com\/fi\/wp-json\/wp\/v2\/media\/66244"}],"wp:attachment":[{"href":"https:\/\/mimsafe.com\/fi\/wp-json\/wp\/v2\/media?parent=66113"}],"wp:term":[{"taxonomy":"reservdelskompatibilitet","embeddable":true,"href":"https:\/\/mimsafe.com\/fi\/wp-json\/wp\/v2\/reservdelskompatibilitet?post=66113"},{"taxonomy":"product_brand","embeddable":true,"href":"https:\/\/mimsafe.com\/fi\/wp-json\/wp\/v2\/product_brand?post=66113"},{"taxonomy":"product_cat","embeddable":true,"href":"https:\/\/mimsafe.com\/fi\/wp-json\/wp\/v2\/product_cat?post=66113"},{"taxonomy":"product_tag","embeddable":true,"href":"https:\/\/mimsafe.com\/fi\/wp-json\/wp\/v2\/product_tag?post=66113"}],"curies":[{"name":"wp","href":"https:\/\/api.w.org\/{rel}","templated":true}]}}