{"id":66112,"date":"2024-07-12T11:48:24","date_gmt":"2024-07-12T09:48:24","guid":{"rendered":"https:\/\/staging.mimsafe.com\/?post_type=product&#038;p=66112"},"modified":"2026-01-20T14:14:03","modified_gmt":"2026-01-20T14:14:03","slug":"variocage-single-xl","status":"publish","type":"product","link":"https:\/\/mimsafe.com\/fi\/product\/variocage-single-xl\/","title":{"rendered":"VarioCage single XL"},"content":{"rendered":"<p>MIMsafe VarioCage Single on suunniteltu yhdelle koiralle. T\u00e4m\u00e4 h\u00e4kki on helposti s\u00e4\u00e4dett\u00e4viss\u00e4 syvyydelt\u00e4\u00e4n sopimaan autosi tavaratilaan, samalla kun tilaa j\u00e4\u00e4 edelleen matkatavaroille.<\/p>\n","protected":false},"excerpt":{"rendered":"<h4>VarioCage Single XL<br \/>\nEritt\u00e4in k\u00e4yt\u00e4nn\u00f6llinen koirah\u00e4kki.<br data-start=\"60\" data-end=\"63\" \/>Sopii koiraroduille, joiden s\u00e4k\u00e4korkeus on enint\u00e4\u00e4n 64 cm.<br \/>\nTuotenumero 00380<\/h4>\n<p>Leveys: 70 cm<br \/>\nKorkeus: 71.5 cm<br \/>\nPituus: 81-103 cm<br \/>\nPaino: 22.5 kg<\/p>\n<p>VarioCage Single XL on suunniteltu kuljettamaan yht\u00e4 suurta koiraa.<\/p>\n","protected":false},"featured_media":66246,"template":"","meta":{"_acf_changed":false},"reservdelskompatibilitet":[],"product_brand":[],"product_cat":[21,22,24],"product_tag":[],"class_list":{"0":"post-66112","1":"product","2":"type-product","3":"status-publish","4":"has-post-thumbnail","6":"product_cat-hundbur","7":"product_cat-hundbur-for-personbil","8":"product_cat-variocage-single","9":"product_shipping_class-dogcages","11":"first","12":"instock","13":"featured","14":"taxable","15":"shipping-taxable","16":"purchasable","17":"product-type-simple"},"acf":[],"_links":{"self":[{"href":"https:\/\/mimsafe.com\/fi\/wp-json\/wp\/v2\/product\/66112","targetHints":{"allow":["GET"]}}],"collection":[{"href":"https:\/\/mimsafe.com\/fi\/wp-json\/wp\/v2\/product"}],"about":[{"href":"https:\/\/mimsafe.com\/fi\/wp-json\/wp\/v2\/types\/product"}],"wp:featuredmedia":[{"embeddable":true,"href":"https:\/\/mimsafe.com\/fi\/wp-json\/wp\/v2\/media\/66246"}],"wp:attachment":[{"href":"https:\/\/mimsafe.com\/fi\/wp-json\/wp\/v2\/media?parent=66112"}],"wp:term":[{"taxonomy":"reservdelskompatibilitet","embeddable":true,"href":"https:\/\/mimsafe.com\/fi\/wp-json\/wp\/v2\/reservdelskompatibilitet?post=66112"},{"taxonomy":"product_brand","embeddable":true,"href":"https:\/\/mimsafe.com\/fi\/wp-json\/wp\/v2\/product_brand?post=66112"},{"taxonomy":"product_cat","embeddable":true,"href":"https:\/\/mimsafe.com\/fi\/wp-json\/wp\/v2\/product_cat?post=66112"},{"taxonomy":"product_tag","embeddable":true,"href":"https:\/\/mimsafe.com\/fi\/wp-json\/wp\/v2\/product_tag?post=66112"}],"curies":[{"name":"wp","href":"https:\/\/api.w.org\/{rel}","templated":true}]}}