{"id":66111,"date":"2024-07-12T11:46:17","date_gmt":"2024-07-12T09:46:17","guid":{"rendered":"https:\/\/staging.mimsafe.com\/?post_type=product&#038;p=66111"},"modified":"2026-01-20T14:14:12","modified_gmt":"2026-01-20T14:14:12","slug":"variocage-single-lplus","status":"publish","type":"product","link":"https:\/\/mimsafe.com\/fi\/product\/variocage-single-lplus\/","title":{"rendered":"VarioCage single L+"},"content":{"rendered":"<p>MIMsafe VarioCage Single on suunniteltu yhdelle koiralle. T\u00e4m\u00e4 h\u00e4kki on helposti s\u00e4\u00e4dett\u00e4viss\u00e4 syvyydelt\u00e4\u00e4n sopimaan autosi tavaratilaan, samalla kun tilaa j\u00e4\u00e4 edelleen matkatavaroille.<\/p>\n","protected":false},"excerpt":{"rendered":"<h4>VarioCage Single L+<br \/>\nEritt\u00e4in k\u00e4yt\u00e4nn\u00f6llinen koirah\u00e4kki.<br data-start=\"60\" data-end=\"63\" \/>Sopii koiraroduille, joiden s\u00e4k\u00e4korkeus on enint\u00e4\u00e4n 62 cm.<br \/>\nTuotenumero 00379<\/h4>\n<p>Leveys: 70 cm<br \/>\nKorkeus: 69 cm<br \/>\nPituus: 81-103 cm<br \/>\nPaino: 22.5 kg<\/p>\n<p>VarioCage Single L+ on suunniteltu kuljettamaan yht\u00e4 suurta koiraa.<\/p>\n","protected":false},"featured_media":66248,"template":"","meta":{"_acf_changed":false},"reservdelskompatibilitet":[],"product_brand":[],"product_cat":[21,22,24],"product_tag":[],"class_list":{"0":"post-66111","1":"product","2":"type-product","3":"status-publish","4":"has-post-thumbnail","6":"product_cat-hundbur","7":"product_cat-hundbur-for-personbil","8":"product_cat-variocage-single","9":"product_shipping_class-dogcages","11":"first","12":"instock","13":"taxable","14":"shipping-taxable","15":"purchasable","16":"product-type-simple"},"acf":[],"_links":{"self":[{"href":"https:\/\/mimsafe.com\/fi\/wp-json\/wp\/v2\/product\/66111","targetHints":{"allow":["GET"]}}],"collection":[{"href":"https:\/\/mimsafe.com\/fi\/wp-json\/wp\/v2\/product"}],"about":[{"href":"https:\/\/mimsafe.com\/fi\/wp-json\/wp\/v2\/types\/product"}],"wp:featuredmedia":[{"embeddable":true,"href":"https:\/\/mimsafe.com\/fi\/wp-json\/wp\/v2\/media\/66248"}],"wp:attachment":[{"href":"https:\/\/mimsafe.com\/fi\/wp-json\/wp\/v2\/media?parent=66111"}],"wp:term":[{"taxonomy":"reservdelskompatibilitet","embeddable":true,"href":"https:\/\/mimsafe.com\/fi\/wp-json\/wp\/v2\/reservdelskompatibilitet?post=66111"},{"taxonomy":"product_brand","embeddable":true,"href":"https:\/\/mimsafe.com\/fi\/wp-json\/wp\/v2\/product_brand?post=66111"},{"taxonomy":"product_cat","embeddable":true,"href":"https:\/\/mimsafe.com\/fi\/wp-json\/wp\/v2\/product_cat?post=66111"},{"taxonomy":"product_tag","embeddable":true,"href":"https:\/\/mimsafe.com\/fi\/wp-json\/wp\/v2\/product_tag?post=66111"}],"curies":[{"name":"wp","href":"https:\/\/api.w.org\/{rel}","templated":true}]}}