{"id":63881,"date":"2024-06-20T13:57:34","date_gmt":"2024-06-20T11:57:34","guid":{"rendered":"https:\/\/staging.mimsafe.com\/?post_type=product&#038;p=63881"},"modified":"2026-03-05T10:28:00","modified_gmt":"2026-03-05T10:28:00","slug":"takbox-carrier-l-med-takracke","status":"publish","type":"product","link":"https:\/\/mimsafe.com\/fi\/product\/takbox-carrier-l-med-takracke\/","title":{"rendered":"Suksiboksi kattotelineell\u00e4, merkilt\u00e4 Montblanc"},"content":{"rendered":"<p>Kukaan takaboksivalmistaja ei ole aiemmin suhtautunut t\u00f6rm\u00e4ysturvallisuuteen yht\u00e4 vakavasti kuin me. T\u00e4m\u00e4 premium-boksi pysyy katolla my\u00f6s suuremmissa t\u00f6rm\u00e4ysnopeuksissa, ja paketit ovat turvassa \u00e4\u00e4rimm\u00e4isen vahvojen kuormansidontalenkkejen ansiosta, jotka kuuluvat ainutlaatuiseen TEAS-turvaj\u00e4rjestelm\u00e4\u00e4mme. Nouse siis autoon hyvill\u00e4 mielin, tiet\u00e4en, ett\u00e4 v\u00e4lt\u00e4t vahingoittamasta muita onnettomuuden sattuessa.<\/p>\n","protected":false},"excerpt":{"rendered":"<h4>Suksiboksi kattotelineell\u00e4, merkilt\u00e4 Montblanc<br \/>\nTuotenumero 72100<\/h4>\n<p>Leveys: 96.8 cm<br \/>\nKorkeus: 33.7 cm<br \/>\nPituus: 224 cm<br \/>\nTilavuus: 380 litraa<br \/>\nPaino: 30 kg<\/p>\n","protected":false},"featured_media":63885,"template":"","meta":{"_acf_changed":false},"reservdelskompatibilitet":[],"product_brand":[],"product_cat":[18,123],"product_tag":[],"class_list":{"0":"post-63881","1":"product","2":"type-product","3":"status-publish","4":"has-post-thumbnail","6":"product_cat-takbox","7":"product_cat-universal","8":"product_shipping_class-free-shipping","10":"first","11":"instock","12":"taxable","13":"shipping-taxable","14":"purchasable","15":"product-type-simple"},"acf":[],"_links":{"self":[{"href":"https:\/\/mimsafe.com\/fi\/wp-json\/wp\/v2\/product\/63881","targetHints":{"allow":["GET"]}}],"collection":[{"href":"https:\/\/mimsafe.com\/fi\/wp-json\/wp\/v2\/product"}],"about":[{"href":"https:\/\/mimsafe.com\/fi\/wp-json\/wp\/v2\/types\/product"}],"wp:featuredmedia":[{"embeddable":true,"href":"https:\/\/mimsafe.com\/fi\/wp-json\/wp\/v2\/media\/63885"}],"wp:attachment":[{"href":"https:\/\/mimsafe.com\/fi\/wp-json\/wp\/v2\/media?parent=63881"}],"wp:term":[{"taxonomy":"reservdelskompatibilitet","embeddable":true,"href":"https:\/\/mimsafe.com\/fi\/wp-json\/wp\/v2\/reservdelskompatibilitet?post=63881"},{"taxonomy":"product_brand","embeddable":true,"href":"https:\/\/mimsafe.com\/fi\/wp-json\/wp\/v2\/product_brand?post=63881"},{"taxonomy":"product_cat","embeddable":true,"href":"https:\/\/mimsafe.com\/fi\/wp-json\/wp\/v2\/product_cat?post=63881"},{"taxonomy":"product_tag","embeddable":true,"href":"https:\/\/mimsafe.com\/fi\/wp-json\/wp\/v2\/product_tag?post=63881"}],"curies":[{"name":"wp","href":"https:\/\/api.w.org\/{rel}","templated":true}]}}