{"id":63133,"date":"2024-05-06T15:04:31","date_gmt":"2024-05-06T13:04:31","guid":{"rendered":"https:\/\/staging.mimsafe.com\/?post_type=product&#038;p=63133"},"modified":"2026-02-16T13:33:20","modified_gmt":"2026-02-16T13:33:20","slug":"reservdelslas-2-pack","status":"publish","type":"product","link":"https:\/\/mimsafe.com\/fi\/product\/reservdelslas-2-pack\/","title":{"rendered":"Varalukko 2-PACK"},"content":{"rendered":"[vc_row type=&#8221;in_container&#8221; full_screen_row_position=&#8221;middle&#8221; column_margin=&#8221;default&#8221; column_direction=&#8221;default&#8221; column_direction_tablet=&#8221;default&#8221; column_direction_phone=&#8221;default&#8221; scene_position=&#8221;center&#8221; text_color=&#8221;dark&#8221; text_align=&#8221;left&#8221; row_border_radius=&#8221;none&#8221; row_border_radius_applies=&#8221;bg&#8221; overflow=&#8221;visible&#8221; overlay_strength=&#8221;0.3&#8243; gradient_direction=&#8221;left_to_right&#8221; shape_divider_position=&#8221;bottom&#8221; bg_image_animation=&#8221;none&#8221;][vc_column column_padding=&#8221;no-extra-padding&#8221; column_padding_tablet=&#8221;inherit&#8221; column_padding_phone=&#8221;inherit&#8221; column_padding_position=&#8221;all&#8221; column_element_spacing=&#8221;default&#8221; background_color_opacity=&#8221;1&#8243; background_hover_color_opacity=&#8221;1&#8243; column_shadow=&#8221;none&#8221; column_border_radius=&#8221;none&#8221; column_link_target=&#8221;_self&#8221; column_position=&#8221;default&#8221; gradient_direction=&#8221;left_to_right&#8221; overlay_strength=&#8221;0.3&#8243; width=&#8221;1\/1&#8243; tablet_width_inherit=&#8221;default&#8221; tablet_text_alignment=&#8221;default&#8221; phone_text_alignment=&#8221;default&#8221; animation_type=&#8221;default&#8221; bg_image_animation=&#8221;none&#8221; border_type=&#8221;simple&#8221; column_border_width=&#8221;none&#8221; column_border_style=&#8221;solid&#8221;][vc_column_text]<strong>Sis\u00e4lt\u00e4\u00e4:<\/strong><\/p>\n<p>2x C650-L-2-180\/KS-25 (aero matr.)[\/vc_column_text][vc_video link=&#8221;https:\/\/youtu.be\/wvpPYlHCv8E?si=LmFfyUmO-Mn8TkFI&#8221;][\/vc_column][\/vc_row]\n","protected":false},"excerpt":{"rendered":"<h4><strong>Varalukko 2-PACK<br \/>\nKaksi lukkoa avaimella, sama avain molempiin lukkoihin.<br \/>\nTuotenumero: 59018<\/strong><\/h4>\n<p><strong>Sopii seuraaviin:<br \/>\n<\/strong>VarioCage double (kaikki koot),<br \/>\nVarioGate double,<br \/>\nMultiCage double (kaikki koot)<\/p>\n","protected":false},"featured_media":63134,"template":"","meta":{"_acf_changed":false},"reservdelskompatibilitet":[50,51,53,54,58,60,65,66,69,73,74,75,78,79,77,81,85,86],"product_brand":[],"product_cat":[19],"product_tag":[],"class_list":{"0":"post-63133","1":"product","2":"type-product","3":"status-publish","4":"has-post-thumbnail","6":"reservdelskompatibilitet-00361-l","7":"reservdelskompatibilitet-00362-l","8":"reservdelskompatibilitet-00364-xl","9":"reservdelskompatibilitet-00365-xxl","10":"reservdelskompatibilitet-00369-maximum","11":"reservdelskompatibilitet-00377-s","12":"reservdelskompatibilitet-00382-xxl","13":"reservdelskompatibilitet-00383-m","14":"reservdelskompatibilitet-69","15":"reservdelskompatibilitet-56254-m","16":"reservdelskompatibilitet-56260-l","17":"reservdelskompatibilitet-56275-xl","18":"reservdelskompatibilitet-mc-double","19":"reservdelskompatibilitet-vc-double","20":"reservdelskompatibilitet-vg-double","21":"reservdelskompatibilitet-multicage","22":"reservdelskompatibilitet-variocage","23":"reservdelskompatibilitet-variogate","24":"product_cat-reservdelar","25":"product_shipping_class-reservdelar","27":"first","28":"instock","29":"taxable","30":"shipping-taxable","31":"purchasable","32":"product-type-simple"},"acf":[],"_links":{"self":[{"href":"https:\/\/mimsafe.com\/fi\/wp-json\/wp\/v2\/product\/63133","targetHints":{"allow":["GET"]}}],"collection":[{"href":"https:\/\/mimsafe.com\/fi\/wp-json\/wp\/v2\/product"}],"about":[{"href":"https:\/\/mimsafe.com\/fi\/wp-json\/wp\/v2\/types\/product"}],"wp:featuredmedia":[{"embeddable":true,"href":"https:\/\/mimsafe.com\/fi\/wp-json\/wp\/v2\/media\/63134"}],"wp:attachment":[{"href":"https:\/\/mimsafe.com\/fi\/wp-json\/wp\/v2\/media?parent=63133"}],"wp:term":[{"taxonomy":"reservdelskompatibilitet","embeddable":true,"href":"https:\/\/mimsafe.com\/fi\/wp-json\/wp\/v2\/reservdelskompatibilitet?post=63133"},{"taxonomy":"product_brand","embeddable":true,"href":"https:\/\/mimsafe.com\/fi\/wp-json\/wp\/v2\/product_brand?post=63133"},{"taxonomy":"product_cat","embeddable":true,"href":"https:\/\/mimsafe.com\/fi\/wp-json\/wp\/v2\/product_cat?post=63133"},{"taxonomy":"product_tag","embeddable":true,"href":"https:\/\/mimsafe.com\/fi\/wp-json\/wp\/v2\/product_tag?post=63133"}],"curies":[{"name":"wp","href":"https:\/\/api.w.org\/{rel}","templated":true}]}}