{"id":63069,"date":"2024-05-02T15:53:34","date_gmt":"2024-05-02T13:53:34","guid":{"rendered":"https:\/\/staging.mimsafe.com\/?post_type=product&#038;p=63069"},"modified":"2026-02-16T13:33:51","modified_gmt":"2026-02-16T13:33:51","slug":"gasfjader-reparationskit","status":"publish","type":"product","link":"https:\/\/mimsafe.com\/fi\/product\/gasfjader-reparationskit\/","title":{"rendered":"Kaasukumipumppu korjaussarja"},"content":{"rendered":"<p><strong>Sis\u00e4lt\u00e4\u00e4:<\/strong><\/p>\n<p>1x M-GS061240154 050N<br \/>\n4x M-BR7x20x20x2<br \/>\n2x M-MM6NyS<br \/>\n2x 00-gaspivot<\/p>\n","protected":false},"excerpt":{"rendered":"<h4>Kaasukumipumppu korjaussarja<br \/>\nKorjaussarja kaasujouselle<br \/>\n<strong>Tuotenumero: 59028<\/strong><\/h4>\n<p><strong>Sopii seuraaviin:<br \/>\n<\/strong>VarioCage single (kaikki koot),<br \/>\nVarioCage double (kaikki koot),<br \/>\nVarioCage compact (kaikki koot),<br \/>\nVarioCage minimax (kaikki koot),<br \/>\nVarioGate single,<br \/>\nVarioGate double,<br \/>\nMultiCage single (kaikki koot),<br \/>\nMultiCage double (kaikki koot)<\/p>\n","protected":false},"featured_media":63366,"template":"","meta":{"_acf_changed":false},"reservdelskompatibilitet":[50,51,52,53,54,55,56,57,58,59,60,61,62,63,64,65,66,67,68,69,70,71,72,73,74,75,76,79,77,78,80,81,84,82,83,85,86],"product_brand":[],"product_cat":[19],"product_tag":[],"class_list":{"0":"post-63069","1":"product","2":"type-product","3":"status-publish","4":"has-post-thumbnail","6":"reservdelskompatibilitet-00361-l","7":"reservdelskompatibilitet-00362-l","8":"reservdelskompatibilitet-00363-l","9":"reservdelskompatibilitet-00364-xl","10":"reservdelskompatibilitet-00365-xxl","11":"reservdelskompatibilitet-00366-xl","12":"reservdelskompatibilitet-00367-l","13":"reservdelskompatibilitet-00368-xl","14":"reservdelskompatibilitet-00369-maximum","15":"reservdelskompatibilitet-00376-xs","16":"reservdelskompatibilitet-00377-s","17":"reservdelskompatibilitet-00378-xxl","18":"reservdelskompatibilitet-00379-l","19":"reservdelskompatibilitet-00380-xl","20":"reservdelskompatibilitet-00381-maximum","21":"reservdelskompatibilitet-00382-xxl","22":"reservdelskompatibilitet-00383-m","23":"reservdelskompatibilitet-00390-l","24":"reservdelskompatibilitet-68","25":"reservdelskompatibilitet-69","26":"reservdelskompatibilitet-56154-m","27":"reservdelskompatibilitet-56160-l","28":"reservdelskompatibilitet-56175-xl","29":"reservdelskompatibilitet-56254-m","30":"reservdelskompatibilitet-56260-l","31":"reservdelskompatibilitet-56275-xl","32":"reservdelskompatibilitet-vc-compact","33":"reservdelskompatibilitet-vc-double","34":"reservdelskompatibilitet-vg-double","35":"reservdelskompatibilitet-mc-double","36":"reservdelskompatibilitet-vc-minimax","37":"reservdelskompatibilitet-multicage","38":"reservdelskompatibilitet-vc-single","39":"reservdelskompatibilitet-vg-single","40":"reservdelskompatibilitet-mc-single","41":"reservdelskompatibilitet-variocage","42":"reservdelskompatibilitet-variogate","43":"product_cat-reservdelar","44":"product_shipping_class-reservdelar","46":"first","47":"instock","48":"taxable","49":"shipping-taxable","50":"purchasable","51":"product-type-simple"},"acf":[],"_links":{"self":[{"href":"https:\/\/mimsafe.com\/fi\/wp-json\/wp\/v2\/product\/63069","targetHints":{"allow":["GET"]}}],"collection":[{"href":"https:\/\/mimsafe.com\/fi\/wp-json\/wp\/v2\/product"}],"about":[{"href":"https:\/\/mimsafe.com\/fi\/wp-json\/wp\/v2\/types\/product"}],"wp:featuredmedia":[{"embeddable":true,"href":"https:\/\/mimsafe.com\/fi\/wp-json\/wp\/v2\/media\/63366"}],"wp:attachment":[{"href":"https:\/\/mimsafe.com\/fi\/wp-json\/wp\/v2\/media?parent=63069"}],"wp:term":[{"taxonomy":"reservdelskompatibilitet","embeddable":true,"href":"https:\/\/mimsafe.com\/fi\/wp-json\/wp\/v2\/reservdelskompatibilitet?post=63069"},{"taxonomy":"product_brand","embeddable":true,"href":"https:\/\/mimsafe.com\/fi\/wp-json\/wp\/v2\/product_brand?post=63069"},{"taxonomy":"product_cat","embeddable":true,"href":"https:\/\/mimsafe.com\/fi\/wp-json\/wp\/v2\/product_cat?post=63069"},{"taxonomy":"product_tag","embeddable":true,"href":"https:\/\/mimsafe.com\/fi\/wp-json\/wp\/v2\/product_tag?post=63069"}],"curies":[{"name":"wp","href":"https:\/\/api.w.org\/{rel}","templated":true}]}}