{"id":63067,"date":"2024-05-02T15:51:37","date_gmt":"2024-05-02T13:51:37","guid":{"rendered":"https:\/\/staging.mimsafe.com\/?post_type=product&#038;p=63067"},"modified":"2026-02-16T13:33:37","modified_gmt":"2026-02-16T13:33:37","slug":"variogate-set-3","status":"publish","type":"product","link":"https:\/\/mimsafe.com\/fi\/product\/variogate-set-3\/","title":{"rendered":"VarioGate SET 3"},"content":{"rendered":"[vc_row type=&#8221;in_container&#8221; full_screen_row_position=&#8221;middle&#8221; column_margin=&#8221;default&#8221; column_direction=&#8221;default&#8221; column_direction_tablet=&#8221;default&#8221; column_direction_phone=&#8221;default&#8221; scene_position=&#8221;center&#8221; text_color=&#8221;dark&#8221; text_align=&#8221;left&#8221; row_border_radius=&#8221;none&#8221; row_border_radius_applies=&#8221;bg&#8221; overflow=&#8221;visible&#8221; overlay_strength=&#8221;0.3&#8243; gradient_direction=&#8221;left_to_right&#8221; shape_divider_position=&#8221;bottom&#8221; bg_image_animation=&#8221;none&#8221;][vc_column column_padding=&#8221;no-extra-padding&#8221; column_padding_tablet=&#8221;inherit&#8221; column_padding_phone=&#8221;inherit&#8221; column_padding_position=&#8221;all&#8221; column_element_direction_desktop=&#8221;default&#8221; column_element_spacing=&#8221;default&#8221; desktop_text_alignment=&#8221;default&#8221; tablet_text_alignment=&#8221;default&#8221; phone_text_alignment=&#8221;default&#8221; background_color_opacity=&#8221;1&#8243; background_hover_color_opacity=&#8221;1&#8243; column_backdrop_filter=&#8221;none&#8221; column_shadow=&#8221;none&#8221; column_border_radius=&#8221;none&#8221; column_link_target=&#8221;_self&#8221; column_position=&#8221;default&#8221; gradient_direction=&#8221;left_to_right&#8221; overlay_strength=&#8221;0.3&#8243; width=&#8221;1\/1&#8243; tablet_width_inherit=&#8221;default&#8221; animation_type=&#8221;default&#8221; bg_image_animation=&#8221;none&#8221; border_type=&#8221;simple&#8221; column_border_width=&#8221;none&#8221; column_border_style=&#8221;solid&#8221;][vc_column_text css=&#8221;&#8221; text_direction=&#8221;default&#8221;]<strong>Sis\u00e4lt\u00e4\u00e4:<\/strong><\/p>\n<p>1x M-460641V<br \/>\n1x M-BR8,4x16x1,6<br \/>\n1x M-SM8x45[\/vc_column_text][vc_video link=&#8221;https:\/\/youtu.be\/FBlgdyZBETU?si=tdAO0iKWbaWjZudc&#8221;][\/vc_column][\/vc_row]\n","protected":false},"excerpt":{"rendered":"<h4>VarioGate SET 3<br \/>\nVaraosat teleskooppiputkien lukitukseen VarioGateen.<br \/>\nTuotenumero 59022<\/h4>\n<p><strong>Sopii seuraaviin:<\/strong><br \/>\nVarioGate single,<br \/>\nVarioGate double,<\/p>\n","protected":false},"featured_media":63068,"template":"","meta":{"_acf_changed":false},"reservdelskompatibilitet":[68,69,77,82,86],"product_brand":[],"product_cat":[19],"product_tag":[],"class_list":{"0":"post-63067","1":"product","2":"type-product","3":"status-publish","4":"has-post-thumbnail","6":"reservdelskompatibilitet-68","7":"reservdelskompatibilitet-69","8":"reservdelskompatibilitet-vg-double","9":"reservdelskompatibilitet-vg-single","10":"reservdelskompatibilitet-variogate","11":"product_cat-reservdelar","12":"product_shipping_class-reservdelar","14":"first","15":"instock","16":"taxable","17":"shipping-taxable","18":"purchasable","19":"product-type-simple"},"acf":[],"_links":{"self":[{"href":"https:\/\/mimsafe.com\/fi\/wp-json\/wp\/v2\/product\/63067","targetHints":{"allow":["GET"]}}],"collection":[{"href":"https:\/\/mimsafe.com\/fi\/wp-json\/wp\/v2\/product"}],"about":[{"href":"https:\/\/mimsafe.com\/fi\/wp-json\/wp\/v2\/types\/product"}],"wp:featuredmedia":[{"embeddable":true,"href":"https:\/\/mimsafe.com\/fi\/wp-json\/wp\/v2\/media\/63068"}],"wp:attachment":[{"href":"https:\/\/mimsafe.com\/fi\/wp-json\/wp\/v2\/media?parent=63067"}],"wp:term":[{"taxonomy":"reservdelskompatibilitet","embeddable":true,"href":"https:\/\/mimsafe.com\/fi\/wp-json\/wp\/v2\/reservdelskompatibilitet?post=63067"},{"taxonomy":"product_brand","embeddable":true,"href":"https:\/\/mimsafe.com\/fi\/wp-json\/wp\/v2\/product_brand?post=63067"},{"taxonomy":"product_cat","embeddable":true,"href":"https:\/\/mimsafe.com\/fi\/wp-json\/wp\/v2\/product_cat?post=63067"},{"taxonomy":"product_tag","embeddable":true,"href":"https:\/\/mimsafe.com\/fi\/wp-json\/wp\/v2\/product_tag?post=63067"}],"curies":[{"name":"wp","href":"https:\/\/api.w.org\/{rel}","templated":true}]}}