{"id":63063,"date":"2024-05-02T15:47:27","date_gmt":"2024-05-02T13:47:27","guid":{"rendered":"https:\/\/staging.mimsafe.com\/?post_type=product&#038;p=63063"},"modified":"2026-02-16T13:33:08","modified_gmt":"2026-02-16T13:33:08","slug":"variocage-set-4","status":"publish","type":"product","link":"https:\/\/mimsafe.com\/fi\/product\/variocage-set-4\/","title":{"rendered":"VarioCage SET 4"},"content":{"rendered":"<p><strong>Sis\u00e4lt\u00e4\u00e4:<\/strong><\/p>\n<p>1x Allen key 4<br \/>\n9x M-460641D<br \/>\n4x M-B251,56,5SLD<br \/>\n9x M-SM6x14IA<br \/>\n4x M-BR6x19x1S<\/p>\n","protected":false},"excerpt":{"rendered":"<h4>VarioCage SET 4<br \/>\nVaraosat VarioCageen. T\u00e4ydellinen sarja v\u00e4lisein\u00e4\u00e4 varten.<br \/>\nTuotenumero 59017<\/h4>\n<p><strong>Sopii seuraaviin:<\/strong><br \/>\nVarioCage double (kaikki koot),<\/p>\n","protected":false},"featured_media":63064,"template":"","meta":{"_acf_changed":false},"reservdelskompatibilitet":[50,51,53,54,58,60,65,66,79,85],"product_brand":[],"product_cat":[19],"product_tag":[],"class_list":{"0":"post-63063","1":"product","2":"type-product","3":"status-publish","4":"has-post-thumbnail","6":"reservdelskompatibilitet-00361-l","7":"reservdelskompatibilitet-00362-l","8":"reservdelskompatibilitet-00364-xl","9":"reservdelskompatibilitet-00365-xxl","10":"reservdelskompatibilitet-00369-maximum","11":"reservdelskompatibilitet-00377-s","12":"reservdelskompatibilitet-00382-xxl","13":"reservdelskompatibilitet-00383-m","14":"reservdelskompatibilitet-vc-double","15":"reservdelskompatibilitet-variocage","16":"product_cat-reservdelar","17":"product_shipping_class-reservdelar","19":"first","20":"instock","21":"taxable","22":"shipping-taxable","23":"purchasable","24":"product-type-simple"},"acf":[],"_links":{"self":[{"href":"https:\/\/mimsafe.com\/fi\/wp-json\/wp\/v2\/product\/63063","targetHints":{"allow":["GET"]}}],"collection":[{"href":"https:\/\/mimsafe.com\/fi\/wp-json\/wp\/v2\/product"}],"about":[{"href":"https:\/\/mimsafe.com\/fi\/wp-json\/wp\/v2\/types\/product"}],"wp:featuredmedia":[{"embeddable":true,"href":"https:\/\/mimsafe.com\/fi\/wp-json\/wp\/v2\/media\/63064"}],"wp:attachment":[{"href":"https:\/\/mimsafe.com\/fi\/wp-json\/wp\/v2\/media?parent=63063"}],"wp:term":[{"taxonomy":"reservdelskompatibilitet","embeddable":true,"href":"https:\/\/mimsafe.com\/fi\/wp-json\/wp\/v2\/reservdelskompatibilitet?post=63063"},{"taxonomy":"product_brand","embeddable":true,"href":"https:\/\/mimsafe.com\/fi\/wp-json\/wp\/v2\/product_brand?post=63063"},{"taxonomy":"product_cat","embeddable":true,"href":"https:\/\/mimsafe.com\/fi\/wp-json\/wp\/v2\/product_cat?post=63063"},{"taxonomy":"product_tag","embeddable":true,"href":"https:\/\/mimsafe.com\/fi\/wp-json\/wp\/v2\/product_tag?post=63063"}],"curies":[{"name":"wp","href":"https:\/\/api.w.org\/{rel}","templated":true}]}}