{"id":63059,"date":"2024-05-02T15:41:44","date_gmt":"2024-05-02T13:41:44","guid":{"rendered":"https:\/\/staging.mimsafe.com\/?post_type=product&#038;p=63059"},"modified":"2026-02-16T13:32:46","modified_gmt":"2026-02-16T13:32:46","slug":"nodlucka-set-1","status":"publish","type":"product","link":"https:\/\/mimsafe.com\/fi\/product\/nodlucka-set-1\/","title":{"rendered":"H\u00e4t\u00e4luukku SET 1"},"content":{"rendered":"<p><strong>Sis\u00e4lt\u00e4\u00e4:<\/strong><\/p>\n<p>3x M-460641AQ<br \/>\n2x M-SM6x12<\/p>\n","protected":false},"excerpt":{"rendered":"<h4>H\u00e4t\u00e4luukku SET 1<br \/>\nVaraosat VarioCageen h\u00e4t\u00e4luukun sivuun.<br \/>\nTuotenumero 59015<\/h4>\n<p><strong>Sopii seuraaviin:<br \/>\n<\/strong>VarioCage single (kaikki koot),<br \/>\nVarioCage double (kaikki koot),<br \/>\nVarioCage compact \u00a0(kaikki koot),<br \/>\nVarioCage minimax (kaikki koot),<\/p>\n","protected":false},"featured_media":63060,"template":"","meta":{"_acf_changed":false},"reservdelskompatibilitet":[50,51,52,53,54,55,56,57,58,59,60,61,62,63,64,65,66,67,76,79,80,84,85],"product_brand":[],"product_cat":[19],"product_tag":[],"class_list":{"0":"post-63059","1":"product","2":"type-product","3":"status-publish","4":"has-post-thumbnail","6":"reservdelskompatibilitet-00361-l","7":"reservdelskompatibilitet-00362-l","8":"reservdelskompatibilitet-00363-l","9":"reservdelskompatibilitet-00364-xl","10":"reservdelskompatibilitet-00365-xxl","11":"reservdelskompatibilitet-00366-xl","12":"reservdelskompatibilitet-00367-l","13":"reservdelskompatibilitet-00368-xl","14":"reservdelskompatibilitet-00369-maximum","15":"reservdelskompatibilitet-00376-xs","16":"reservdelskompatibilitet-00377-s","17":"reservdelskompatibilitet-00378-xxl","18":"reservdelskompatibilitet-00379-l","19":"reservdelskompatibilitet-00380-xl","20":"reservdelskompatibilitet-00381-maximum","21":"reservdelskompatibilitet-00382-xxl","22":"reservdelskompatibilitet-00383-m","23":"reservdelskompatibilitet-00390-l","24":"reservdelskompatibilitet-vc-compact","25":"reservdelskompatibilitet-vc-double","26":"reservdelskompatibilitet-vc-minimax","27":"reservdelskompatibilitet-vc-single","28":"reservdelskompatibilitet-variocage","29":"product_cat-reservdelar","30":"product_shipping_class-reservdelar","32":"first","33":"instock","34":"taxable","35":"shipping-taxable","36":"purchasable","37":"product-type-simple"},"acf":[],"_links":{"self":[{"href":"https:\/\/mimsafe.com\/fi\/wp-json\/wp\/v2\/product\/63059","targetHints":{"allow":["GET"]}}],"collection":[{"href":"https:\/\/mimsafe.com\/fi\/wp-json\/wp\/v2\/product"}],"about":[{"href":"https:\/\/mimsafe.com\/fi\/wp-json\/wp\/v2\/types\/product"}],"wp:featuredmedia":[{"embeddable":true,"href":"https:\/\/mimsafe.com\/fi\/wp-json\/wp\/v2\/media\/63060"}],"wp:attachment":[{"href":"https:\/\/mimsafe.com\/fi\/wp-json\/wp\/v2\/media?parent=63059"}],"wp:term":[{"taxonomy":"reservdelskompatibilitet","embeddable":true,"href":"https:\/\/mimsafe.com\/fi\/wp-json\/wp\/v2\/reservdelskompatibilitet?post=63059"},{"taxonomy":"product_brand","embeddable":true,"href":"https:\/\/mimsafe.com\/fi\/wp-json\/wp\/v2\/product_brand?post=63059"},{"taxonomy":"product_cat","embeddable":true,"href":"https:\/\/mimsafe.com\/fi\/wp-json\/wp\/v2\/product_cat?post=63059"},{"taxonomy":"product_tag","embeddable":true,"href":"https:\/\/mimsafe.com\/fi\/wp-json\/wp\/v2\/product_tag?post=63059"}],"curies":[{"name":"wp","href":"https:\/\/api.w.org\/{rel}","templated":true}]}}