{"id":63046,"date":"2024-05-02T15:15:05","date_gmt":"2024-05-02T13:15:05","guid":{"rendered":"https:\/\/staging.mimsafe.com\/?post_type=product&#038;p=63046"},"modified":"2026-02-16T13:31:41","modified_gmt":"2026-02-16T13:31:41","slug":"variogate-set-2","status":"publish","type":"product","link":"https:\/\/mimsafe.com\/fi\/product\/variogate-set-2\/","title":{"rendered":"VarioGate SET 2"},"content":{"rendered":"<p><strong>Sis\u00e4lt\u00e4\u00e4:<\/strong><\/p>\n<p>4x FS63<br \/>\n1x Allen key 4<br \/>\n1x Allen key 5<br \/>\n1x M-B2228.5SLD<br \/>\n13x M-SM6x12A<br \/>\n3x M-SM6x14IA<br \/>\n3x M-SM8x20Ia<\/p>\n","protected":false},"excerpt":{"rendered":"<h4>VarioGate SET2<br \/>\nVaraosat VarioGateen.<br \/>\nTuotenumero 59009<\/h4>\n<p><strong>Sopii seuraaviin:<\/strong><br \/>\nVarioGate single,<br \/>\nVarioGate double,<\/p>\n","protected":false},"featured_media":63047,"template":"","meta":{"_acf_changed":false},"reservdelskompatibilitet":[68,69,77,82,86],"product_brand":[],"product_cat":[19],"product_tag":[],"class_list":{"0":"post-63046","1":"product","2":"type-product","3":"status-publish","4":"has-post-thumbnail","6":"reservdelskompatibilitet-68","7":"reservdelskompatibilitet-69","8":"reservdelskompatibilitet-vg-double","9":"reservdelskompatibilitet-vg-single","10":"reservdelskompatibilitet-variogate","11":"product_cat-reservdelar","12":"product_shipping_class-reservdelar","14":"first","15":"instock","16":"taxable","17":"shipping-taxable","18":"purchasable","19":"product-type-simple"},"acf":[],"_links":{"self":[{"href":"https:\/\/mimsafe.com\/fi\/wp-json\/wp\/v2\/product\/63046","targetHints":{"allow":["GET"]}}],"collection":[{"href":"https:\/\/mimsafe.com\/fi\/wp-json\/wp\/v2\/product"}],"about":[{"href":"https:\/\/mimsafe.com\/fi\/wp-json\/wp\/v2\/types\/product"}],"wp:featuredmedia":[{"embeddable":true,"href":"https:\/\/mimsafe.com\/fi\/wp-json\/wp\/v2\/media\/63047"}],"wp:attachment":[{"href":"https:\/\/mimsafe.com\/fi\/wp-json\/wp\/v2\/media?parent=63046"}],"wp:term":[{"taxonomy":"reservdelskompatibilitet","embeddable":true,"href":"https:\/\/mimsafe.com\/fi\/wp-json\/wp\/v2\/reservdelskompatibilitet?post=63046"},{"taxonomy":"product_brand","embeddable":true,"href":"https:\/\/mimsafe.com\/fi\/wp-json\/wp\/v2\/product_brand?post=63046"},{"taxonomy":"product_cat","embeddable":true,"href":"https:\/\/mimsafe.com\/fi\/wp-json\/wp\/v2\/product_cat?post=63046"},{"taxonomy":"product_tag","embeddable":true,"href":"https:\/\/mimsafe.com\/fi\/wp-json\/wp\/v2\/product_tag?post=63046"}],"curies":[{"name":"wp","href":"https:\/\/api.w.org\/{rel}","templated":true}]}}