{"id":63044,"date":"2024-05-02T15:08:02","date_gmt":"2024-05-02T13:08:02","guid":{"rendered":"https:\/\/staging.mimsafe.com\/?post_type=product&#038;p=63044"},"modified":"2026-02-16T13:31:30","modified_gmt":"2026-02-16T13:31:30","slug":"variogate-set-1","status":"publish","type":"product","link":"https:\/\/mimsafe.com\/fi\/product\/variogate-set-1\/","title":{"rendered":"VarioGate SET 1"},"content":{"rendered":"<p><strong>Sis\u00e4lt\u00e4\u00e4:<\/strong><\/p>\n<p>1x F305A<br \/>\n2x F604<br \/>\n8x M-460641D<br \/>\n2x M-SR3220M6S<br \/>\n2x M-VBM6x35<\/p>\n","protected":false},"excerpt":{"rendered":"<h4>VarioGate SET1<br \/>\nVaraosat VarioGateen.<br \/>\nTuotenumero 59008<\/h4>\n<p><strong>Sopii seuraaviin:<\/strong><br \/>\nVarioGate single,<br \/>\nVarioGate double,<\/p>\n","protected":false},"featured_media":63045,"template":"","meta":{"_acf_changed":false},"reservdelskompatibilitet":[68,69,77,82,86],"product_brand":[],"product_cat":[19],"product_tag":[],"class_list":{"0":"post-63044","1":"product","2":"type-product","3":"status-publish","4":"has-post-thumbnail","6":"reservdelskompatibilitet-68","7":"reservdelskompatibilitet-69","8":"reservdelskompatibilitet-vg-double","9":"reservdelskompatibilitet-vg-single","10":"reservdelskompatibilitet-variogate","11":"product_cat-reservdelar","12":"product_shipping_class-reservdelar","14":"first","15":"instock","16":"taxable","17":"shipping-taxable","18":"purchasable","19":"product-type-simple"},"acf":[],"_links":{"self":[{"href":"https:\/\/mimsafe.com\/fi\/wp-json\/wp\/v2\/product\/63044","targetHints":{"allow":["GET"]}}],"collection":[{"href":"https:\/\/mimsafe.com\/fi\/wp-json\/wp\/v2\/product"}],"about":[{"href":"https:\/\/mimsafe.com\/fi\/wp-json\/wp\/v2\/types\/product"}],"wp:featuredmedia":[{"embeddable":true,"href":"https:\/\/mimsafe.com\/fi\/wp-json\/wp\/v2\/media\/63045"}],"wp:attachment":[{"href":"https:\/\/mimsafe.com\/fi\/wp-json\/wp\/v2\/media?parent=63044"}],"wp:term":[{"taxonomy":"reservdelskompatibilitet","embeddable":true,"href":"https:\/\/mimsafe.com\/fi\/wp-json\/wp\/v2\/reservdelskompatibilitet?post=63044"},{"taxonomy":"product_brand","embeddable":true,"href":"https:\/\/mimsafe.com\/fi\/wp-json\/wp\/v2\/product_brand?post=63044"},{"taxonomy":"product_cat","embeddable":true,"href":"https:\/\/mimsafe.com\/fi\/wp-json\/wp\/v2\/product_cat?post=63044"},{"taxonomy":"product_tag","embeddable":true,"href":"https:\/\/mimsafe.com\/fi\/wp-json\/wp\/v2\/product_tag?post=63044"}],"curies":[{"name":"wp","href":"https:\/\/api.w.org\/{rel}","templated":true}]}}