{"id":63040,"date":"2024-05-02T15:01:19","date_gmt":"2024-05-02T13:01:19","guid":{"rendered":"https:\/\/staging.mimsafe.com\/?post_type=product&#038;p=63040"},"modified":"2025-09-16T07:04:29","modified_gmt":"2025-09-16T07:04:29","slug":"variobarrier-set-2","status":"publish","type":"product","link":"https:\/\/mimsafe.com\/fi\/product\/variobarrier-set-2\/","title":{"rendered":"VarioBarrier SET 2"},"content":{"rendered":"<p><strong>Sis\u00e4lt\u00e4\u00e4:<\/strong><\/p>\n<p>2x M-R3015M610S<br \/>\n6x M-10700<br \/>\n12x M-460641AY<br \/>\n12x M-460641AL<\/p>\n","protected":false},"excerpt":{"rendered":"<h4>Varaosat VarioBarrier HR:\u00e4\u00e4n<br \/>\nTuotenumero 59006<\/h4>\n<p><strong>Sopii seuraaviin:<br \/>\n<\/strong>VarioBarrier HR (kaikki koot),<br \/>\nVarioBarrier classic (kaikki koot),<\/p>\n","protected":false},"featured_media":63041,"template":"","meta":{"_acf_changed":false},"reservdelskompatibilitet":[87,88,89,95,96,92,97,93],"product_brand":[],"product_cat":[19],"product_tag":[],"class_list":{"0":"post-63040","1":"product","2":"type-product","3":"status-publish","4":"has-post-thumbnail","6":"reservdelskompatibilitet-52014-s","7":"reservdelskompatibilitet-52016-m","8":"reservdelskompatibilitet-52026-l","9":"reservdelskompatibilitet-52114-s","10":"reservdelskompatibilitet-52116-m","11":"reservdelskompatibilitet-vb-classic","12":"reservdelskompatibilitet-vb-headrest","13":"reservdelskompatibilitet-variobarrier","14":"product_cat-reservdelar","15":"product_shipping_class-reservdelar","17":"first","18":"instock","19":"taxable","20":"shipping-taxable","21":"purchasable","22":"product-type-simple"},"acf":[],"_links":{"self":[{"href":"https:\/\/mimsafe.com\/fi\/wp-json\/wp\/v2\/product\/63040","targetHints":{"allow":["GET"]}}],"collection":[{"href":"https:\/\/mimsafe.com\/fi\/wp-json\/wp\/v2\/product"}],"about":[{"href":"https:\/\/mimsafe.com\/fi\/wp-json\/wp\/v2\/types\/product"}],"wp:featuredmedia":[{"embeddable":true,"href":"https:\/\/mimsafe.com\/fi\/wp-json\/wp\/v2\/media\/63041"}],"wp:attachment":[{"href":"https:\/\/mimsafe.com\/fi\/wp-json\/wp\/v2\/media?parent=63040"}],"wp:term":[{"taxonomy":"reservdelskompatibilitet","embeddable":true,"href":"https:\/\/mimsafe.com\/fi\/wp-json\/wp\/v2\/reservdelskompatibilitet?post=63040"},{"taxonomy":"product_brand","embeddable":true,"href":"https:\/\/mimsafe.com\/fi\/wp-json\/wp\/v2\/product_brand?post=63040"},{"taxonomy":"product_cat","embeddable":true,"href":"https:\/\/mimsafe.com\/fi\/wp-json\/wp\/v2\/product_cat?post=63040"},{"taxonomy":"product_tag","embeddable":true,"href":"https:\/\/mimsafe.com\/fi\/wp-json\/wp\/v2\/product_tag?post=63040"}],"curies":[{"name":"wp","href":"https:\/\/api.w.org\/{rel}","templated":true}]}}