{"id":63038,"date":"2024-05-02T14:56:59","date_gmt":"2024-05-02T12:56:59","guid":{"rendered":"https:\/\/staging.mimsafe.com\/?post_type=product&#038;p=63038"},"modified":"2026-02-16T13:31:03","modified_gmt":"2026-02-16T13:31:03","slug":"variobarrier-hr-set-1","status":"publish","type":"product","link":"https:\/\/mimsafe.com\/fi\/product\/variobarrier-hr-set-1\/","title":{"rendered":"VarioBarrier HR SET 1"},"content":{"rendered":"<p><strong>Sis\u00e4lt\u00e4\u00e4:<\/strong><\/p>\n<p>2x F310A<br \/>\n2x F310B<br \/>\n1x F310CL<br \/>\n1x F310CR<br \/>\n2x F310D<br \/>\n2x M-460641BF<br \/>\n12x M-460641D<br \/>\n2x M-R3015M835S<br \/>\n2x M-R3015M8S<br \/>\n2x M-SR4025M820S<br \/>\n2x M-VBM8x25S<br \/>\n2x M-VBM8x30S<\/p>\n","protected":false},"excerpt":{"rendered":"<h4>VarioBarrier HR SET1<br \/>\nOikea ja vasen kiinnike VarioBarrier HR:\u00e4\u00e4n.<br \/>\nTuotenumero 59005<\/h4>\n<p><strong>Sopii seuraaviin:<\/strong><br \/>\nVarioBarrier HR (kaikki koot),<\/p>\n","protected":false},"featured_media":63039,"template":"","meta":{"_acf_changed":false},"reservdelskompatibilitet":[95,96,97],"product_brand":[],"product_cat":[19],"product_tag":[],"class_list":{"0":"post-63038","1":"product","2":"type-product","3":"status-publish","4":"has-post-thumbnail","6":"reservdelskompatibilitet-52114-s","7":"reservdelskompatibilitet-52116-m","8":"reservdelskompatibilitet-vb-headrest","9":"product_cat-reservdelar","10":"product_shipping_class-reservdelar","12":"first","13":"instock","14":"taxable","15":"shipping-taxable","16":"purchasable","17":"product-type-simple"},"acf":[],"_links":{"self":[{"href":"https:\/\/mimsafe.com\/fi\/wp-json\/wp\/v2\/product\/63038","targetHints":{"allow":["GET"]}}],"collection":[{"href":"https:\/\/mimsafe.com\/fi\/wp-json\/wp\/v2\/product"}],"about":[{"href":"https:\/\/mimsafe.com\/fi\/wp-json\/wp\/v2\/types\/product"}],"wp:featuredmedia":[{"embeddable":true,"href":"https:\/\/mimsafe.com\/fi\/wp-json\/wp\/v2\/media\/63039"}],"wp:attachment":[{"href":"https:\/\/mimsafe.com\/fi\/wp-json\/wp\/v2\/media?parent=63038"}],"wp:term":[{"taxonomy":"reservdelskompatibilitet","embeddable":true,"href":"https:\/\/mimsafe.com\/fi\/wp-json\/wp\/v2\/reservdelskompatibilitet?post=63038"},{"taxonomy":"product_brand","embeddable":true,"href":"https:\/\/mimsafe.com\/fi\/wp-json\/wp\/v2\/product_brand?post=63038"},{"taxonomy":"product_cat","embeddable":true,"href":"https:\/\/mimsafe.com\/fi\/wp-json\/wp\/v2\/product_cat?post=63038"},{"taxonomy":"product_tag","embeddable":true,"href":"https:\/\/mimsafe.com\/fi\/wp-json\/wp\/v2\/product_tag?post=63038"}],"curies":[{"name":"wp","href":"https:\/\/api.w.org\/{rel}","templated":true}]}}