{"id":63033,"date":"2024-05-02T14:43:10","date_gmt":"2024-05-02T12:43:10","guid":{"rendered":"https:\/\/staging.mimsafe.com\/?post_type=product&#038;p=63033"},"modified":"2026-02-16T13:30:42","modified_gmt":"2026-02-16T13:30:42","slug":"mim-skruvmejsel","status":"publish","type":"product","link":"https:\/\/mimsafe.com\/fi\/product\/mim-skruvmejsel\/","title":{"rendered":"MIM-ruuvimeisseli"},"content":{"rendered":"<p><strong>Sis\u00e4lt\u00e4\u00e4:<\/strong><\/p>\n<p>1x Allen driver 4<\/p>\n","protected":false},"excerpt":{"rendered":"<h4>MIM-ruuvimeisseli, insex, 4mm.<br \/>\nTuotenumero 59003<\/h4>\n<p><strong>Sopii seuraaviin:<\/strong><br \/>\nVarioCage single (kaikki koot),<br \/>\nVarioCage double (kaikki koot),<br \/>\nVarioCage compact (kaikki koot),<br \/>\nVarioCage minimax (kaikki koot),<br \/>\nVarioGate single,<br \/>\nVarioGate double,<br \/>\nVarioBarrier HR (kaikki koot),<br \/>\nVarioBarrier classic (kaikki koot),<br \/>\n53285 VarioDivider (kaikki koot),<br \/>\n56175 MultiCage single (kaikki koot),<br \/>\n56275 MultiCage double (kaikki koot)<\/p>\n","protected":false},"featured_media":63034,"template":"","meta":{"_acf_changed":false},"reservdelskompatibilitet":[50,51,52,53,54,55,56,57,58,59,60,61,62,63,64,65,66,67,87,88,89,68,69,90,91,70,71,72,73,74,75,92,76,78,79,77,80,81,83,84,82,93,85,94,86],"product_brand":[],"product_cat":[19],"product_tag":[],"class_list":{"0":"post-63033","1":"product","2":"type-product","3":"status-publish","4":"has-post-thumbnail","6":"reservdelskompatibilitet-00361-l","7":"reservdelskompatibilitet-00362-l","8":"reservdelskompatibilitet-00363-l","9":"reservdelskompatibilitet-00364-xl","10":"reservdelskompatibilitet-00365-xxl","11":"reservdelskompatibilitet-00366-xl","12":"reservdelskompatibilitet-00367-l","13":"reservdelskompatibilitet-00368-xl","14":"reservdelskompatibilitet-00369-maximum","15":"reservdelskompatibilitet-00376-xs","16":"reservdelskompatibilitet-00377-s","17":"reservdelskompatibilitet-00378-xxl","18":"reservdelskompatibilitet-00379-l","19":"reservdelskompatibilitet-00380-xl","20":"reservdelskompatibilitet-00381-maximum","21":"reservdelskompatibilitet-00382-xxl","22":"reservdelskompatibilitet-00383-m","23":"reservdelskompatibilitet-00390-l","24":"reservdelskompatibilitet-52014-s","25":"reservdelskompatibilitet-52016-m","26":"reservdelskompatibilitet-52026-l","27":"reservdelskompatibilitet-68","28":"reservdelskompatibilitet-69","29":"reservdelskompatibilitet-53275-m","30":"reservdelskompatibilitet-53285-xl","31":"reservdelskompatibilitet-56154-m","32":"reservdelskompatibilitet-56160-l","33":"reservdelskompatibilitet-56175-xl","34":"reservdelskompatibilitet-56254-m","35":"reservdelskompatibilitet-56260-l","36":"reservdelskompatibilitet-56275-xl","37":"reservdelskompatibilitet-vb-classic","38":"reservdelskompatibilitet-vc-compact","39":"reservdelskompatibilitet-mc-double","40":"reservdelskompatibilitet-vc-double","41":"reservdelskompatibilitet-vg-double","42":"reservdelskompatibilitet-vc-minimax","43":"reservdelskompatibilitet-multicage","44":"reservdelskompatibilitet-mc-single","45":"reservdelskompatibilitet-vc-single","46":"reservdelskompatibilitet-vg-single","47":"reservdelskompatibilitet-variobarrier","48":"reservdelskompatibilitet-variocage","49":"reservdelskompatibilitet-variodivider","50":"reservdelskompatibilitet-variogate","51":"product_cat-reservdelar","52":"product_shipping_class-reservdelar","54":"first","55":"instock","56":"taxable","57":"shipping-taxable","58":"purchasable","59":"product-type-simple"},"acf":[],"_links":{"self":[{"href":"https:\/\/mimsafe.com\/fi\/wp-json\/wp\/v2\/product\/63033","targetHints":{"allow":["GET"]}}],"collection":[{"href":"https:\/\/mimsafe.com\/fi\/wp-json\/wp\/v2\/product"}],"about":[{"href":"https:\/\/mimsafe.com\/fi\/wp-json\/wp\/v2\/types\/product"}],"wp:featuredmedia":[{"embeddable":true,"href":"https:\/\/mimsafe.com\/fi\/wp-json\/wp\/v2\/media\/63034"}],"wp:attachment":[{"href":"https:\/\/mimsafe.com\/fi\/wp-json\/wp\/v2\/media?parent=63033"}],"wp:term":[{"taxonomy":"reservdelskompatibilitet","embeddable":true,"href":"https:\/\/mimsafe.com\/fi\/wp-json\/wp\/v2\/reservdelskompatibilitet?post=63033"},{"taxonomy":"product_brand","embeddable":true,"href":"https:\/\/mimsafe.com\/fi\/wp-json\/wp\/v2\/product_brand?post=63033"},{"taxonomy":"product_cat","embeddable":true,"href":"https:\/\/mimsafe.com\/fi\/wp-json\/wp\/v2\/product_cat?post=63033"},{"taxonomy":"product_tag","embeddable":true,"href":"https:\/\/mimsafe.com\/fi\/wp-json\/wp\/v2\/product_tag?post=63033"}],"curies":[{"name":"wp","href":"https:\/\/api.w.org\/{rel}","templated":true}]}}