{"id":63029,"date":"2024-05-02T13:34:27","date_gmt":"2024-05-02T11:34:27","guid":{"rendered":"https:\/\/staging.mimsafe.com\/?post_type=product&#038;p=63029"},"modified":"2026-02-16T13:30:33","modified_gmt":"2026-02-16T13:30:33","slug":"reservdelslas","status":"publish","type":"product","link":"https:\/\/mimsafe.com\/fi\/product\/reservdelslas\/","title":{"rendered":"Vara-avaimellinen lukko"},"content":{"rendered":"[vc_row type=&#8221;in_container&#8221; full_screen_row_position=&#8221;middle&#8221; column_margin=&#8221;default&#8221; column_direction=&#8221;default&#8221; column_direction_tablet=&#8221;default&#8221; column_direction_phone=&#8221;default&#8221; scene_position=&#8221;center&#8221; text_color=&#8221;dark&#8221; text_align=&#8221;left&#8221; row_border_radius=&#8221;none&#8221; row_border_radius_applies=&#8221;bg&#8221; overflow=&#8221;visible&#8221; overlay_strength=&#8221;0.3&#8243; gradient_direction=&#8221;left_to_right&#8221; shape_divider_position=&#8221;bottom&#8221; bg_image_animation=&#8221;none&#8221;][vc_column column_padding=&#8221;no-extra-padding&#8221; column_padding_tablet=&#8221;inherit&#8221; column_padding_phone=&#8221;inherit&#8221; column_padding_position=&#8221;all&#8221; column_element_direction_desktop=&#8221;default&#8221; column_element_spacing=&#8221;default&#8221; desktop_text_alignment=&#8221;default&#8221; tablet_text_alignment=&#8221;default&#8221; phone_text_alignment=&#8221;default&#8221; background_color_opacity=&#8221;1&#8243; background_hover_color_opacity=&#8221;1&#8243; column_backdrop_filter=&#8221;none&#8221; column_shadow=&#8221;none&#8221; column_border_radius=&#8221;none&#8221; column_link_target=&#8221;_self&#8221; column_position=&#8221;default&#8221; gradient_direction=&#8221;left_to_right&#8221; overlay_strength=&#8221;0.3&#8243; width=&#8221;1\/1&#8243; tablet_width_inherit=&#8221;default&#8221; animation_type=&#8221;default&#8221; bg_image_animation=&#8221;none&#8221; border_type=&#8221;simple&#8221; column_border_width=&#8221;none&#8221; column_border_style=&#8221;solid&#8221;][vc_column_text css=&#8221;&#8221; text_direction=&#8221;default&#8221;]<strong>Sis\u00e4lt\u00e4\u00e4:<\/strong><\/p>\n<p>1x C650-L-2-180\/KS-25 (aero matr.)[\/vc_column_text][vc_video link=&#8221;https:\/\/youtu.be\/wvpPYlHCv8E?si=LmFfyUmO-Mn8TkFI&#8221;][\/vc_column][\/vc_row]\n","protected":false},"excerpt":{"rendered":"<h4>Vara-avaimellinen lukko<br \/>\nLukko avaimella, varaosa VarioCageen, VarioGateen ja MultiCageen.<br \/>\n<a href=\"https:\/\/mimsafe.com\/fi\/product\/reservdelslas-2-pack\/\">Kaksoisovia varten katso t\u00e4st\u00e4<\/a><br \/>\nTuotenumero 59002<\/h4>\n<p><strong>Sopii seuraaviin:<\/strong><br \/>\nVarioCage single (kaikki koot),<br \/>\nVarioCage double (kaikki koot),<br \/>\nVarioCage compact (kaikki koot),<br \/>\nVarioCage minimax (kaikki koot),<br \/>\nVarioGate single,<br \/>\nVarioGate double,<br \/>\nMultiCage single (kaikki koot),<br \/>\nMultiCage double (kaikki koot)<\/p>\n","protected":false},"featured_media":63030,"template":"","meta":{"_acf_changed":false},"reservdelskompatibilitet":[50,51,52,53,54,55,56,57,58,59,60,61,62,63,64,65,66,67,68,69,70,71,72,73,74,75,76,78,79,77,80,81,83,84,82,85,86],"product_brand":[],"product_cat":[19],"product_tag":[],"class_list":{"0":"post-63029","1":"product","2":"type-product","3":"status-publish","4":"has-post-thumbnail","6":"reservdelskompatibilitet-00361-l","7":"reservdelskompatibilitet-00362-l","8":"reservdelskompatibilitet-00363-l","9":"reservdelskompatibilitet-00364-xl","10":"reservdelskompatibilitet-00365-xxl","11":"reservdelskompatibilitet-00366-xl","12":"reservdelskompatibilitet-00367-l","13":"reservdelskompatibilitet-00368-xl","14":"reservdelskompatibilitet-00369-maximum","15":"reservdelskompatibilitet-00376-xs","16":"reservdelskompatibilitet-00377-s","17":"reservdelskompatibilitet-00378-xxl","18":"reservdelskompatibilitet-00379-l","19":"reservdelskompatibilitet-00380-xl","20":"reservdelskompatibilitet-00381-maximum","21":"reservdelskompatibilitet-00382-xxl","22":"reservdelskompatibilitet-00383-m","23":"reservdelskompatibilitet-00390-l","24":"reservdelskompatibilitet-68","25":"reservdelskompatibilitet-69","26":"reservdelskompatibilitet-56154-m","27":"reservdelskompatibilitet-56160-l","28":"reservdelskompatibilitet-56175-xl","29":"reservdelskompatibilitet-56254-m","30":"reservdelskompatibilitet-56260-l","31":"reservdelskompatibilitet-56275-xl","32":"reservdelskompatibilitet-vc-compact","33":"reservdelskompatibilitet-mc-double","34":"reservdelskompatibilitet-vc-double","35":"reservdelskompatibilitet-vg-double","36":"reservdelskompatibilitet-vc-minimax","37":"reservdelskompatibilitet-multicage","38":"reservdelskompatibilitet-mc-single","39":"reservdelskompatibilitet-vc-single","40":"reservdelskompatibilitet-vg-single","41":"reservdelskompatibilitet-variocage","42":"reservdelskompatibilitet-variogate","43":"product_cat-reservdelar","44":"product_shipping_class-reservdelar","46":"first","47":"instock","48":"taxable","49":"shipping-taxable","50":"purchasable","51":"product-type-simple"},"acf":[],"_links":{"self":[{"href":"https:\/\/mimsafe.com\/fi\/wp-json\/wp\/v2\/product\/63029","targetHints":{"allow":["GET"]}}],"collection":[{"href":"https:\/\/mimsafe.com\/fi\/wp-json\/wp\/v2\/product"}],"about":[{"href":"https:\/\/mimsafe.com\/fi\/wp-json\/wp\/v2\/types\/product"}],"wp:featuredmedia":[{"embeddable":true,"href":"https:\/\/mimsafe.com\/fi\/wp-json\/wp\/v2\/media\/63030"}],"wp:attachment":[{"href":"https:\/\/mimsafe.com\/fi\/wp-json\/wp\/v2\/media?parent=63029"}],"wp:term":[{"taxonomy":"reservdelskompatibilitet","embeddable":true,"href":"https:\/\/mimsafe.com\/fi\/wp-json\/wp\/v2\/reservdelskompatibilitet?post=63029"},{"taxonomy":"product_brand","embeddable":true,"href":"https:\/\/mimsafe.com\/fi\/wp-json\/wp\/v2\/product_brand?post=63029"},{"taxonomy":"product_cat","embeddable":true,"href":"https:\/\/mimsafe.com\/fi\/wp-json\/wp\/v2\/product_cat?post=63029"},{"taxonomy":"product_tag","embeddable":true,"href":"https:\/\/mimsafe.com\/fi\/wp-json\/wp\/v2\/product_tag?post=63029"}],"curies":[{"name":"wp","href":"https:\/\/api.w.org\/{rel}","templated":true}]}}