{"id":57217,"date":"2022-11-03T09:51:42","date_gmt":"2022-11-03T08:51:42","guid":{"rendered":"https:\/\/staging.mimsafe.com\/?post_type=product&#038;p=57217"},"modified":"2026-01-20T14:15:33","modified_gmt":"2026-01-20T14:15:33","slug":"carrier-skidbox-72100","status":"publish","type":"product","link":"https:\/\/mimsafe.com\/fi\/product\/carrier-skidbox-72100\/","title":{"rendered":"Suksiboksi \u2013 T\u00f6rm\u00e4ysturvallinen suksiboksi"},"content":{"rendered":"<p>Kukaan takaboksivalmistaja ei ole aiemmin suhtautunut t\u00f6rm\u00e4ysturvallisuuteen yht\u00e4 vakavasti kuin me. T\u00e4m\u00e4 premium-boksi pysyy katolla my\u00f6s suuremmissa t\u00f6rm\u00e4ysnopeuksissa, ja paketit ovat turvassa \u00e4\u00e4rimm\u00e4isen vahvojen kuormansidontalenkkejen ansiosta, jotka kuuluvat ainutlaatuiseen TEAS-turvaj\u00e4rjestelm\u00e4\u00e4mme. Nouse siis autoon hyvill\u00e4 mielin tiet\u00e4en, ett\u00e4 v\u00e4lt\u00e4t vahingoittamasta muita onnettomuuden sattuessa.<\/p>\n","protected":false},"excerpt":{"rendered":"<h4>Suksiboksi \u2013 T\u00f6rm\u00e4ysturvallinen suksiboksi<br \/>\nTuotenumero 72100<\/h4>\n<p>Leveys: 96.8 cm<br \/>\nKorkeus: 33.7 cm<br \/>\nPituus: 224 cm<br \/>\nTilavuus: 380 literaa<br \/>\nPaino: 30 kg<\/p>\n","protected":false},"featured_media":66252,"template":"","meta":{"_acf_changed":false},"reservdelskompatibilitet":[],"product_brand":[],"product_cat":[18,123],"product_tag":[],"class_list":{"0":"post-57217","1":"product","2":"type-product","3":"status-publish","4":"has-post-thumbnail","6":"product_cat-takbox","7":"product_cat-universal","8":"product_shipping_class-heavycagescarrier","10":"first","11":"instock","12":"sale","13":"featured","14":"taxable","15":"shipping-taxable","16":"purchasable","17":"product-type-simple"},"acf":[],"_links":{"self":[{"href":"https:\/\/mimsafe.com\/fi\/wp-json\/wp\/v2\/product\/57217","targetHints":{"allow":["GET"]}}],"collection":[{"href":"https:\/\/mimsafe.com\/fi\/wp-json\/wp\/v2\/product"}],"about":[{"href":"https:\/\/mimsafe.com\/fi\/wp-json\/wp\/v2\/types\/product"}],"wp:featuredmedia":[{"embeddable":true,"href":"https:\/\/mimsafe.com\/fi\/wp-json\/wp\/v2\/media\/66252"}],"wp:attachment":[{"href":"https:\/\/mimsafe.com\/fi\/wp-json\/wp\/v2\/media?parent=57217"}],"wp:term":[{"taxonomy":"reservdelskompatibilitet","embeddable":true,"href":"https:\/\/mimsafe.com\/fi\/wp-json\/wp\/v2\/reservdelskompatibilitet?post=57217"},{"taxonomy":"product_brand","embeddable":true,"href":"https:\/\/mimsafe.com\/fi\/wp-json\/wp\/v2\/product_brand?post=57217"},{"taxonomy":"product_cat","embeddable":true,"href":"https:\/\/mimsafe.com\/fi\/wp-json\/wp\/v2\/product_cat?post=57217"},{"taxonomy":"product_tag","embeddable":true,"href":"https:\/\/mimsafe.com\/fi\/wp-json\/wp\/v2\/product_tag?post=57217"}],"curies":[{"name":"wp","href":"https:\/\/api.w.org\/{rel}","templated":true}]}}