{"id":55336,"date":"2022-04-14T10:34:49","date_gmt":"2022-04-14T08:34:49","guid":{"rendered":"https:\/\/staging.mimsafe.com\/?post_type=product&#038;p=55336"},"modified":"2026-01-20T14:16:14","modified_gmt":"2026-01-20T14:16:14","slug":"carrier-bagagebox-71100","status":"publish","type":"product","link":"https:\/\/mimsafe.com\/fi\/product\/carrier-bagagebox-71100\/","title":{"rendered":"Matkatavaralaatikko \u2013 T\u00f6rm\u00e4ysturvallinen matkatavaralaatikko"},"content":{"rendered":"<p>Kukaan takaboksivalmistaja ei ole aiemmin suhtautunut t\u00f6rm\u00e4ysturvallisuuteen yht\u00e4 vakavasti kuin me. T\u00e4m\u00e4 premium-boksi pysyy katolla my\u00f6s suuremmissa t\u00f6rm\u00e4ysnopeuksissa, ja pakettisi ovat turvassa \u00e4\u00e4rimm\u00e4isen vahvojen kuormansidontalenkkejen ansiosta, jotka kuuluvat ainutlaatuiseen TEAS-turvaj\u00e4rjestelm\u00e4\u00e4mme. Nouse siis autoon hyvill\u00e4 mielin tiet\u00e4en, ett\u00e4 v\u00e4lt\u00e4t vahingoittamasta muita onnettomuuden sattuessa.<\/p>\n","protected":false},"excerpt":{"rendered":"<h4>Matkatavaralaatikko \u2013 T\u00f6rm\u00e4ysturvallinen matkatavaralaatikko<br \/>\nTuotenumero 71100<\/h4>\n<p>Leveys: 98 cm<br \/>\nKorkeus: 33 cm<br \/>\nPituus: 160 cm<br \/>\nTilavuus: 280 litraa<br \/>\nPaino: 23 kg<\/p>\n","protected":false},"featured_media":66254,"template":"","meta":{"_acf_changed":false},"reservdelskompatibilitet":[],"product_brand":[],"product_cat":[18,123],"product_tag":[],"class_list":{"0":"post-55336","1":"product","2":"type-product","3":"status-publish","4":"has-post-thumbnail","6":"product_cat-takbox","7":"product_cat-universal","8":"product_shipping_class-heavycagescarrier","10":"first","11":"instock","12":"sale","13":"featured","14":"taxable","15":"shipping-taxable","16":"purchasable","17":"product-type-simple"},"acf":[],"_links":{"self":[{"href":"https:\/\/mimsafe.com\/fi\/wp-json\/wp\/v2\/product\/55336","targetHints":{"allow":["GET"]}}],"collection":[{"href":"https:\/\/mimsafe.com\/fi\/wp-json\/wp\/v2\/product"}],"about":[{"href":"https:\/\/mimsafe.com\/fi\/wp-json\/wp\/v2\/types\/product"}],"wp:featuredmedia":[{"embeddable":true,"href":"https:\/\/mimsafe.com\/fi\/wp-json\/wp\/v2\/media\/66254"}],"wp:attachment":[{"href":"https:\/\/mimsafe.com\/fi\/wp-json\/wp\/v2\/media?parent=55336"}],"wp:term":[{"taxonomy":"reservdelskompatibilitet","embeddable":true,"href":"https:\/\/mimsafe.com\/fi\/wp-json\/wp\/v2\/reservdelskompatibilitet?post=55336"},{"taxonomy":"product_brand","embeddable":true,"href":"https:\/\/mimsafe.com\/fi\/wp-json\/wp\/v2\/product_brand?post=55336"},{"taxonomy":"product_cat","embeddable":true,"href":"https:\/\/mimsafe.com\/fi\/wp-json\/wp\/v2\/product_cat?post=55336"},{"taxonomy":"product_tag","embeddable":true,"href":"https:\/\/mimsafe.com\/fi\/wp-json\/wp\/v2\/product_tag?post=55336"}],"curies":[{"name":"wp","href":"https:\/\/api.w.org\/{rel}","templated":true}]}}