{"id":1562,"date":"2019-08-01T14:32:43","date_gmt":"2019-08-01T12:32:43","guid":{"rendered":"https:\/\/staging.mimsafe.com\/?post_type=product&#038;p=1562"},"modified":"2026-01-20T14:16:34","modified_gmt":"2026-01-20T14:16:34","slug":"siliconemat","status":"publish","type":"product","link":"https:\/\/mimsafe.com\/fi\/product\/siliconemat\/","title":{"rendered":"SiliconeMat"},"content":{"rendered":"<p><strong data-start=\"23\" data-end=\"41\">Suojaa lattian<\/strong><br data-start=\"41\" data-end=\"44\" \/>Valmistettu kest\u00e4v\u00e4st\u00e4 silikonista<br data-start=\"78\" data-end=\"81\" \/>Pehme\u00e4, joustava ja helppo puhdistaa<br data-start=\"117\" data-end=\"120\" \/>Kest\u00e4\u00e4 l\u00e4mp\u00f6tiloja jopa 200 asteeseen<br data-start=\"157\" data-end=\"160\" \/>Voidaan helposti leikata sopimaan h\u00e4kkiisi<br data-start=\"202\" data-end=\"205\" \/>Pituus: 850 mm, leveys: 500 mm<br data-start=\"235\" data-end=\"238\" \/><strong data-start=\"238\" data-end=\"275\">Vinkki parhaaseen lopputulokseen:<\/strong> Puhdista h\u00e4kki kostealla liinalla ennen k\u00e4ytt\u00f6\u00e4!<br data-start=\"324\" data-end=\"327\" \/>Kaksoish\u00e4kkeihimme suosittelemme kahta silikonimattoa!<\/p>\n","protected":false},"excerpt":{"rendered":"<h4>SiliconeMat<br \/>\nSilikonimatto<br \/>\nTuotenumero 58007<\/h4>\n<p>Leveys: 50 cm<br \/>\nPituus: 85 cm<\/p>\n<p>Suosittelemme t\u00e4ydent\u00e4m\u00e4\u00e4n h\u00e4kki\u00e4si silikonimatolla, joka tekee matkasta koirallesi mukavamman, tai miksei my\u00f6s keitti\u00f6n ruokakuppien alustaksi parhaalle yst\u00e4v\u00e4llesi.<\/p>\n","protected":false},"featured_media":66258,"template":"","meta":{"_acf_changed":false},"reservdelskompatibilitet":[],"product_brand":[],"product_cat":[45,42,123],"product_tag":[],"class_list":{"0":"post-1562","1":"product","2":"type-product","3":"status-publish","4":"has-post-thumbnail","6":"product_cat-praktiska-tillbehor","7":"product_cat-tillbehor","8":"product_cat-universal","9":"product_shipping_class-accessories","11":"first","12":"instock","13":"featured","14":"taxable","15":"shipping-taxable","16":"purchasable","17":"product-type-simple"},"acf":[],"_links":{"self":[{"href":"https:\/\/mimsafe.com\/fi\/wp-json\/wp\/v2\/product\/1562","targetHints":{"allow":["GET"]}}],"collection":[{"href":"https:\/\/mimsafe.com\/fi\/wp-json\/wp\/v2\/product"}],"about":[{"href":"https:\/\/mimsafe.com\/fi\/wp-json\/wp\/v2\/types\/product"}],"wp:featuredmedia":[{"embeddable":true,"href":"https:\/\/mimsafe.com\/fi\/wp-json\/wp\/v2\/media\/66258"}],"wp:attachment":[{"href":"https:\/\/mimsafe.com\/fi\/wp-json\/wp\/v2\/media?parent=1562"}],"wp:term":[{"taxonomy":"reservdelskompatibilitet","embeddable":true,"href":"https:\/\/mimsafe.com\/fi\/wp-json\/wp\/v2\/reservdelskompatibilitet?post=1562"},{"taxonomy":"product_brand","embeddable":true,"href":"https:\/\/mimsafe.com\/fi\/wp-json\/wp\/v2\/product_brand?post=1562"},{"taxonomy":"product_cat","embeddable":true,"href":"https:\/\/mimsafe.com\/fi\/wp-json\/wp\/v2\/product_cat?post=1562"},{"taxonomy":"product_tag","embeddable":true,"href":"https:\/\/mimsafe.com\/fi\/wp-json\/wp\/v2\/product_tag?post=1562"}],"curies":[{"name":"wp","href":"https:\/\/api.w.org\/{rel}","templated":true}]}}