{"id":1531,"date":"2022-03-30T13:53:16","date_gmt":"2022-03-30T11:53:16","guid":{"rendered":"https:\/\/staging.mimsafe.com\/?post_type=product&#038;p=1531"},"modified":"2026-01-20T14:16:21","modified_gmt":"2026-01-20T14:16:21","slug":"airinghook","status":"publish","type":"product","link":"https:\/\/mimsafe.com\/fi\/product\/airinghook\/","title":{"rendered":"AiringHook"},"content":{"rendered":"<p>Toimii useimpien autojen kanssa.<br data-start=\"57\" data-end=\"60\" \/>Helppo asentaa ja irrottaa.<\/p>\n","protected":false},"excerpt":{"rendered":"<h4>AiringHook<br \/>\nIlmastointikoukku<br \/>\nTuotenumero 58086<\/h4>\n<p>Anna raikasta ilmaa autoon my\u00f6s silloin, kun se on lukittu.<br data-start=\"128\" data-end=\"131\" \/>Lukittavan ilmastointikoukun avulla koirasi saa raikasta ilmaa tavaratilan kautta.<br \/>\n<span style=\"color: #ff0000;\"><strong>Huomio: \u00c4l\u00e4 koskaan k\u00e4yt\u00e4 t\u00e4t\u00e4 ilmastointikoukkua auton ollessa k\u00e4ynniss\u00e4!<\/strong><\/span><\/p>\n","protected":false},"featured_media":66256,"template":"","meta":{"_acf_changed":false},"reservdelskompatibilitet":[],"product_brand":[],"product_cat":[45,42,123],"product_tag":[],"class_list":{"0":"post-1531","1":"product","2":"type-product","3":"status-publish","4":"has-post-thumbnail","6":"product_cat-praktiska-tillbehor","7":"product_cat-tillbehor","8":"product_cat-universal","9":"product_shipping_class-accessories","11":"first","12":"instock","13":"taxable","14":"shipping-taxable","15":"purchasable","16":"product-type-simple"},"acf":[],"_links":{"self":[{"href":"https:\/\/mimsafe.com\/fi\/wp-json\/wp\/v2\/product\/1531","targetHints":{"allow":["GET"]}}],"collection":[{"href":"https:\/\/mimsafe.com\/fi\/wp-json\/wp\/v2\/product"}],"about":[{"href":"https:\/\/mimsafe.com\/fi\/wp-json\/wp\/v2\/types\/product"}],"wp:featuredmedia":[{"embeddable":true,"href":"https:\/\/mimsafe.com\/fi\/wp-json\/wp\/v2\/media\/66256"}],"wp:attachment":[{"href":"https:\/\/mimsafe.com\/fi\/wp-json\/wp\/v2\/media?parent=1531"}],"wp:term":[{"taxonomy":"reservdelskompatibilitet","embeddable":true,"href":"https:\/\/mimsafe.com\/fi\/wp-json\/wp\/v2\/reservdelskompatibilitet?post=1531"},{"taxonomy":"product_brand","embeddable":true,"href":"https:\/\/mimsafe.com\/fi\/wp-json\/wp\/v2\/product_brand?post=1531"},{"taxonomy":"product_cat","embeddable":true,"href":"https:\/\/mimsafe.com\/fi\/wp-json\/wp\/v2\/product_cat?post=1531"},{"taxonomy":"product_tag","embeddable":true,"href":"https:\/\/mimsafe.com\/fi\/wp-json\/wp\/v2\/product_tag?post=1531"}],"curies":[{"name":"wp","href":"https:\/\/api.w.org\/{rel}","templated":true}]}}