{"id":1432,"date":"2019-07-30T12:39:01","date_gmt":"2019-07-30T10:39:01","guid":{"rendered":"https:\/\/staging.mimsafe.com\/?post_type=product&#038;p=1432"},"modified":"2026-01-20T14:16:49","modified_gmt":"2026-01-20T14:16:49","slug":"multicage-on-top","status":"publish","type":"product","link":"https:\/\/mimsafe.com\/fi\/product\/multicage-on-top\/","title":{"rendered":"MultiCage On top"},"content":{"rendered":"<p><strong data-start=\"23\" data-end=\"32\">HUOM:<\/strong> Jos nelj\u00e4 MultiCage-h\u00e4kki\u00e4 asennetaan yhteen (2\u00d72), riitt\u00e4\u00e4 yksi OnTop-sarja ja kaksi SideBySide-kiinnitysty\u00f6kalusarjaa.<\/p>\n","protected":false},"excerpt":{"rendered":"<h4>Kiinnitysty\u00f6kalu MultiCageen<br \/>\nTuotenumero 58101<\/h4>\n<p>Toimitetaan nelj\u00e4n kiinnitysty\u00f6kalun sarjana, ja sit\u00e4 voidaan k\u00e4ytt\u00e4\u00e4 kiinnitt\u00e4m\u00e4\u00e4n kaksi saman mallista ja kokoista MultiCage-h\u00e4kki\u00e4 p\u00e4\u00e4llekk\u00e4in. T\u00e4m\u00e4 tuote sopii yht\u00e4 hyvin yksitt\u00e4isiin kuin kaksoish\u00e4kkeihin.<\/p>\n","protected":false},"featured_media":66262,"template":"","meta":{"_acf_changed":false},"reservdelskompatibilitet":[],"product_brand":[],"product_cat":[21,29,32],"product_tag":[],"class_list":{"0":"post-1432","1":"product","2":"type-product","3":"status-publish","4":"has-post-thumbnail","6":"product_cat-hundbur","7":"product_cat-hundbur-for-yrkestransport","8":"product_cat-tillbehor-for-multicage","9":"product_shipping_class-accessories","11":"first","12":"instock","13":"taxable","14":"shipping-taxable","15":"purchasable","16":"product-type-simple"},"acf":[],"_links":{"self":[{"href":"https:\/\/mimsafe.com\/fi\/wp-json\/wp\/v2\/product\/1432","targetHints":{"allow":["GET"]}}],"collection":[{"href":"https:\/\/mimsafe.com\/fi\/wp-json\/wp\/v2\/product"}],"about":[{"href":"https:\/\/mimsafe.com\/fi\/wp-json\/wp\/v2\/types\/product"}],"wp:featuredmedia":[{"embeddable":true,"href":"https:\/\/mimsafe.com\/fi\/wp-json\/wp\/v2\/media\/66262"}],"wp:attachment":[{"href":"https:\/\/mimsafe.com\/fi\/wp-json\/wp\/v2\/media?parent=1432"}],"wp:term":[{"taxonomy":"reservdelskompatibilitet","embeddable":true,"href":"https:\/\/mimsafe.com\/fi\/wp-json\/wp\/v2\/reservdelskompatibilitet?post=1432"},{"taxonomy":"product_brand","embeddable":true,"href":"https:\/\/mimsafe.com\/fi\/wp-json\/wp\/v2\/product_brand?post=1432"},{"taxonomy":"product_cat","embeddable":true,"href":"https:\/\/mimsafe.com\/fi\/wp-json\/wp\/v2\/product_cat?post=1432"},{"taxonomy":"product_tag","embeddable":true,"href":"https:\/\/mimsafe.com\/fi\/wp-json\/wp\/v2\/product_tag?post=1432"}],"curies":[{"name":"wp","href":"https:\/\/api.w.org\/{rel}","templated":true}]}}