{"id":68517,"date":"2025-03-25T08:09:55","date_gmt":"2025-03-25T08:09:55","guid":{"rendered":"https:\/\/mimsafe.com\/fi\/?page_id=68517"},"modified":"2025-09-12T11:04:44","modified_gmt":"2025-09-12T11:04:44","slug":"accessories","status":"publish","type":"page","link":"https:\/\/mimsafe.com\/fi\/accessories\/","title":{"rendered":"Accessories"},"content":{"rendered":"[vc_row type=&#8221;full_width_background&#8221; full_screen_row_position=&#8221;middle&#8221; column_margin=&#8221;default&#8221; column_direction=&#8221;default&#8221; column_direction_tablet=&#8221;default&#8221; column_direction_phone=&#8221;default&#8221; bg_color=&#8221;#ffffff&#8221; scene_position=&#8221;center&#8221; top_padding=&#8221;6%&#8221; bottom_padding=&#8221;6%&#8221; text_color=&#8221;dark&#8221; text_align=&#8221;left&#8221; row_border_radius=&#8221;none&#8221; row_border_radius_applies=&#8221;bg&#8221; overflow=&#8221;visible&#8221; overlay_strength=&#8221;0.3&#8243; gradient_direction=&#8221;left_to_right&#8221; shape_divider_position=&#8221;bottom&#8221; bg_image_animation=&#8221;none&#8221; shape_type=&#8221;&#8221;][vc_column column_padding=&#8221;no-extra-padding&#8221; column_padding_tablet=&#8221;inherit&#8221; column_padding_phone=&#8221;inherit&#8221; column_padding_position=&#8221;all&#8221; column_element_direction_desktop=&#8221;default&#8221; column_element_spacing=&#8221;default&#8221; desktop_text_alignment=&#8221;default&#8221; tablet_text_alignment=&#8221;default&#8221; phone_text_alignment=&#8221;default&#8221; background_color_opacity=&#8221;1&#8243; background_hover_color_opacity=&#8221;1&#8243; column_backdrop_filter=&#8221;none&#8221; column_shadow=&#8221;none&#8221; column_border_radius=&#8221;none&#8221; column_link_target=&#8221;_self&#8221; column_position=&#8221;default&#8221; gradient_direction=&#8221;left_to_right&#8221; overlay_strength=&#8221;0.3&#8243; width=&#8221;1\/1&#8243; tablet_width_inherit=&#8221;default&#8221; animation_type=&#8221;default&#8221; bg_image_animation=&#8221;none&#8221; border_type=&#8221;simple&#8221; column_border_width=&#8221;none&#8221; column_border_style=&#8221;solid&#8221;][vc_column_text css=&#8221;&#8221; text_direction=&#8221;default&#8221;]\n<h1 style=\"text-align: center;\">Lis\u00e4varusteet koirallesi ja koirankuljetusboksiisi<\/h1>\n[\/vc_column_text][tabbed_section style=&#8221;material&#8221; tab_change_animation=&#8221;fade&#8221; alignment=&#8221;center&#8221; spacing=&#8221;side-45px&#8221; tab_color=&#8221;Accent-Color&#8221; vs_content_animation=&#8221;fade&#8221; vs_link_animation=&#8221;opacity&#8221; vs_navigation_alignment=&#8221;left&#8221; vs_navigation_width_2=&#8221;25%&#8221; vs_navigation_func=&#8221;default&#8221; vs_navigation_width=&#8221;regular&#8221; vs_navigation_spacing=&#8221;15px&#8221; vs_navigation_mobile_display=&#8221;visible&#8221; vs_tab_spacing=&#8221;5%&#8221; full_width_line=&#8221;true&#8221; icon_size=&#8221;24&#8243;][tab icon_family=&#8221;iconsmind&#8221; title=&#8221;Kaikki lis\u00e4varusteet&#8221; id=&#8221;1757674808542-10&#8243; icon_iconsmind=&#8221;iconsmind-Car-3&#8243; tab_id=&#8221;1757674808543-8&#8243;][nectar_woo_products product_type=&#8221;all&#8221; category=&#8221;tillbehor&#8221; columns=&#8221;4&#8243; flickity_mobile_column_width=&#8221;100%&#8221; orderby=&#8221;date&#8221; order=&#8221;DESC&#8221; per_page=&#8221;16&#8243;][\/tab][tab icon_family=&#8221;iconsmind&#8221; title=&#8221;Matkusta turvallisesti&#8221; id=&#8221;1757674808636-10&#8243; icon_iconsmind=&#8221;iconsmind-Sheriff-Badge&#8221; tab_id=&#8221;1757674808637-7&#8243;][nectar_woo_products product_type=&#8221;best_selling&#8221; category=&#8221;fardsakerhet-tillbehor&#8221; columns=&#8221;4&#8243; flickity_mobile_column_width=&#8221;100%&#8221; orderby=&#8221;date&#8221; order=&#8221;DESC&#8221; per_page=&#8221;8&#8243;][\/tab][tab icon_family=&#8221;iconsmind&#8221; title=&#8221;Matkusta mukavasti&#8221; id=&#8221;1757674808666-7&#8243; icon_iconsmind=&#8221;iconsmind-Paw&#8221; tab_id=&#8221;1757674808666-1&#8243;][nectar_woo_products product_type=&#8221;all&#8221; category=&#8221;fardkomfort&#8221; columns=&#8221;4&#8243; flickity_mobile_column_width=&#8221;100%&#8221; orderby=&#8221;date&#8221; order=&#8221;DESC&#8221; per_page=&#8221;8&#8243;][\/tab][tab icon_family=&#8221;iconsmind&#8221; title=&#8221;Sy\u00f6 ja juo&#8221; id=&#8221;1757674808692-9&#8243; tab_id=&#8221;1757674808693-0&#8243; icon_iconsmind=&#8221;iconsmind-Dog&#8221;][nectar_woo_products product_type=&#8221;all&#8221; category=&#8221;mattillbehor&#8221; columns=&#8221;4&#8243; flickity_mobile_column_width=&#8221;100%&#8221; orderby=&#8221;date&#8221; order=&#8221;DESC&#8221;][\/tab][tab icon_family=&#8221;iconsmind&#8221; title=&#8221;K\u00e4yt\u00e4nn\u00f6lliset tarvikkeet&#8221; id=&#8221;1757674808723-8&#8243; tab_id=&#8221;1757674808724-4&#8243; icon_iconsmind=&#8221;iconsmind-Thumb&#8221;][nectar_woo_products product_type=&#8221;all&#8221; category=&#8221;praktiska-tillbehor&#8221; columns=&#8221;4&#8243; flickity_mobile_column_width=&#8221;100%&#8221; orderby=&#8221;date&#8221; order=&#8221;DESC&#8221;][\/tab][\/tabbed_section][\/vc_column][\/vc_row]\n","protected":false},"excerpt":{"rendered":"<p>[vc_row type=&#8221;full_width_background&#8221; full_screen_row_position=&#8221;middle&#8221; column_margin=&#8221;default&#8221; column_direction=&#8221;default&#8221; column_direction_tablet=&#8221;default&#8221; column_direction_phone=&#8221;default&#8221; bg_color=&#8221;#ffffff&#8221; scene_position=&#8221;center&#8221; top_padding=&#8221;6%&#8221; bottom_padding=&#8221;6%&#8221; text_color=&#8221;dark&#8221; text_align=&#8221;left&#8221; row_border_radius=&#8221;none&#8221; row_border_radius_applies=&#8221;bg&#8221; overflow=&#8221;visible&#8221; overlay_strength=&#8221;0.3&#8243; gradient_direction=&#8221;left_to_right&#8221; shape_divider_position=&#8221;bottom&#8221; bg_image_animation=&#8221;none&#8221; shape_type=&#8221;&#8221;][vc_column column_padding=&#8221;no-extra-padding&#8221; column_padding_tablet=&#8221;inherit&#8221; column_padding_phone=&#8221;inherit&#8221; column_padding_position=&#8221;all&#8221; column_element_direction_desktop=&#8221;default&#8221; column_element_spacing=&#8221;default&#8221; desktop_text_alignment=&#8221;default&#8221; tablet_text_alignment=&#8221;default&#8221; phone_text_alignment=&#8221;default&#8221;&#8230;<\/p>\n","protected":false},"author":1,"featured_media":0,"parent":0,"menu_order":0,"comment_status":"closed","ping_status":"closed","template":"","meta":{"_acf_changed":false,"footnotes":""},"class_list":["post-68517","page","type-page","status-publish"],"acf":[],"_links":{"self":[{"href":"https:\/\/mimsafe.com\/fi\/wp-json\/wp\/v2\/pages\/68517","targetHints":{"allow":["GET"]}}],"collection":[{"href":"https:\/\/mimsafe.com\/fi\/wp-json\/wp\/v2\/pages"}],"about":[{"href":"https:\/\/mimsafe.com\/fi\/wp-json\/wp\/v2\/types\/page"}],"author":[{"embeddable":true,"href":"https:\/\/mimsafe.com\/fi\/wp-json\/wp\/v2\/users\/1"}],"replies":[{"embeddable":true,"href":"https:\/\/mimsafe.com\/fi\/wp-json\/wp\/v2\/comments?post=68517"}],"version-history":[{"count":15,"href":"https:\/\/mimsafe.com\/fi\/wp-json\/wp\/v2\/pages\/68517\/revisions"}],"predecessor-version":[{"id":69832,"href":"https:\/\/mimsafe.com\/fi\/wp-json\/wp\/v2\/pages\/68517\/revisions\/69832"}],"wp:attachment":[{"href":"https:\/\/mimsafe.com\/fi\/wp-json\/wp\/v2\/media?parent=68517"}],"curies":[{"name":"wp","href":"https:\/\/api.w.org\/{rel}","templated":true}]}}