{"id":67009,"date":"2024-08-12T11:34:18","date_gmt":"2024-08-12T11:34:18","guid":{"rendered":"https:\/\/mimsafe.com\/fi\/?page_id=67009"},"modified":"2025-09-03T13:21:11","modified_gmt":"2025-09-03T13:21:11","slug":"villkor","status":"publish","type":"page","link":"https:\/\/mimsafe.com\/fi\/villkor\/","title":{"rendered":"Ehdot"},"content":{"rendered":"[vc_row type=&#8221;full_width_content&#8221; full_screen_row_position=&#8221;middle&#8221; column_margin=&#8221;default&#8221; equal_height=&#8221;yes&#8221; content_placement=&#8221;top&#8221; column_direction=&#8221;default&#8221; column_direction_tablet=&#8221;default&#8221; column_direction_phone=&#8221;default&#8221; scene_position=&#8221;center&#8221; text_color=&#8221;dark&#8221; text_align=&#8221;left&#8221; row_border_radius=&#8221;none&#8221; row_border_radius_applies=&#8221;bg&#8221; overflow=&#8221;visible&#8221; overlay_strength=&#8221;0.3&#8243; gradient_direction=&#8221;left_to_right&#8221; shape_divider_position=&#8221;bottom&#8221; bg_image_animation=&#8221;none&#8221; shape_type=&#8221;&#8221;][vc_column column_padding=&#8221;padding-10-percent&#8221; column_padding_tablet=&#8221;inherit&#8221; column_padding_phone=&#8221;inherit&#8221; column_padding_position=&#8221;all&#8221; column_element_direction_desktop=&#8221;default&#8221; column_element_spacing=&#8221;default&#8221; centered_text=&#8221;true&#8221; desktop_text_alignment=&#8221;default&#8221; tablet_text_alignment=&#8221;default&#8221; phone_text_alignment=&#8221;default&#8221; background_color=&#8221;#f7f7f7&#8243; background_color_opacity=&#8221;1&#8243; background_hover_color_opacity=&#8221;1&#8243; column_backdrop_filter=&#8221;none&#8221; column_shadow=&#8221;none&#8221; column_border_radius=&#8221;none&#8221; column_link_target=&#8221;_self&#8221; column_position=&#8221;default&#8221; gradient_direction=&#8221;left_to_right&#8221; overlay_strength=&#8221;0.3&#8243; width=&#8221;1\/2&#8243; tablet_width_inherit=&#8221;default&#8221; animation_type=&#8221;default&#8221; bg_image_animation=&#8221;none&#8221; border_type=&#8221;simple&#8221; column_border_width=&#8221;none&#8221; column_border_style=&#8221;solid&#8221;][nectar_icon icon_family=&#8221;iconsmind&#8221; icon_style=&#8221;border-animation&#8221; icon_border_thickness=&#8221;2px&#8221; icon_color_type=&#8221;color_scheme&#8221; icon_color=&#8221;extra-color-gradient-1&#8243; icon_padding=&#8221;25px&#8221; pointer_events=&#8221;all&#8221; icon_iconsmind=&#8221;iconsmind-Building&#8221; margin_bottom=&#8221;15&#8243; icon_size=&#8221;40&#8243; url=&#8221;#&#8221;][divider line_type=&#8221;No Line&#8221; custom_height=&#8221;10&#8243;][vc_column_text css=&#8221;&#8221; max_width=&#8221;315&#8243; text_direction=&#8221;default&#8221;]\n<h2>Yritykset ja organisaatiot<\/h2>\n[\/vc_column_text][divider line_type=&#8221;No Line&#8221; custom_height=&#8221;5&#8243;][vc_column_text css=&#8221;.vc_custom_1756901046125{margin-bottom: 40px !important;}&#8221; max_width=&#8221;350&#8243; text_direction=&#8221;default&#8221;]<strong>Soveltuvuus<\/strong><\/p>\n<p>N\u00e4m\u00e4 myyntiehdot ovat voimassa tapauksissa, joissa MIM Construction AB:n ja ostajan (yritys tai organisaatio) v\u00e4lill\u00e4 ei ole tehty kirjallista suoraa sopimusta, tai jos ruotsalainen tai muu sovellettava laki ei m\u00e4\u00e4r\u00e4\u00e4 ehtoja, jotka ovat ristiriidassa n\u00e4iden kanssa.[\/vc_column_text][divider line_type=&#8221;No Line&#8221; custom_height=&#8221;10&#8243;][vc_column_text css=&#8221;.vc_custom_1756904132797{margin-bottom: 40px !important;}&#8221; max_width=&#8221;350&#8243; text_direction=&#8221;default&#8221;]<strong>Tilaus<\/strong><\/p>\n<p>Tilauksen tekij\u00e4n on oltava v\u00e4hint\u00e4\u00e4n 18-vuotias. Alle 18-vuotiaan tilaajan on hankittava huoltajan suostumus ennen ostoksen suorittamista. Toisen henkil\u00f6n nimiss\u00e4 tehty tilaus ilman t\u00e4m\u00e4n suostumusta tai muutoin, mik\u00e4 aiheuttaa MIM:lle taloudellista vahinkoa, ilmoitetaan poliisille.<br data-start=\"292\" data-end=\"295\" \/>MIM Construction AB pid\u00e4tt\u00e4\u00e4 itsell\u00e4\u00e4n oikeuden painovirheisiin, virheisiin tiedoissa sek\u00e4 virheisiin tuotespesifikaatioissa kaikissa MIM:n valikoimaan kuuluvissa tuotteissa ja palveluissa. Kaikki kuvamateriaali on tarkoitettu havainnollistukseksi, eik\u00e4 sen voida taata kuvaavan tuotteen tarkkaa ulkon\u00e4k\u00f6\u00e4 tai ominaisuuksia.[\/vc_column_text][divider line_type=&#8221;No Line&#8221; custom_height=&#8221;10&#8243;][vc_column_text css=&#8221;.vc_custom_1756904182879{margin-bottom: 40px !important;}&#8221; max_width=&#8221;350&#8243; text_direction=&#8221;default&#8221;]<strong>Maksu\/Hinnat<\/strong><\/p>\n<p>Kaikkiin hintoihin lis\u00e4t\u00e4\u00e4n arvonlis\u00e4vero ja toimituskulut. Osakeyhti\u00f6t ja organisaatiot laskutetaan 30 p\u00e4iv\u00e4n nettoehdoin hyv\u00e4ksytyn luottotarkastuksen j\u00e4lkeen. Muissa yritysmuodoissa toimitus tapahtuu ennakkomaksulla tai suoritettuna suoraan. My\u00f6h\u00e4styneest\u00e4 maksusta perit\u00e4\u00e4n viiv\u00e4styskorkoa 8 % kuukaudessa er\u00e4p\u00e4iv\u00e4st\u00e4 l\u00e4htien.<br data-start=\"344\" data-end=\"347\" \/>MIM Construction AB pid\u00e4tt\u00e4\u00e4 oikeuden mahdollisiin hinnanmuutoksiin, virheellisiin hintoihin ja loppuunmyynteihin.<br data-start=\"461\" data-end=\"464\" \/>Jos tuotteen hinta on ilmiselv\u00e4sti virheellinen, MIM voi olla pakotettu peruuttamaan kaupan ja palauttamaan mahdolliset maksetut summat parhaalla mahdollisella tavalla. T\u00e4m\u00e4 voidaan tehd\u00e4 milloin tahansa kaupan aikana, kun virhe havaitaan. Virheen syy ilmoitetaan selke\u00e4sti asiakkaalle kaupan peruuttamisen yhteydess\u00e4.[\/vc_column_text][divider line_type=&#8221;No Line&#8221; custom_height=&#8221;10&#8243;][vc_column_text css=&#8221;.vc_custom_1756904220372{margin-bottom: 40px !important;}&#8221; max_width=&#8221;350&#8243; text_direction=&#8221;default&#8221;]<strong>Toimitusaika &amp; tilauksen peruutus<\/strong><\/p>\n<p>Jos asiakas katsoo, ett\u00e4 toimitus viiv\u00e4styy siten, ett\u00e4 h\u00e4n ei en\u00e4\u00e4 halua vastaanottaa tilausta, on asiakkaan vastuulla peruuttaa tilaus MIM:n myyntiehtojen mukaisesti.<br data-start=\"203\" data-end=\"206\" \/>Tilauksen peruuttaminen sen j\u00e4lkeen, kun tilaus on k\u00e4sitelty, ei ole mahdollista. Jos tilaus on jo k\u00e4sitelty, asiakkaan on vastaanotettava l\u00e4hetys. Ei-varastotuotteen, joka on hankittu erityisesti asiakkaalle, peruuttaminen ei ole mahdollista. Peruutus ei ole voimassa, ennen kuin asiakas on saanut vahvistuksen MIM:lt\u00e4 joko s\u00e4hk\u00f6postitse tai faksilla.[\/vc_column_text][divider line_type=&#8221;No Line&#8221; custom_height=&#8221;10&#8243;][vc_column_text css=&#8221;.vc_custom_1756904263351{margin-bottom: 40px !important;}&#8221; max_width=&#8221;350&#8243; text_direction=&#8221;default&#8221;]<strong>Omistusoikeuden pid\u00e4tys<\/strong><\/p>\n<p>Kaikki tavarat pysyv\u00e4t MIM:n omaisuutena, kunnes koko maksu on suoritettu.[\/vc_column_text][divider line_type=&#8221;No Line&#8221; custom_height=&#8221;10&#8243;][vc_column_text css=&#8221;.vc_custom_1756904301412{margin-bottom: 40px !important;}&#8221; max_width=&#8221;350&#8243; text_direction=&#8221;default&#8221;]<strong>Vastuu virheist\u00e4<\/strong><\/p>\n<p>MIM:n vastuu tuotteen virheist\u00e4 rajoittuu n\u00e4ihin myyntiehtoihin. MIM ei ole vastuussa suorista tai ep\u00e4suorista vahingoista, kuten esimerkiksi, mutta ei rajoittuen, yhteensopimattomuuteen, toimitusviiveisiin, lis\u00e4ty\u00f6h\u00f6n tai muuhun taloudelliseen vahinkoon.[\/vc_column_text][divider line_type=&#8221;No Line&#8221; custom_height=&#8221;10&#8243;][vc_column_text css=&#8221;.vc_custom_1756904332502{margin-bottom: 40px !important;}&#8221; max_width=&#8221;350&#8243; text_direction=&#8221;default&#8221;]<strong>Takuu<\/strong><\/p>\n<p>Kaikki valikoimamme tuotteet kuuluvat v\u00e4hint\u00e4\u00e4n kolmen vuoden takuuseen, ellei toisin mainita, lukuun ottamatta kulutustarvikkeita.[\/vc_column_text][divider line_type=&#8221;No Line&#8221; custom_height=&#8221;10&#8243;][vc_column_text css=&#8221;.vc_custom_1756904393753{margin-bottom: 40px !important;}&#8221; max_width=&#8221;350&#8243; text_direction=&#8221;default&#8221;]<strong>Valitus<\/strong><\/p>\n<p>On suositeltavaa tarkastaa kaikki tavarat saapumisen yhteydess\u00e4 varmistaakseen, ett\u00e4 tuote on virheet\u00f6n ja oikeat tuotteet on toimitettu.<br data-start=\"146\" data-end=\"149\" \/>Valituksen yhteydess\u00e4 asiakkaan tulee ottaa yhteytt\u00e4 MIM:iin s\u00e4hk\u00f6postitse osoitteeseen <a class=\"decorated-link cursor-pointer\" href=\"mailto:info@mimsafe.com\" rel=\"noopener\" data-start=\"237\" data-end=\"253\">info@mimsafe.com<\/a>.<br data-start=\"254\" data-end=\"257\" \/>S\u00e4hk\u00f6postiin tulee liitt\u00e4\u00e4 tuotteen tiedot, virheen kuvaus, mahdolliset virheilmoitukset, nimi, puhelinnumero ja laskun numero.<br data-start=\"384\" data-end=\"387\" \/>Vialliset tuotteet, jotka palautetaan MIM:ille, k\u00e4sitell\u00e4\u00e4n kuin ne olisivat virheett\u00f6mi\u00e4. Kaikkien palautusten yhteydess\u00e4 on eritt\u00e4in t\u00e4rke\u00e4\u00e4 pakata tuote siten, ettei se vahingoitu. Asiakas maksaa kuljetuskustannukset MIM:ille, ja voimassa olevissa palautustapauksissa MIM maksaa palautuskuljetuksen. MIM pid\u00e4tt\u00e4\u00e4 oikeuden korvata viallinen tuote vastaavalla, mik\u00e4li identtist\u00e4 tuotetta ei ole saatavilla.[\/vc_column_text][divider line_type=&#8221;No Line&#8221; custom_height=&#8221;10&#8243;][vc_column_text css=&#8221;.vc_custom_1756904449537{margin-bottom: 40px !important;}&#8221; max_width=&#8221;350&#8243; text_direction=&#8221;default&#8221;]<strong>Palautus<\/strong><\/p>\n<p>Sovellamme palautuksia yrityksille. T\u00e4m\u00e4 tarkoittaa, ett\u00e4 MIM Construction AB hyv\u00e4ksyy palautuksen 14 p\u00e4iv\u00e4n kuluessa tuotteesta, jota MIM pit\u00e4\u00e4 varastossa ja jonka alkuper\u00e4ist\u00e4 pakkauksesta ei ole avattu tai muuten vahingoitettu. Tuotteita, joiden alkuper\u00e4inen pakkaus on tuhoutunut, osia puuttuu ja\/tai tuote on k\u00e4ytetty, ei palauteta. MIM pid\u00e4tt\u00e4\u00e4 oikeuden hyvitt\u00e4\u00e4 tuotteen laskutetun hinnan mukaisesti.[\/vc_column_text][divider line_type=&#8221;No Line&#8221; custom_height=&#8221;10&#8243;][vc_column_text css=&#8221;.vc_custom_1756904536130{margin-bottom: 40px !important;}&#8221; max_width=&#8221;350&#8243; text_direction=&#8221;default&#8221;]<strong>Noutamaton l\u00e4hetys<\/strong><\/p>\n<p>Jos l\u00e4hetys j\u00e4tet\u00e4\u00e4n noutamatta ja paketti palautuu MIM:ille, perit\u00e4\u00e4n 250 SEK:n maksu ilman arvonlis\u00e4veroa kattamaan MIM:n kuljetus- ja muut hallinnolliset kustannukset.[\/vc_column_text][divider line_type=&#8221;No Line&#8221; custom_height=&#8221;10&#8243;][vc_column_text css=&#8221;.vc_custom_1756904996600{margin-bottom: 40px !important;}&#8221; max_width=&#8221;350&#8243; text_direction=&#8221;default&#8221;]<strong>Kuljetuksessa vahingoittunut tavara<\/strong><\/p>\n<p>Jos MIM:n tuote vahingoittuu kuljetuksen aikana, olipa vahinko n\u00e4kyv\u00e4 tai piilev\u00e4, siit\u00e4 on ilmoitettava v\u00e4litt\u00f6m\u00e4sti kuljetusyritykselle, kuitenkin viimeist\u00e4\u00e4n 7 p\u00e4iv\u00e4n kuluessa.[\/vc_column_text][divider line_type=&#8221;No Line&#8221; custom_height=&#8221;10&#8243;][vc_column_text css=&#8221;.vc_custom_1756905030027{margin-bottom: 40px !important;}&#8221; max_width=&#8221;350&#8243; text_direction=&#8221;default&#8221;]<strong>Force Majeure<\/strong><\/p>\n<p>Sodan, luonnonkatastrofin, ty\u00f6markkinoiden toimenpiteiden, viranomaisp\u00e4\u00e4t\u00f6sten, alihankkijoiden toimitusten viiv\u00e4stymisen, kustannuksia kasvattavien olosuhteiden sek\u00e4 muiden vastaavien hallitsemattomien ja kohtuudella ennakoimattomien tapahtumien sattuessa, jotka vaikuttavat MIM:n tekemiin sopimuksiin ja sitoumuksiin, ja est\u00e4v\u00e4t MIM:i\u00e4 noudattamasta kyseisi\u00e4 sopimuksia, t\u00e4llaiset olosuhteet oikeuttavat MIM:n vapautumisen velvollisuudestaan t\u00e4ytt\u00e4\u00e4 kyseiset sopimukset.[\/vc_column_text][divider line_type=&#8221;No Line&#8221; custom_height=&#8221;10&#8243;][vc_column_text css=&#8221;.vc_custom_1756905061239{margin-bottom: 40px !important;}&#8221; max_width=&#8221;350&#8243; text_direction=&#8221;default&#8221;]<strong>Muut<\/strong><\/p>\n<p>MIM pid\u00e4tt\u00e4\u00e4 oikeuden muuttaa kaikkea tietoa, mukaan lukien, mutta ei rajoittuen, hintoja, teknisi\u00e4 spesifikaatioita ja tuoteuutuuksia ilman ennakkoilmoitusta.<br data-start=\"165\" data-end=\"168\" \/>Mahdollisen loppuunmyynnin, kyseisen hintatason vuoksi tai tuotteen poistumisen seurauksena, MIM:ll\u00e4 on oikeus peruuttaa kauppa ja palauttaa mahdolliset maksetut summat parhaalla mahdollisella tavalla. MIM ilmoittaa my\u00f6s asiakkaalle, jos korvaava tai vastaava tuote on saatavilla.[\/vc_column_text][\/vc_column][vc_column column_padding=&#8221;padding-10-percent&#8221; column_padding_tablet=&#8221;inherit&#8221; column_padding_phone=&#8221;inherit&#8221; column_padding_position=&#8221;all&#8221; column_element_direction_desktop=&#8221;default&#8221; column_element_spacing=&#8221;default&#8221; centered_text=&#8221;true&#8221; desktop_text_alignment=&#8221;default&#8221; tablet_text_alignment=&#8221;default&#8221; phone_text_alignment=&#8221;default&#8221; background_color=&#8221;#ffffff&#8221; background_color_opacity=&#8221;1&#8243; background_hover_color_opacity=&#8221;1&#8243; column_backdrop_filter=&#8221;none&#8221; column_shadow=&#8221;none&#8221; column_border_radius=&#8221;none&#8221; column_link_target=&#8221;_self&#8221; column_position=&#8221;default&#8221; gradient_direction=&#8221;left_to_right&#8221; overlay_strength=&#8221;0.3&#8243; width=&#8221;1\/2&#8243; tablet_width_inherit=&#8221;default&#8221; animation_type=&#8221;default&#8221; bg_image_animation=&#8221;none&#8221; border_type=&#8221;simple&#8221; column_border_width=&#8221;none&#8221; column_border_style=&#8221;solid&#8221;][nectar_icon icon_family=&#8221;iconsmind&#8221; icon_style=&#8221;border-animation&#8221; icon_border_thickness=&#8221;2px&#8221; icon_color_type=&#8221;color_scheme&#8221; icon_color=&#8221;extra-color-gradient-1&#8243; icon_padding=&#8221;25px&#8221; pointer_events=&#8221;all&#8221; icon_iconsmind=&#8221;iconsmind-Home&#8221; margin_bottom=&#8221;15&#8243; icon_size=&#8221;40&#8243; url=&#8221;#&#8221;][divider line_type=&#8221;No Line&#8221; custom_height=&#8221;10&#8243;][vc_column_text css=&#8221;&#8221; max_width=&#8221;315&#8243; text_direction=&#8221;default&#8221;]\n<h2>Yksityisasiakkaat<\/h2>\n[\/vc_column_text][divider line_type=&#8221;No Line&#8221; custom_height=&#8221;5&#8243;][vc_column_text css=&#8221;.vc_custom_1756905133289{margin-bottom: 40px !important;}&#8221; max_width=&#8221;350&#8243; text_direction=&#8221;default&#8221;]<strong>Soveltuvuus<\/strong><\/p>\n<p>N\u00e4m\u00e4 myyntiehdot ovat voimassa tapauksissa, joissa ruotsalainen tai muu sovellettava laki ei m\u00e4\u00e4r\u00e4\u00e4 ehtoja, jotka ovat ristiriidassa n\u00e4iden kanssa. Yksityisasiakkaille sovelletaan kuluttajakauppalakia sek\u00e4 et\u00e4sopimuslakia.[\/vc_column_text][divider line_type=&#8221;No Line&#8221; custom_height=&#8221;10&#8243;][vc_column_text css=&#8221;.vc_custom_1756905171653{margin-bottom: 40px !important;}&#8221; max_width=&#8221;350&#8243; text_direction=&#8221;default&#8221;]<strong>Tilaus<\/strong><\/p>\n<p>Tapauksissa, joissa tilaaja on alle 18-vuotias, on hankittava huoltajan suostumus ennen ostoksen suorittamista. Luotolla teht\u00e4viss\u00e4 tilauksissa suoritetaan tavanomainen luottotarkastus, ja tilaajan on oltava v\u00e4hint\u00e4\u00e4n 18-vuotias. Toisen henkil\u00f6n nimiss\u00e4 tehty tilaus ilman t\u00e4m\u00e4n suostumusta tai muutoin, mik\u00e4 aiheuttaa MIM:lle taloudellista vahinkoa, ilmoitetaan poliisille. MIM pid\u00e4tt\u00e4\u00e4 itsell\u00e4\u00e4n oikeuden painovirheisiin, virheisiin tiedoissa sek\u00e4 virheisiin tuotespesifikaatioissa kaikissa MIM:n valikoimaan kuuluvissa tuotteissa ja palveluissa. Kaikki kuvamateriaali on tarkoitettu havainnollistukseksi, eik\u00e4 sen voida taata kuvaavan tuotteen tarkkaa ulkon\u00e4k\u00f6\u00e4 tai ominaisuuksia.[\/vc_column_text][divider line_type=&#8221;No Line&#8221; custom_height=&#8221;10&#8243;][vc_column_text css=&#8221;.vc_custom_1756905210978{margin-bottom: 40px !important;}&#8221; max_width=&#8221;350&#8243; text_direction=&#8221;default&#8221;]<strong>Maksu\/Hinnat<\/strong><\/p>\n<p>Kaikkiin hintoihin lis\u00e4t\u00e4\u00e4n arvonlis\u00e4vero ja toimituskulut. Toimitus tapahtuu ennakkomaksulla tai suoritettuna suoraan.<br data-start=\"133\" data-end=\"136\" \/>My\u00f6h\u00e4styneest\u00e4 maksusta perit\u00e4\u00e4n viiv\u00e4styskorkoa 8 % kuukaudessa er\u00e4p\u00e4iv\u00e4st\u00e4 l\u00e4htien. MIM pid\u00e4tt\u00e4\u00e4 oikeuden mahdollisiin hinnanmuutoksiin, virheellisiin hintoihin ja loppuunmyynteihin.<br data-start=\"320\" data-end=\"323\" \/>Jos tuotteen hinta on ilmiselv\u00e4sti virheellinen, MIM voi olla pakotettu peruuttamaan kaupan ja palauttamaan mahdolliset maksetut summat parhaalla mahdollisella tavalla. T\u00e4m\u00e4 voidaan tehd\u00e4 milloin tahansa kaupan aikana, kun virhe havaitaan. Virheen syy ilmoitetaan selke\u00e4sti asiakkaalle kaupan peruuttamisen yhteydess\u00e4.[\/vc_column_text][divider line_type=&#8221;No Line&#8221; custom_height=&#8221;10&#8243;][vc_column_text css=&#8221;.vc_custom_1756905252424{margin-bottom: 40px !important;}&#8221; max_width=&#8221;350&#8243; text_direction=&#8221;default&#8221;]<strong>Toimitusaika &amp; tilauksen peruutus<\/strong><\/p>\n<p>Jos asiakas katsoo, ett\u00e4 toimitus viiv\u00e4styy siten, ettei h\u00e4n en\u00e4\u00e4 halua vastaanottaa tilaamaansa tuotetta, on asiakkaan vastuulla peruuttaa tilaus MIM:n myyntiehtojen mukaisesti.<br data-start=\"213\" data-end=\"216\" \/>Tilauksen peruuttaminen sen j\u00e4lkeen, kun tilaus on k\u00e4sitelty, ei ole mahdollista. Jos tilaus on jo k\u00e4sitelty, asiakkaan on vastaanotettava l\u00e4hetys. Ei-varastotuotteen, joka on hankittu erityisesti asiakkaalle, peruuttaminen ei ole mahdollista. Peruutus ei ole voimassa, ennen kuin asiakas on saanut vahvistuksen MIM:lt\u00e4 joko s\u00e4hk\u00f6postitse tai faksilla.[\/vc_column_text][divider line_type=&#8221;No Line&#8221; custom_height=&#8221;10&#8243;][vc_column_text css=&#8221;.vc_custom_1756905292535{margin-bottom: 40px !important;}&#8221; max_width=&#8221;350&#8243; text_direction=&#8221;default&#8221;]<strong>Omistusoikeuden pid\u00e4tys<\/strong><\/p>\n<p>Kaikki tavarat pysyv\u00e4t MIM:n omaisuutena, kunnes koko maksu on suoritettu.[\/vc_column_text][divider line_type=&#8221;No Line&#8221; custom_height=&#8221;10&#8243;][vc_column_text css=&#8221;.vc_custom_1756905330746{margin-bottom: 40px !important;}&#8221; max_width=&#8221;350&#8243; text_direction=&#8221;default&#8221;]<strong>Vastuu virheist\u00e4<\/strong><\/p>\n<p>MIM:n vastuu tuotteen virheist\u00e4 rajoittuu n\u00e4ihin myyntiehtoihin. MIM ei ole vastuussa suorista tai ep\u00e4suorista vahingoista, kuten esimerkiksi, mutta ei rajoittuen, yhteensopimattomuuteen, toimitusviiveisiin, lis\u00e4ty\u00f6h\u00f6n tai muuhun taloudelliseen vahinkoon.[\/vc_column_text][divider line_type=&#8221;No Line&#8221; custom_height=&#8221;10&#8243;][vc_column_text css=&#8221;.vc_custom_1756905372490{margin-bottom: 40px !important;}&#8221; max_width=&#8221;350&#8243; text_direction=&#8221;default&#8221;]<strong>Takuu<\/strong><\/p>\n<p>Kaikki valikoimamme tuotteet kuuluvat v\u00e4hint\u00e4\u00e4n yhden vuoden takuuseen, ellei toisin mainita, lukuun ottamatta kulutustarvikkeita. Jos valmistaja tarjoaa pidemm\u00e4n takuuajan kuin yhden vuoden, tuote kuuluu kyseisen takuun piiriin, mutta takuuvaatimukset tulee esitt\u00e4\u00e4 valmistajalle ensimm\u00e4isen vuoden p\u00e4\u00e4ttymisen j\u00e4lkeen. Joissakin tapauksissa takuuvaatimukset tulee esitt\u00e4\u00e4 valmistajalle jo ensimm\u00e4isen vuoden aikana. MIM ei my\u00f6nn\u00e4 muita takuita kuin valmistajan m\u00e4\u00e4rittelem\u00e4t.[\/vc_column_text][divider line_type=&#8221;No Line&#8221; custom_height=&#8221;10&#8243;][vc_column_text css=&#8221;.vc_custom_1756905420085{margin-bottom: 40px !important;}&#8221; max_width=&#8221;350&#8243; text_direction=&#8221;default&#8221;]<strong>Valitus<\/strong><\/p>\n<p>On suositeltavaa tarkastaa kaikki tavarat saapumisen yhteydess\u00e4 varmistaakseen, ett\u00e4 tuote on virheet\u00f6n ja oikeat tuotteet on toimitettu.<br data-start=\"146\" data-end=\"149\" \/>Valituksen yhteydess\u00e4 asiakkaan tulee ottaa yhteytt\u00e4 MIM:iin s\u00e4hk\u00f6postitse osoitteeseen <a class=\"decorated-link cursor-pointer\" href=\"mailto:info@mimsafe.com\" rel=\"noopener\" data-start=\"237\" data-end=\"253\">info@mimsafe.com<\/a>.<br data-start=\"254\" data-end=\"257\" \/>S\u00e4hk\u00f6postiin tulee liitt\u00e4\u00e4 tuotteen tiedot, virheen kuvaus, mahdolliset virheilmoitukset, nimi, puhelinnumero ja laskun numero.<br data-start=\"384\" data-end=\"387\" \/>Vialliset tuotteet, jotka palautetaan MIM:ille, k\u00e4sitell\u00e4\u00e4n kuin ne olisivat virheett\u00f6mi\u00e4. Kaikkien palautusten yhteydess\u00e4 on eritt\u00e4in t\u00e4rke\u00e4\u00e4 pakata tuote siten, ettei se vahingoitu. Asiakas maksaa kuljetuskustannukset MIM:ille, ja voimassa olevissa palautustapauksissa MIM maksaa palautuskuljetuksen. MIM pid\u00e4tt\u00e4\u00e4 oikeuden korvata viallinen tuote vastaavalla, mik\u00e4li identtist\u00e4 tuotetta ei ole saatavilla.[\/vc_column_text][divider line_type=&#8221;No Line&#8221; custom_height=&#8221;10&#8243;][vc_column_text css=&#8221;.vc_custom_1756905464180{margin-bottom: 40px !important;}&#8221; max_width=&#8221;350&#8243; text_direction=&#8221;default&#8221;]<strong>Peruuttamisoikeus<\/strong><\/p>\n<p>Yksityisasiakkaalla on tietyiss\u00e4 tapauksissa oikeus peruuttaa osto 14 p\u00e4iv\u00e4n kuluessa et\u00e4sopimuslain mukaan. Peruuttamisoikeus ei kuitenkaan koske tuotteita, joiden pakkaukset on avattu ja tuotteet asennettu.<br data-start=\"227\" data-end=\"230\" \/>Peruuttamisoikeus koskee lain mukaan vain, jos tuote ja sen alkuper\u00e4inen pakkaus voidaan palauttaa olennaisesti muuttumattomassa kunnossa. Tuotetta ei saa olla k\u00e4ytetty. Jos asiakas haluaa k\u00e4ytt\u00e4\u00e4 peruuttamisoikeuttaan, h\u00e4nen tulee ottaa yhteytt\u00e4 MIM:iin. Palautuskulut maksaa asiakas.[\/vc_column_text][divider line_type=&#8221;No Line&#8221; custom_height=&#8221;10&#8243;][vc_column_text css=&#8221;.vc_custom_1756905514926{margin-bottom: 40px !important;}&#8221; max_width=&#8221;350&#8243; text_direction=&#8221;default&#8221;]<strong>Noutamaton l\u00e4hetys<\/strong><\/p>\n<p>Jos l\u00e4hetys j\u00e4tet\u00e4\u00e4n noutamatta ja paketti palautuu MIM:ille, perit\u00e4\u00e4n 250 SEK:n maksu ilman arvonlis\u00e4veroa kattamaan MIM:n kuljetus- ja muut hallinnolliset kustannukset.[\/vc_column_text][divider line_type=&#8221;No Line&#8221; custom_height=&#8221;10&#8243;][vc_column_text css=&#8221;.vc_custom_1756905559741{margin-bottom: 40px !important;}&#8221; max_width=&#8221;350&#8243; text_direction=&#8221;default&#8221;]<strong>Kuljetuksessa vahingoittunut tavara<\/strong><\/p>\n<p>Jos MIM:n tuote vahingoittuu kuljetuksen aikana, olipa vahinko n\u00e4kyv\u00e4 tai piilev\u00e4, siit\u00e4 on ilmoitettava v\u00e4litt\u00f6m\u00e4sti kuljetusyritykselle, kuitenkin viimeist\u00e4\u00e4n 7 p\u00e4iv\u00e4n kuluessa.[\/vc_column_text][divider line_type=&#8221;No Line&#8221; custom_height=&#8221;10&#8243;][vc_column_text css=&#8221;.vc_custom_1756905597482{margin-bottom: 40px !important;}&#8221; max_width=&#8221;350&#8243; text_direction=&#8221;default&#8221;]<strong>Force Majeure<\/strong><\/p>\n<p>Sodan, luonnonkatastrofin, ty\u00f6markkinatoimien, viranomaisp\u00e4\u00e4t\u00f6sten, alihankkijoiden toimitusten viiv\u00e4stymisen, kustannuksia kasvattavien olosuhteiden sek\u00e4 muiden vastaavien hallitsemattomien ja kohtuudella ennakoimattomien tapahtumien sattuessa, jotka vaikuttavat MIM:n tekemiin sopimuksiin ja sitoumuksiin ja est\u00e4v\u00e4t MIM:i\u00e4 noudattamasta kyseisi\u00e4 sopimuksia, t\u00e4llaiset olosuhteet vapauttavat MIM:n velvollisuudesta t\u00e4ytt\u00e4\u00e4 kyseiset sopimukset.[\/vc_column_text][divider line_type=&#8221;No Line&#8221; custom_height=&#8221;10&#8243;][vc_column_text css=&#8221;.vc_custom_1756905666838{margin-bottom: 40px !important;}&#8221; max_width=&#8221;350&#8243; text_direction=&#8221;default&#8221;]<strong>Muut<\/strong><\/p>\n<p data-start=\"6\" data-end=\"450\">MIM pid\u00e4tt\u00e4\u00e4 oikeuden muuttaa kaikkia tietoja, mukaan lukien, mutta ei rajoittuen, hintoja, teknisi\u00e4 spesifikaatioita ja tuoteuutuuksia ilman ennakkoilmoitusta.<br data-start=\"166\" data-end=\"169\" \/>Mahdollisen loppuunmyynnin, kyseisen hintatason vuoksi tai tuotteen poistumisen seurauksena MIM:ll\u00e4 on oikeus peruuttaa kauppa ja palauttaa mahdolliset maksetut summat parhaalla mahdollisella tavalla. MIM ilmoittaa my\u00f6s asiakkaalle, jos korvaava tai vastaava tuote on saatavilla.<\/p>\n<p data-start=\"452\" data-end=\"712\" data-is-last-node=\"\" data-is-only-node=\"\">Jos MIM:n tuotteita on ostettu jonkin MIM:n j\u00e4lleenmyyj\u00e4n kautta, sovelletaan kuluttajakauppalakia tai j\u00e4lleenmyyj\u00e4n kanssa tehty\u00e4 sopimusta, ja kaikki tapaukset liittyen peruuttamisoikeuteen, palautuksiin, takuihin ym. hoidetaan kyseisen j\u00e4lleenmyyj\u00e4n kautta.<\/p>\n[\/vc_column_text][\/vc_column][\/vc_row]\n","protected":false},"excerpt":{"rendered":"<p>[vc_row type=&#8221;full_width_content&#8221; full_screen_row_position=&#8221;middle&#8221; column_margin=&#8221;default&#8221; equal_height=&#8221;yes&#8221; content_placement=&#8221;top&#8221; column_direction=&#8221;default&#8221; column_direction_tablet=&#8221;default&#8221; column_direction_phone=&#8221;default&#8221; scene_position=&#8221;center&#8221; text_color=&#8221;dark&#8221; text_align=&#8221;left&#8221; row_border_radius=&#8221;none&#8221; row_border_radius_applies=&#8221;bg&#8221; overflow=&#8221;visible&#8221; overlay_strength=&#8221;0.3&#8243; gradient_direction=&#8221;left_to_right&#8221; shape_divider_position=&#8221;bottom&#8221; bg_image_animation=&#8221;none&#8221; shape_type=&#8221;&#8221;][vc_column column_padding=&#8221;padding-10-percent&#8221; column_padding_tablet=&#8221;inherit&#8221; column_padding_phone=&#8221;inherit&#8221; column_padding_position=&#8221;all&#8221; column_element_direction_desktop=&#8221;default&#8221; column_element_spacing=&#8221;default&#8221; centered_text=&#8221;true&#8221; desktop_text_alignment=&#8221;default&#8221; tablet_text_alignment=&#8221;default&#8221; phone_text_alignment=&#8221;default&#8221;&#8230;<\/p>\n","protected":false},"author":1,"featured_media":0,"parent":0,"menu_order":0,"comment_status":"closed","ping_status":"closed","template":"","meta":{"_acf_changed":false,"footnotes":""},"class_list":["post-67009","page","type-page","status-publish"],"acf":[],"_links":{"self":[{"href":"https:\/\/mimsafe.com\/fi\/wp-json\/wp\/v2\/pages\/67009","targetHints":{"allow":["GET"]}}],"collection":[{"href":"https:\/\/mimsafe.com\/fi\/wp-json\/wp\/v2\/pages"}],"about":[{"href":"https:\/\/mimsafe.com\/fi\/wp-json\/wp\/v2\/types\/page"}],"author":[{"embeddable":true,"href":"https:\/\/mimsafe.com\/fi\/wp-json\/wp\/v2\/users\/1"}],"replies":[{"embeddable":true,"href":"https:\/\/mimsafe.com\/fi\/wp-json\/wp\/v2\/comments?post=67009"}],"version-history":[{"count":6,"href":"https:\/\/mimsafe.com\/fi\/wp-json\/wp\/v2\/pages\/67009\/revisions"}],"predecessor-version":[{"id":69770,"href":"https:\/\/mimsafe.com\/fi\/wp-json\/wp\/v2\/pages\/67009\/revisions\/69770"}],"wp:attachment":[{"href":"https:\/\/mimsafe.com\/fi\/wp-json\/wp\/v2\/media?parent=67009"}],"curies":[{"name":"wp","href":"https:\/\/api.w.org\/{rel}","templated":true}]}}