{"id":66168,"date":"2024-07-15T11:35:44","date_gmt":"2024-07-15T09:35:44","guid":{"rendered":"https:\/\/staging.mimsafe.com\/?post_type=product&#038;p=66168"},"modified":"2026-02-03T15:01:12","modified_gmt":"2026-02-03T13:01:12","slug":"allsafe-harness-tether","status":"publish","type":"product","link":"https:\/\/mimsafe.com\/es\/product\/allsafe-harness-tether\/","title":{"rendered":"AllSafe Harness Tether"},"content":{"rendered":"<p>Nuestro arn\u00e9s para perros est\u00e1 homologado por T\u00dcV y ofrece muchas ventajas para tu perro. Es uno de los arneses m\u00e1s seguros del mercado y se puede colocar f\u00e1cilmente utilizando el cintur\u00f3n de seguridad del coche.<\/p>\n<p>Probado en choque seg\u00fan ISO 27955:2010<br \/>\nFunciona en todos los coches.<br \/>\nPermite que el perro se siente y se tumbe c\u00f3modamente.<br \/>\nCorreas ajustables.<br \/>\nFabricado con acolchado suave y nailon resistente.<br \/>\nExcelente ajuste y riesgo m\u00ednimo de rozaduras.<br \/>\nHebillas met\u00e1licas de acero inoxidable.<br \/>\nReflectantes cosidos.<br \/>\nLavable.<\/p>\n","protected":false},"excerpt":{"rendered":"<p><strong>AllSafe Harness Tether<br \/>\nCorrea de extensi\u00f3n para arn\u00e9s de perro<br \/>\nArt.No. 00198<\/strong><\/p>\n<p>Una correa de sujeci\u00f3n adicional: el enganche para el cintur\u00f3n de seguridad que se adapta a todas las tallas del arn\u00e9s AllSafe.<br data-start=\"189\" data-end=\"192\" \/>Es un accesorio extra si, por ejemplo, quieres poder mover al perro f\u00e1cilmente entre dos coches.<br \/>\n[visa_produkter_med_flera_sku skus=\"00098,00099,00100,00101,00198\"]<\/p>\n","protected":false},"featured_media":66183,"template":"","meta":{"_acf_changed":false},"reservdelskompatibilitet":[],"product_brand":[],"product_cat":[42,44,116],"product_tag":[],"class_list":{"0":"post-66168","1":"product","2":"type-product","3":"status-publish","4":"has-post-thumbnail","6":"product_cat-tillbehor","7":"product_cat-fardsakerhet-tillbehor","8":"product_cat-universal","9":"product_shipping_class-accessoriesspareparts","11":"first","12":"instock","13":"taxable","14":"shipping-taxable","15":"purchasable","16":"product-type-simple"},"acf":[],"_links":{"self":[{"href":"https:\/\/mimsafe.com\/es\/wp-json\/wp\/v2\/product\/66168","targetHints":{"allow":["GET"]}}],"collection":[{"href":"https:\/\/mimsafe.com\/es\/wp-json\/wp\/v2\/product"}],"about":[{"href":"https:\/\/mimsafe.com\/es\/wp-json\/wp\/v2\/types\/product"}],"wp:featuredmedia":[{"embeddable":true,"href":"https:\/\/mimsafe.com\/es\/wp-json\/wp\/v2\/media\/66183"}],"wp:attachment":[{"href":"https:\/\/mimsafe.com\/es\/wp-json\/wp\/v2\/media?parent=66168"}],"wp:term":[{"taxonomy":"reservdelskompatibilitet","embeddable":true,"href":"https:\/\/mimsafe.com\/es\/wp-json\/wp\/v2\/reservdelskompatibilitet?post=66168"},{"taxonomy":"product_brand","embeddable":true,"href":"https:\/\/mimsafe.com\/es\/wp-json\/wp\/v2\/product_brand?post=66168"},{"taxonomy":"product_cat","embeddable":true,"href":"https:\/\/mimsafe.com\/es\/wp-json\/wp\/v2\/product_cat?post=66168"},{"taxonomy":"product_tag","embeddable":true,"href":"https:\/\/mimsafe.com\/es\/wp-json\/wp\/v2\/product_tag?post=66168"}],"curies":[{"name":"wp","href":"https:\/\/api.w.org\/{rel}","templated":true}]}}