{"id":66163,"date":"2024-07-15T11:27:35","date_gmt":"2024-07-15T09:27:35","guid":{"rendered":"https:\/\/staging.mimsafe.com\/?post_type=product&#038;p=66163"},"modified":"2026-02-03T15:06:21","modified_gmt":"2026-02-03T13:06:21","slug":"allsafe-harness-s","status":"publish","type":"product","link":"https:\/\/mimsafe.com\/es\/product\/allsafe-harness-s\/","title":{"rendered":"AllSafe Harness S"},"content":{"rendered":"<p>Arn\u00e9s para cintur\u00f3n de seguridad \/\/ Arn\u00e9s de paseo \/\/ Arn\u00e9s de tiro \/\/ Arn\u00e9s de rastreo<br \/>\nProbado en choque seg\u00fan ISO 27955:2010 (ECE-R17)<br \/>\nHomologado por T\u00dcV S\u00fcd<br \/>\nFunciona en todos los coches<br \/>\nPermite que tu perro se siente y se tumbe c\u00f3modamente<br \/>\nCorreas ajustables<br \/>\nUna combinaci\u00f3n de acolchado suave y nailon resistente evita la presi\u00f3n y las rozaduras en el perro<br \/>\nHebillas de acero inoxidable<br \/>\nReflectantes<br \/>\nLavable<\/p>\n","protected":false},"excerpt":{"rendered":"<p><strong>AllSafe Harness S<br \/>\nArt.No. 00098<br \/>\n<\/strong><strong>Adecuado para perros como: beagle, corgi, cocker spaniel; consulta la recomendaci\u00f3n de tallas m\u00e1s abajo.<br \/>\n<\/strong><\/p>\n<p>Nuestro arn\u00e9s para perros est\u00e1 homologado por T\u00dcV y ofrece muchas ventajas para tu perro. Es uno de los arneses m\u00e1s seguros del mercado y se puede colocar f\u00e1cilmente utilizando el cintur\u00f3n de seguridad del coche.<\/p>\n<div>\n<p class=\"Frval\"><span lang=\"EN-US\">Esta es una buena soluci\u00f3n para la mayor\u00eda de los due\u00f1os de perros con un coche tipo sed\u00e1n. El arn\u00e9s AllSafe debe sujetarse al cintur\u00f3n de seguridad del asiento trasero de tu veh\u00edculo. Se recomienda llevar al perro en el asiento trasero para que no distraiga al conductor.<\/span><\/p>\n<\/div>\n[visa_produkter_med_flera_sku skus=\"00098,00099,00100,00101,00198\"]\n","protected":false},"featured_media":66185,"template":"","meta":{"_acf_changed":false},"reservdelskompatibilitet":[],"product_brand":[],"product_cat":[42,44,116],"product_tag":[],"class_list":{"0":"post-66163","1":"product","2":"type-product","3":"status-publish","4":"has-post-thumbnail","6":"product_cat-tillbehor","7":"product_cat-fardsakerhet-tillbehor","8":"product_cat-universal","9":"product_shipping_class-accessoriesspareparts","11":"first","12":"instock","13":"taxable","14":"shipping-taxable","15":"purchasable","16":"product-type-simple"},"acf":[],"_links":{"self":[{"href":"https:\/\/mimsafe.com\/es\/wp-json\/wp\/v2\/product\/66163","targetHints":{"allow":["GET"]}}],"collection":[{"href":"https:\/\/mimsafe.com\/es\/wp-json\/wp\/v2\/product"}],"about":[{"href":"https:\/\/mimsafe.com\/es\/wp-json\/wp\/v2\/types\/product"}],"wp:featuredmedia":[{"embeddable":true,"href":"https:\/\/mimsafe.com\/es\/wp-json\/wp\/v2\/media\/66185"}],"wp:attachment":[{"href":"https:\/\/mimsafe.com\/es\/wp-json\/wp\/v2\/media?parent=66163"}],"wp:term":[{"taxonomy":"reservdelskompatibilitet","embeddable":true,"href":"https:\/\/mimsafe.com\/es\/wp-json\/wp\/v2\/reservdelskompatibilitet?post=66163"},{"taxonomy":"product_brand","embeddable":true,"href":"https:\/\/mimsafe.com\/es\/wp-json\/wp\/v2\/product_brand?post=66163"},{"taxonomy":"product_cat","embeddable":true,"href":"https:\/\/mimsafe.com\/es\/wp-json\/wp\/v2\/product_cat?post=66163"},{"taxonomy":"product_tag","embeddable":true,"href":"https:\/\/mimsafe.com\/es\/wp-json\/wp\/v2\/product_tag?post=66163"}],"curies":[{"name":"wp","href":"https:\/\/api.w.org\/{rel}","templated":true}]}}