{"id":66157,"date":"2024-07-15T09:32:39","date_gmt":"2024-07-15T07:32:39","guid":{"rendered":"https:\/\/staging.mimsafe.com\/?post_type=product&#038;p=66157"},"modified":"2026-02-03T15:22:22","modified_gmt":"2026-02-03T13:22:22","slug":"variodivider-m","status":"publish","type":"product","link":"https:\/\/mimsafe.com\/es\/product\/variodivider-m\/","title":{"rendered":"VarioDivider M"},"content":{"rendered":"<p>Este separador robusto y ajustable evita el desplazamiento lateral de la carga en el maletero. Est\u00e1 dise\u00f1ado para soportar carga y presi\u00f3n desde los lados. En caso de colisi\u00f3n, los separadores VarioGate se comprimen longitudinalmente, neutralizando eficazmente las fuerzas resultantes. Est\u00e1 disponible en dos tama\u00f1os que se diferencian en la profundidad para adaptarse al mayor n\u00famero posible de modelos de coche.<\/p>\n","protected":false},"excerpt":{"rendered":"<h4>VarioDivider M<br \/>\nEl separador divide la carga en el maletero<br \/>\nArt.No.53275<\/h4>\n<p>Ancho: 71 cm<br \/>\nAlto: 40-96 cm<br \/>\nLargo: 78-100 cm<\/p>\n<p><strong>VarioGate Divider es un accesorio para VarioGate y NO se puede usar de forma independiente.<br data-start=\"224\" data-end=\"227\" \/>Ten en cuenta que este nuevo separador NO se puede usar con la generaci\u00f3n anterior de puertas!<\/strong><\/p>\n","protected":false},"featured_media":66195,"template":"","meta":{"_acf_changed":false},"reservdelskompatibilitet":[],"product_brand":[],"product_cat":[37,40],"product_tag":[],"class_list":{"0":"post-66157","1":"product","2":"type-product","3":"status-publish","4":"has-post-thumbnail","6":"product_cat-bagagegrind","7":"product_cat-variodivider","8":"product_shipping_class-dogcages","10":"first","11":"instock","12":"taxable","13":"shipping-taxable","14":"purchasable","15":"product-type-simple"},"acf":[],"_links":{"self":[{"href":"https:\/\/mimsafe.com\/es\/wp-json\/wp\/v2\/product\/66157","targetHints":{"allow":["GET"]}}],"collection":[{"href":"https:\/\/mimsafe.com\/es\/wp-json\/wp\/v2\/product"}],"about":[{"href":"https:\/\/mimsafe.com\/es\/wp-json\/wp\/v2\/types\/product"}],"wp:featuredmedia":[{"embeddable":true,"href":"https:\/\/mimsafe.com\/es\/wp-json\/wp\/v2\/media\/66195"}],"wp:attachment":[{"href":"https:\/\/mimsafe.com\/es\/wp-json\/wp\/v2\/media?parent=66157"}],"wp:term":[{"taxonomy":"reservdelskompatibilitet","embeddable":true,"href":"https:\/\/mimsafe.com\/es\/wp-json\/wp\/v2\/reservdelskompatibilitet?post=66157"},{"taxonomy":"product_brand","embeddable":true,"href":"https:\/\/mimsafe.com\/es\/wp-json\/wp\/v2\/product_brand?post=66157"},{"taxonomy":"product_cat","embeddable":true,"href":"https:\/\/mimsafe.com\/es\/wp-json\/wp\/v2\/product_cat?post=66157"},{"taxonomy":"product_tag","embeddable":true,"href":"https:\/\/mimsafe.com\/es\/wp-json\/wp\/v2\/product_tag?post=66157"}],"curies":[{"name":"wp","href":"https:\/\/api.w.org\/{rel}","templated":true}]}}