{"id":66156,"date":"2024-07-15T09:13:55","date_gmt":"2024-07-15T07:13:55","guid":{"rendered":"https:\/\/staging.mimsafe.com\/?post_type=product&#038;p=66156"},"modified":"2026-02-03T15:23:44","modified_gmt":"2026-02-03T13:23:44","slug":"variogate-extension-wing-r","status":"publish","type":"product","link":"https:\/\/mimsafe.com\/es\/product\/variogate-extension-wing-r\/","title":{"rendered":"VarioGate Extension Wing R"},"content":{"rendered":"<p>Las aletas de extensi\u00f3n MIMsafe VarioGate est\u00e1n dise\u00f1adas para mejorar la versatilidad y la cobertura del sistema VarioGate. Ayudan a maximizar el espacio cerrado en la zona de carga de tu veh\u00edculo, garantizando un ajuste seguro y adaptable para distintos modelos de coche.<\/p>\n<p>Cobertura ampliada: ampl\u00eda el cerramiento para cubrir todo el ancho de tu espacio de carga.<br \/>\nAjuste regulable: se puede adaptar a diferentes tama\u00f1os y configuraciones de veh\u00edculo.<\/p>\n","protected":false},"excerpt":{"rendered":"<h4>VarioGate Extension Wing Derecha<br \/>\nMejora la versatilidad y la cobertura del sistema VarioGate<br \/>\nArt.No. 58306<\/h4>\n","protected":false},"featured_media":66197,"template":"","meta":{"_acf_changed":false},"reservdelskompatibilitet":[],"product_brand":[],"product_cat":[39,37],"product_tag":[],"class_list":{"0":"post-66156","1":"product","2":"type-product","3":"status-publish","4":"has-post-thumbnail","6":"product_cat-extension-wing","7":"product_cat-bagagegrind","8":"product_shipping_class-dogcages","10":"first","11":"instock","12":"taxable","13":"shipping-taxable","14":"purchasable","15":"product-type-simple"},"acf":[],"_links":{"self":[{"href":"https:\/\/mimsafe.com\/es\/wp-json\/wp\/v2\/product\/66156","targetHints":{"allow":["GET"]}}],"collection":[{"href":"https:\/\/mimsafe.com\/es\/wp-json\/wp\/v2\/product"}],"about":[{"href":"https:\/\/mimsafe.com\/es\/wp-json\/wp\/v2\/types\/product"}],"wp:featuredmedia":[{"embeddable":true,"href":"https:\/\/mimsafe.com\/es\/wp-json\/wp\/v2\/media\/66197"}],"wp:attachment":[{"href":"https:\/\/mimsafe.com\/es\/wp-json\/wp\/v2\/media?parent=66156"}],"wp:term":[{"taxonomy":"reservdelskompatibilitet","embeddable":true,"href":"https:\/\/mimsafe.com\/es\/wp-json\/wp\/v2\/reservdelskompatibilitet?post=66156"},{"taxonomy":"product_brand","embeddable":true,"href":"https:\/\/mimsafe.com\/es\/wp-json\/wp\/v2\/product_brand?post=66156"},{"taxonomy":"product_cat","embeddable":true,"href":"https:\/\/mimsafe.com\/es\/wp-json\/wp\/v2\/product_cat?post=66156"},{"taxonomy":"product_tag","embeddable":true,"href":"https:\/\/mimsafe.com\/es\/wp-json\/wp\/v2\/product_tag?post=66156"}],"curies":[{"name":"wp","href":"https:\/\/api.w.org\/{rel}","templated":true}]}}